{"id":83084,"date":"2018-11-16T15:36:41","date_gmt":"2018-11-16T14:36:41","guid":{"rendered":"https:\/\/www.symbiosys.com\/mention-legal\/"},"modified":"2026-03-24T18:21:23","modified_gmt":"2026-03-24T17:21:23","slug":"mention-legal","status":"publish","type":"page","link":"https:\/\/www.inbiotys.com\/cs\/mention-legal\/","title":{"rendered":"V\u0161eobecn\u00e9 obchodn\u00ed podm\u00ednky"},"content":{"rendered":"\r\n<p><strong>V\u0160EOBECN\u00c9 PODM\u00cdNKY POU\u017dIT\u00cd<\/strong><\/p>\r\n\r\n\r\n\r\n<p><strong>1 &#8211; Preambule<\/strong><\/p>\r\n\r\n\r\n\r\n<p>\u00da\u010delem tohoto dokumentu s n\u00e1zvem V\u0161eobecn\u00e9 podm\u00ednky pou\u017eit\u00ed (d\u00e1le jen \u201eVPP\u201c) je stanoven\u00ed z\u00e1sad pro poskytov\u00e1n\u00ed a pou\u017e\u00edv\u00e1n\u00ed obsahu a slu\u017eeb webov\u00fdch str\u00e1nek [www.symbiosys.com] (d\u00e1le jen \u201ewebov\u00e9 str\u00e1nky\u201c) mezi vydavatelem webov\u00fdch str\u00e1nek &#8211; firmou BIOCODEX SAS (d\u00e1le jen \u201evydavatel\u201c) a u\u017eivatelem s\u00edt\u011b Internet (d\u00e1le jen \u201eu\u017eivatel\u201c).<\/p>\r\n<p>P\u0159\u00edstup na webovou str\u00e1nku a jej\u00ed obsah, jako\u017e i vyu\u017e\u00edv\u00e1n\u00ed slu\u017eeb nab\u00edzen\u00fdch webov\u00fdmi str\u00e1nkami, znamen\u00e1, \u017ee u\u017eivatel s t\u011bmito VPP bezv\u00fdhradn\u011b souhlas\u00ed. Vzhledem k tomu, \u017ee tyto VPP mohou b\u00fdt kdykoli a bez p\u0159edchoz\u00edho upozorn\u011bn\u00ed upraveny, vyz\u00fdv\u00e1me u\u017eivatele, aby se s nimi pravideln\u011b seznamovali.<\/p>\r\n\r\n\r\n\r\n<p><strong>2 &#8211; Pr\u00e1vn\u00ed informace<\/strong><\/p>\r\n\r\n\r\n\r\n<p><u>Vydavatel webov\u00fdch str\u00e1nek<\/u><\/p>\r\n<p>&nbsp;<\/p>\r\n<p>Biocodex<br \/>22 rue des Aqueducs <br \/>94250 Gentilly<br \/>Francie<br \/><a href=\"https:\/\/www.symbiosys.com\/cs\/contact\/\">Kontakt na Biocodex<\/a><\/p>\r\n\r\n\r\n\r\n<p>Statut\u00e1rn\u00ed z\u00e1stupce vydavatele: p. Jean-Marie LEFEVRE, p\u0159edseda p\u0159edstavenstva a gener\u00e1ln\u00ed \u0159editel.<\/p>\r\n<p>Biocodex je zjednodu\u0161en\u00e1 akciov\u00e1 spole\u010dnost podle francouzsk\u00e9ho pr\u00e1va s kmenov\u00fdm kapit\u00e1lem ve v\u00fd3i 4 284 000 EUR zapsan\u00e1 v Obchodn\u00edm rejst\u0159\u00edku R.C.S. Cr\u00e9teil pod \u010d. 562 064 600, se s\u00eddlem na adrese 22 rue des Aqueducs &#8211; 94250 Gentilly &#8211; Francie, statut\u00e1rn\u00ed z\u00e1stupce: p. Jean-Marie Lef\u00e8vre s \u0159\u00e1dn\u00fdmi pravomocemi p\u0159edsedy p\u0159edstavenstva a gener\u00e1ln\u00edho \u0159editele.<\/p>\r\n<p>DI\u010c v EU \u010d.: FR35562064600.<\/p>\r\n\r\n\r\n\r\n<p><u>Hosting webov\u00fdch str\u00e1nek<\/u><\/p>\r\n\r\n\r\n\r\n<p>ALTERWAY<br \/>163 Quai du Dr Dervaux<br \/>92600 Asni\u00e8res<br \/>Francie<\/p>\r\n\r\n\r\n\r\n<p><strong>3 &#8211; <\/strong><strong>\u00da\u010del webov\u00fdch str\u00e1nek a p\u0159\u00edstup ke slu\u017eb\u00e1m<\/strong><\/p>\r\n\r\n\r\n\r\n<p>Webov\u00e9 str\u00e1nky byly navr\u017eeny k prezentaci produktu symbiosys.<\/p>\r\n<p><span style=\"font-size: 1rem;\">Tyto webov\u00e9 str\u00e1nky jsou p\u0159\u00edstupn\u00e9 kdekoli a v\u0161em u\u017eivatel\u016fm s p\u0159ipojen\u00edm k s\u00edti Internet. Za ve\u0161ker\u00e9 v\u00fddaje spojen\u00e9 s p\u0159\u00edstupem na webov\u00e9 str\u00e1nky (po\u010d\u00edta\u010dov\u00fd hardware, software, p\u0159ipojen\u00ed k internetu atd.) odpov\u00edd\u00e1 u\u017eivatel.<\/span><\/p>\r\n<p>Tyto webov\u00e9 str\u00e1nky umo\u017e\u0148uj\u00ed u\u017eivateli p\u0159\u00edstup k n\u00e1sleduj\u00edc\u00edm slu\u017eb\u00e1m:<\/p>\r\n<ul>\r\n<li>v\u0161eobecn\u00e9 informace o \u2026<\/li>\r\n<li>novinky, \u010dl\u00e1nky a rady (blog)<\/li>\r\n<li>sb\u00edrka referenc\u00ed<\/li>\r\n<li>n\u00e1stroj vyhled\u00e1v\u00e1n\u00ed\u2026<\/li>\r\n<li>odb\u011br newsletteru<\/li>\r\n<li>kontaktn\u00ed formul\u00e1\u0159<\/li>\r\n<\/ul>\r\n\r\n\r\n\r\n<p>Vydavatel pou\u017e\u00edv\u00e1 v\u0161echny n\u00e1stroje, kter\u00e9 m\u00e1 k dispozici, k zaji\u0161t\u011bn\u00ed vysoce kvalitn\u00edho p\u0159\u00edstupu k webu a jeho slu\u017eb\u00e1m. Jedn\u00e1 se v\u0161ak o povinnost prost\u0159edk\u016f, nikoli v\u00fdsledku: u\u017eivatel proto souhlas\u00ed s t\u00edm, \u017ee od vydavatele ani jeho dodavatel\u016f nebude v p\u0159\u00edpad\u011b, \u017ee webov\u00e9 str\u00e1nky nejsou k dispozici v dob\u011b, kdy si u\u017eivatel p\u0159eje z\u00edskat na n\u011b p\u0159\u00edstup, po\u017eadovat \u017e\u00e1dnou n\u00e1hradu.<\/p>\r\n<p>P\u0159\u00edstup k webu a jeho slu\u017eb\u00e1m m\u016f\u017ee b\u00fdt kdykoli a bez p\u0159edchoz\u00edho upozorn\u011bn\u00ed p\u0159eru\u0161en, pozastaven nebo zm\u011bn\u011bn z d\u016fvodu \u00fadr\u017eby nebo z jak\u00e9hokoli jin\u00e9ho d\u016fvodu.<\/p>\r\n<p>Vydavatel neodpov\u00edd\u00e1 za \u0161kody zp\u016fsoben\u00e9 ru\u0161en\u00edm, p\u0159eru\u0161en\u00edm, po\u010d\u00edta\u010dov\u00fdmi viry, nefunk\u010dnost\u00ed \u010di odpojen\u00edm termin\u00e1lu, kter\u00e9 by mohly do\u010dasn\u011b zabr\u00e1nit u\u017eivateli v p\u0159\u00edstupu nebo v navigaci.<\/p>\r\n<p>U\u017eivatel se na vydavatele m\u016f\u017ee obr\u00e1tit pomoc\u00ed kontaktn\u00edho formul\u00e1\u0159e, kter\u00fd je na str\u00e1nk\u00e1ch k dispozici.<\/p>\r\n\r\n\r\n\r\n<p><strong>4 &#8211; Odpov\u011bdnost<\/strong><\/p>\r\n\r\n\r\n\r\n<p>V souladu s platn\u00fdmi pr\u00e1vn\u00edmi p\u0159edpisy jsou dopl\u0148ky stravy uv\u00e1d\u011bn\u00e9 na trh spole\u010dnost\u00ed Biocodex hl\u00e1\u0161eny francouzsk\u00e9mu gener\u00e1ln\u00edmu \u0159editelstv\u00ed pro hospod\u00e1\u0159skou sout\u011b\u017e, ochranu spot\u0159ebitele a boj proti podvodu (DGCCRF).<\/p>\r\n<p>U\u017e\u00edv\u00e1n\u00edm dopl\u0148ku stravy by nem\u011blo doch\u00e1zet k nahrazov\u00e1n\u00ed r\u016fznorod\u00e9 a vyv\u00e1\u017een\u00e9 stravy ani zdrav\u00e9ho \u017eivotn\u00edho stylu.<\/p>\r\n<p>Ve\u0161ker\u00e9 informace poskytnut\u00e9 na webov\u00fdch str\u00e1nk\u00e1ch t\u00fdkaj\u00edc\u00ed se dobr\u00e9ho zdravotn\u00edho stavu a pohody jsou p\u0159edkl\u00e1d\u00e1ny pouze pro informa\u010dn\u00ed \u00fa\u010dely. Tyto informace se net\u00fdkaj\u00ed v\u0161ech aspekt\u016f dobr\u00e9ho zdravotn\u00edho stavu a v\u00fd\u017eivy. U\u017eivatel pou\u017e\u00edv\u00e1 webov\u00e9 str\u00e1nky v\u00fdhradn\u011b na svou odpov\u011bdnost. U\u017eivatel zejm\u00e9na uzn\u00e1v\u00e1 to a souhlas\u00ed s t\u00edm, \u017ee se nebude spol\u00e9hat na informace, kter\u00e9 str\u00e1nky obsahuj\u00ed, aby mohl rozhodovat o sv\u00e9m zdravotn\u00edm stavu nebo o p\u0159\u00edpadn\u00e9 l\u00e9ka\u0159sk\u00e9 l\u00e9\u010db\u011b bez porady se zdravotnick\u00fdm odborn\u00edkem.<\/p>\r\n<p>Vydavatel se sna\u017e\u00ed poskytovat kvalitn\u00ed a ov\u011b\u0159en\u00e9 informace. Zdroje informac\u00ed v\u0161ak nemohou b\u00fdt zcela zaru\u010deny.<\/p>\r\n<p>Ve\u0161ker\u00e9 \u201eodchoz\u00ed\u201c odkazy na webov\u00fdch str\u00e1nk\u00e1ch umo\u017e\u0148uj\u00ed u\u017eivateli p\u0159\u00edstup k informac\u00edm a dal\u0161\u00edm dopl\u0148kov\u00fdm zdroj\u016fm dostupn\u00fdm na internetu nebo ke sd\u00edlen\u00ed informac\u00ed na soci\u00e1ln\u00edch s\u00edt\u00edch. Vydavatel nem\u00e1 \u017e\u00e1dn\u00e9 prost\u0159edky pro kontrolu obsahu t\u011bchto zcela nez\u00e1visl\u00fdch web\u016f t\u0159et\u00edch stran a nem\u016f\u017ee proto n\u00e9st odpov\u011bdnost za d\u016fsledky p\u0159\u00edstupu k t\u011bmto webov\u00fdm str\u00e1nk\u00e1m t\u0159et\u00edch stran a jejich obsahu.<\/p>\r\n\r\n\r\n\r\n<p><strong>5 &#8211; Du\u0161evn\u00ed vlastnictv\u00ed <\/strong><\/p>\r\n\r\n\r\n\r\n<p>Vydavatel se zavazuje dodr\u017eovat regula\u010dn\u00ed ustanoven\u00ed vztahuj\u00edc\u00ed se k ochran\u011b osobn\u00edch \u00fadaj\u016f, zejm\u00e9na na\u0159\u00edzen\u00ed (EU) 2016\/679 ze dne 27. dubna 2016 (obecn\u00e9 na\u0159\u00edzen\u00ed o ochran\u011b osobn\u00edch \u00fadaj\u016f).<\/p>\r\n<p>U\u017eivatel souhlas\u00ed s t\u00edm, \u017ee bude obsah webov\u00fdch str\u00e1nek pou\u017e\u00edvat v p\u0159\u00edsn\u011b soukrom\u00e9m kontextu. Jak\u00e1koli \u010d\u00e1ste\u010dn\u00e1 nebo \u00fapln\u00e1 reprodukce webov\u00fdch str\u00e1nek nebo jejich \u010d\u00e1st\u00ed na jak\u00e9mkoli m\u00e9diu nebo form\u00e1tu pro jak\u00e9koli jin\u00e9 \u00fa\u010dely, zejm\u00e9na pro obchodn\u00ed \u00fa\u010dely, bez p\u00edsemn\u00e9ho souhlasu vydavatele je zak\u00e1z\u00e1na.<\/p>\r\n<p>Photos credits : istock.com, gettyimages.fr &amp; shutterstock.com<\/p>\r\n\r\n\r\n\r\n<p><strong>6 &#8211; Ochrana \u00fadaj\u016f<\/strong><\/p>\r\n\r\n\r\n\r\n<p>U\u017eivatel m\u016f\u017ee voln\u011b proch\u00e1zet webov\u00fdmi str\u00e1nkami, ani\u017e by v\u00fdslovn\u011b poskytoval jak\u00e9koli osobn\u00ed informace. Nicm\u00e9n\u011b m\u016f\u017ee b\u00fdt povinen poskytnout \u00fadaje, kter\u00e9 se ho t\u00fdkaj\u00ed, nap\u0159\u00edklad p\u0159i vyu\u017eit\u00ed kontaktn\u00edho formul\u00e1\u0159e na webov\u00fdch str\u00e1nk\u00e1ch. Webov\u00e9 str\u00e1nky nav\u00edc pou\u017e\u00edvaj\u00ed tzv. soubory cookie, kter\u00e9 mohou odes\u00edlat data o u\u017eivateli t\u0159et\u00edm stran\u00e1m.<\/p>\r\n<p>Pro srozum\u011bn\u00ed s t\u00edm, jak jsou zpracov\u00e1v\u00e1ny osobn\u00ed \u00fadaje na t\u011bchto webov\u00fdch str\u00e1nk\u00e1ch, se u\u017eivatel mus\u00ed d\u016fkladn\u011b sezn\u00e1mit se <a href=\"https:\/\/www.symbiosys.com\/cs\/data-protection-policy\/\"><u>z\u00e1sadami ochrany \u00fadaj\u016f<\/u><\/a> a <a href=\"https:\/\/www.symbiosys.com\/cs\/cookie-policy\/\"><u>z\u00e1sadami pou\u017e\u00edv\u00e1n\u00ed soubor\u016f cookie<\/u><\/a> na t\u011bchto webov\u00fdch str\u00e1nk\u00e1ch.<\/p>\r\n<p>Pou\u017e\u00edv\u00e1n\u00ed webov\u00fdch str\u00e1nek ve skute\u010dnosti znamen\u00e1, \u017ee u\u017eivatel si tyto dokumenty p\u0159e\u010detl a pochopil a \u017ee se zav\u00e1zal pravideln\u011b do nich nahl\u00ed\u017eet.<\/p>\r\n\r\n\r\n\r\n<p><strong>7 &#8211; Rozhodn\u00e9 pr\u00e1vo a p\u0159\u00edslu\u0161n\u00e1 jurisdikce<\/strong><strong>\u00a0<\/strong><\/p>\r\n<p>Tyto VPP se \u0159\u00edd\u00ed pr\u00e1vem Francie. Jak\u00fdkoli konflikt nebo rozd\u00edlnost v\u00fdkladu bude podl\u00e9hat pravomoci francouzsk\u00fdch soud\u016f.<\/p>\r\n","protected":false},"excerpt":{"rendered":"<p>V\u0160EOBECN\u00c9 PODM\u00cdNKY POU\u017dIT\u00cd 1 &#8211; Preambule \u00da\u010delem tohoto dokumentu s n\u00e1zvem V\u0161eobecn\u00e9 podm\u00ednky pou\u017eit\u00ed (d\u00e1le jen \u201eVPP\u201c) je stanoven\u00ed z\u00e1sad pro poskytov\u00e1n\u00ed a pou\u017e\u00edv\u00e1n\u00ed obsahu a slu\u017eeb webov\u00fdch str\u00e1nek [www.symbiosys.com] (d\u00e1le jen \u201ewebov\u00e9 str\u00e1nky\u201c) mezi vydavatelem webov\u00fdch str\u00e1nek &#8211; firmou BIOCODEX SAS (d\u00e1le jen \u201evydavatel\u201c) a u\u017eivatelem s\u00edt\u011b Internet (d\u00e1le jen \u201eu\u017eivatel\u201c). P\u0159\u00edstup na webovou &hellip; <a href=\"https:\/\/www.inbiotys.com\/cs\/mention-legal\/\">Continued<\/a><\/p>\n","protected":false},"author":73,"featured_media":0,"parent":0,"menu_order":0,"comment_status":"closed","ping_status":"closed","template":"views\/template-legal.blade.php","meta":{"footnotes":""},"class_list":["post-83084","page","type-page","status-publish","hentry"],"acf":[],"yoast_head":"<!-- This site is optimized with the Yoast SEO plugin v27.3 - https:\/\/yoast.com\/product\/yoast-seo-wordpress\/ -->\n<title>Pr\u00e1vn\u00ed p\u0159ipomenut\u00ed - Symbiosys<\/title>\n<meta name=\"description\" content=\"V\u0160EOBECN\u00c9 PODM\u00cdNKY POU\u017dIT\u00cd webov\u00fdch str\u00e1nek www.symbiosys.com Zn\u011bn\u00ed ze dne 28. 01. 2019. \u00da\u010delem tohoto dokumentu s n\u00e1zvem V\u0161eobecn\u00e9 podm\u00ednky pou\u017eit\u00ed je stanoven\u00ed z\u00e1sad pro poskytov\u00e1n\u00ed a pou\u017e\u00edv\u00e1n\u00ed obsahu a slu\u017eeb webov\u00fdch str\u00e1nek www.symbiosys.com\" \/>\n<meta name=\"robots\" content=\"index, follow, max-snippet:-1, max-image-preview:large, max-video-preview:-1\" \/>\n<link rel=\"canonical\" href=\"https:\/\/www.symbiosys.com\/cs\/mention-legal\/\" \/>\n<meta property=\"og:locale\" content=\"cs_CZ\" \/>\n<meta property=\"og:type\" content=\"article\" \/>\n<meta property=\"og:title\" content=\"Pr\u00e1vn\u00ed p\u0159ipomenut\u00ed - Symbiosys\" \/>\n<meta property=\"og:description\" content=\"V\u0160EOBECN\u00c9 PODM\u00cdNKY POU\u017dIT\u00cd webov\u00fdch str\u00e1nek www.symbiosys.com Zn\u011bn\u00ed ze dne 28. 01. 2019. \u00da\u010delem tohoto dokumentu s n\u00e1zvem V\u0161eobecn\u00e9 podm\u00ednky pou\u017eit\u00ed je stanoven\u00ed z\u00e1sad pro poskytov\u00e1n\u00ed a pou\u017e\u00edv\u00e1n\u00ed obsahu a slu\u017eeb webov\u00fdch str\u00e1nek www.symbiosys.com\" \/>\n<meta property=\"og:url\" content=\"https:\/\/www.symbiosys.com\/cs\/mention-legal\/\" \/>\n<meta property=\"og:site_name\" content=\"Symbiosys\" \/>\n<meta property=\"article:modified_time\" content=\"2026-03-24T17:21:23+00:00\" \/>\n<meta name=\"twitter:card\" content=\"summary_large_image\" \/>\n<meta name=\"twitter:label1\" content=\"Est. reading time\" \/>\n\t<meta name=\"twitter:data1\" content=\"4 minuty\" \/>\n<script type=\"application\/ld+json\" class=\"yoast-schema-graph\">{\"@context\":\"https:\\\/\\\/schema.org\",\"@graph\":[{\"@type\":\"WebPage\",\"@id\":\"https:\\\/\\\/www.symbiosys.com\\\/cs\\\/mention-legal\\\/\",\"url\":\"https:\\\/\\\/www.symbiosys.com\\\/cs\\\/mention-legal\\\/\",\"name\":\"Pr\u00e1vn\u00ed p\u0159ipomenut\u00ed - Symbiosys\",\"isPartOf\":{\"@id\":\"https:\\\/\\\/www.inbiotys.com\\\/cs\\\/#website\"},\"datePublished\":\"2018-11-16T14:36:41+00:00\",\"dateModified\":\"2026-03-24T17:21:23+00:00\",\"description\":\"V\u0160EOBECN\u00c9 PODM\u00cdNKY POU\u017dIT\u00cd webov\u00fdch str\u00e1nek www.symbiosys.com Zn\u011bn\u00ed ze dne 28. 01. 2019. \u00da\u010delem tohoto dokumentu s n\u00e1zvem V\u0161eobecn\u00e9 podm\u00ednky pou\u017eit\u00ed je stanoven\u00ed z\u00e1sad pro poskytov\u00e1n\u00ed a pou\u017e\u00edv\u00e1n\u00ed obsahu a slu\u017eeb webov\u00fdch str\u00e1nek www.symbiosys.com\",\"breadcrumb\":{\"@id\":\"https:\\\/\\\/www.symbiosys.com\\\/cs\\\/mention-legal\\\/#breadcrumb\"},\"inLanguage\":\"cs\",\"potentialAction\":[{\"@type\":\"ReadAction\",\"target\":[\"https:\\\/\\\/www.symbiosys.com\\\/cs\\\/mention-legal\\\/\"]}]},{\"@type\":\"BreadcrumbList\",\"@id\":\"https:\\\/\\\/www.symbiosys.com\\\/cs\\\/mention-legal\\\/#breadcrumb\",\"itemListElement\":[{\"@type\":\"ListItem\",\"position\":1,\"name\":\"Home\",\"item\":\"https:\\\/\\\/www.symbiosys.com\\\/cs\\\/\"},{\"@type\":\"ListItem\",\"position\":2,\"name\":\"V\u0161eobecn\u00e9 obchodn\u00ed podm\u00ednky\"}]},{\"@type\":\"WebSite\",\"@id\":\"https:\\\/\\\/www.inbiotys.com\\\/cs\\\/#website\",\"url\":\"https:\\\/\\\/www.inbiotys.com\\\/cs\\\/\",\"name\":\"Symbiosys\",\"description\":\"Mikrobiota pro \u017eivot\",\"potentialAction\":[{\"@type\":\"SearchAction\",\"target\":{\"@type\":\"EntryPoint\",\"urlTemplate\":\"https:\\\/\\\/www.inbiotys.com\\\/cs\\\/?s={search_term_string}\"},\"query-input\":{\"@type\":\"PropertyValueSpecification\",\"valueRequired\":true,\"valueName\":\"search_term_string\"}}],\"inLanguage\":\"cs\"}]}<\/script>\n<!-- \/ Yoast SEO plugin. -->","yoast_head_json":{"title":"Pr\u00e1vn\u00ed p\u0159ipomenut\u00ed - Symbiosys","description":"V\u0160EOBECN\u00c9 PODM\u00cdNKY POU\u017dIT\u00cd webov\u00fdch str\u00e1nek www.symbiosys.com Zn\u011bn\u00ed ze dne 28. 01. 2019. \u00da\u010delem tohoto dokumentu s n\u00e1zvem V\u0161eobecn\u00e9 podm\u00ednky pou\u017eit\u00ed je stanoven\u00ed z\u00e1sad pro poskytov\u00e1n\u00ed a pou\u017e\u00edv\u00e1n\u00ed obsahu a slu\u017eeb webov\u00fdch str\u00e1nek www.symbiosys.com","robots":{"index":"index","follow":"follow","max-snippet":"max-snippet:-1","max-image-preview":"max-image-preview:large","max-video-preview":"max-video-preview:-1"},"canonical":"https:\/\/www.symbiosys.com\/cs\/mention-legal\/","og_locale":"cs_CZ","og_type":"article","og_title":"Pr\u00e1vn\u00ed p\u0159ipomenut\u00ed - Symbiosys","og_description":"V\u0160EOBECN\u00c9 PODM\u00cdNKY POU\u017dIT\u00cd webov\u00fdch str\u00e1nek www.symbiosys.com Zn\u011bn\u00ed ze dne 28. 01. 2019. \u00da\u010delem tohoto dokumentu s n\u00e1zvem V\u0161eobecn\u00e9 podm\u00ednky pou\u017eit\u00ed je stanoven\u00ed z\u00e1sad pro poskytov\u00e1n\u00ed a pou\u017e\u00edv\u00e1n\u00ed obsahu a slu\u017eeb webov\u00fdch str\u00e1nek www.symbiosys.com","og_url":"https:\/\/www.symbiosys.com\/cs\/mention-legal\/","og_site_name":"Symbiosys","article_modified_time":"2026-03-24T17:21:23+00:00","twitter_card":"summary_large_image","twitter_misc":{"Est. reading time":"4 minuty"},"schema":{"@context":"https:\/\/schema.org","@graph":[{"@type":"WebPage","@id":"https:\/\/www.symbiosys.com\/cs\/mention-legal\/","url":"https:\/\/www.symbiosys.com\/cs\/mention-legal\/","name":"Pr\u00e1vn\u00ed p\u0159ipomenut\u00ed - Symbiosys","isPartOf":{"@id":"https:\/\/www.inbiotys.com\/cs\/#website"},"datePublished":"2018-11-16T14:36:41+00:00","dateModified":"2026-03-24T17:21:23+00:00","description":"V\u0160EOBECN\u00c9 PODM\u00cdNKY POU\u017dIT\u00cd webov\u00fdch str\u00e1nek www.symbiosys.com Zn\u011bn\u00ed ze dne 28. 01. 2019. \u00da\u010delem tohoto dokumentu s n\u00e1zvem V\u0161eobecn\u00e9 podm\u00ednky pou\u017eit\u00ed je stanoven\u00ed z\u00e1sad pro poskytov\u00e1n\u00ed a pou\u017e\u00edv\u00e1n\u00ed obsahu a slu\u017eeb webov\u00fdch str\u00e1nek www.symbiosys.com","breadcrumb":{"@id":"https:\/\/www.symbiosys.com\/cs\/mention-legal\/#breadcrumb"},"inLanguage":"cs","potentialAction":[{"@type":"ReadAction","target":["https:\/\/www.symbiosys.com\/cs\/mention-legal\/"]}]},{"@type":"BreadcrumbList","@id":"https:\/\/www.symbiosys.com\/cs\/mention-legal\/#breadcrumb","itemListElement":[{"@type":"ListItem","position":1,"name":"Home","item":"https:\/\/www.symbiosys.com\/cs\/"},{"@type":"ListItem","position":2,"name":"V\u0161eobecn\u00e9 obchodn\u00ed podm\u00ednky"}]},{"@type":"WebSite","@id":"https:\/\/www.inbiotys.com\/cs\/#website","url":"https:\/\/www.inbiotys.com\/cs\/","name":"Symbiosys","description":"Mikrobiota pro \u017eivot","potentialAction":[{"@type":"SearchAction","target":{"@type":"EntryPoint","urlTemplate":"https:\/\/www.inbiotys.com\/cs\/?s={search_term_string}"},"query-input":{"@type":"PropertyValueSpecification","valueRequired":true,"valueName":"search_term_string"}}],"inLanguage":"cs"}]}},"_links":{"self":[{"href":"https:\/\/www.inbiotys.com\/cs\/wp-json\/wp\/v2\/pages\/83084","targetHints":{"allow":["GET"]}}],"collection":[{"href":"https:\/\/www.inbiotys.com\/cs\/wp-json\/wp\/v2\/pages"}],"about":[{"href":"https:\/\/www.inbiotys.com\/cs\/wp-json\/wp\/v2\/types\/page"}],"author":[{"embeddable":true,"href":"https:\/\/www.inbiotys.com\/cs\/wp-json\/wp\/v2\/users\/73"}],"replies":[{"embeddable":true,"href":"https:\/\/www.inbiotys.com\/cs\/wp-json\/wp\/v2\/comments?post=83084"}],"version-history":[{"count":15,"href":"https:\/\/www.inbiotys.com\/cs\/wp-json\/wp\/v2\/pages\/83084\/revisions"}],"predecessor-version":[{"id":98355,"href":"https:\/\/www.inbiotys.com\/cs\/wp-json\/wp\/v2\/pages\/83084\/revisions\/98355"}],"wp:attachment":[{"href":"https:\/\/www.inbiotys.com\/cs\/wp-json\/wp\/v2\/media?parent=83084"}],"curies":[{"name":"wp","href":"https:\/\/api.w.org\/{rel}","templated":true}]}}