{"id":83087,"date":"2019-01-07T17:12:01","date_gmt":"2019-01-07T16:12:01","guid":{"rendered":"https:\/\/www.symbiosys.com\/cookie-policy\/"},"modified":"2024-06-03T14:37:46","modified_gmt":"2024-06-03T12:37:46","slug":"cookie-policy","status":"publish","type":"page","link":"https:\/\/www.inbiotys.com\/cs\/cookie-policy\/","title":{"rendered":"Cookies"},"content":{"rendered":"\r\n<p><strong>1 &#8211; Preambule<\/strong><\/p>\r\n\r\n\r\n\r\n<p>Z\u00e1sady pou\u017e\u00edv\u00e1n\u00ed soubor\u016f cookies popsan\u00e9 v tomto dokumentu se vztahuj\u00ed k webov\u00fdm str\u00e1nk\u00e1m [www.symbiosys.com] (d\u00e1le jen \u201ewebov\u00e9 str\u00e1nky\u201c). Jejich \u00fa\u010delem je informovat u\u017eivatele webov\u00fdch str\u00e1nek (d\u00e1le jen \u201eu\u017eivatel\u201c) o zpracov\u00e1n\u00ed soubor\u016f cookie prov\u00e1d\u011bn\u00e9m spole\u010dnost\u00ed BIOCODEX SAS \u00a0o pou\u017e\u00edvan\u00fdch typech soubor\u016f cookie a zp\u016fsobu, jak\u00fdm m\u016f\u017ee tato pr\u00e1va napadnout.<\/p>\r\n\r\n\r\n\r\n<p><strong>2 &#8211; V\u0161eobecn\u00e9 informace<\/strong><\/p>\r\n\r\n\r\n\r\n<p><u>Co je soubor cookie?<\/u><\/p>\r\n\r\n\r\n\r\n<p>Tzv. cookie je textov\u00fd soubor, kter\u00fd lze um\u00edstit do za\u0159\u00edzen\u00ed u\u017eivatele p\u0159i proch\u00e1zen\u00ed webu. Soubory cookie jsou d\u016fle\u017eit\u00fdm n\u00e1strojem, kter\u00fd organizac\u00edm umo\u017e\u0148uje z\u00edskat p\u0159ehled o aktivit\u011b jejich u\u017eivatel\u016f na internetu.<\/p>\r\n<p>Princip funkce: tyto soubory jsou obecn\u011b mal\u00e9 velikosti a ozna\u010deny n\u00e1zvem. Jsou p\u0159en\u00e1\u0161eny do prohl\u00ed\u017ee\u010de u\u017eivatele prost\u0159ednictv\u00edm nav\u0161t\u00edven\u00fdch webov\u00fdch str\u00e1nek. V prohl\u00ed\u017ee\u010di se po ur\u010ditou dobu ponech\u00e1 a p\u0159i ka\u017ed\u00e9m op\u011btovn\u00e9m p\u0159ipojen\u00ed se z prohl\u00ed\u017ee\u010de vr\u00e1t\u00ed na danou webovou str\u00e1nku. Soubory cookie lze v z\u00e1sad\u011b snadno prohl\u00ed\u017eet a odstra\u0148ovat.<\/p>\r\n<p>Soubory cookie jsou samy o sob\u011b ne\u0161kodn\u00e9, proto\u017ee neobsahuj\u00ed spustiteln\u00fd k\u00f3d. Pln\u00ed d\u016fle\u017eit\u00e9 funkce pro webov\u00e9 str\u00e1nky: mohou b\u00fdt pou\u017eity k ulo\u017een\u00ed identifika\u010dn\u00edch \u00fadaj\u016f \u00fa\u010dtu z\u00e1kazn\u00edka, naviga\u010dn\u00edch preferenc\u00ed, umo\u017e\u0148uj\u00ed sledov\u00e1n\u00ed navigace pro statistick\u00e9 nebo reklamn\u00ed \u00fa\u010dely atd.<\/p>\r\n<p>Soubory cookie v\u0161ak mohou ukl\u00e1dat \u00fadaje dostate\u010dn\u00e9 pro identifikaci u\u017eivatele bez jeho souhlasu a v n\u011bkter\u00fdch p\u0159\u00edpadech mohou b\u00fdt pou\u017eity k vytv\u00e1\u0159en\u00ed profil\u016f jednotlivc\u016f. Proto je nezbytn\u00e9, aby spr\u00e1va soubor\u016f cookie byla kontrolov\u00e1na v r\u00e1mci ochrany \u00fadaj\u016f.<\/p>\r\n\r\n\r\n\r\n<p><u>Typy soubor\u016f cookie<\/u><\/p>\r\n\r\n\r\n\r\n<p>Obecn\u011b lze soubory cookie rozd\u011blit t\u0159emi r\u016fzn\u00fdmi zp\u016fsoby: podle p\u016fvodu, podle trv\u00e1n\u00ed a podle \u00fa\u010delu.<\/p>\r\n\r\n\r\n\r\n<p><em>Dle p\u016fvodu<\/em><\/p>\r\n\r\n\r\n\r\n<p><strong>Soubory cookie protistrany<\/strong> \u2013 tyto soubory cookie jsou do koncov\u00e9ho za\u0159\u00edzen\u00ed n\u00e1v\u0161t\u011bvn\u00edka um\u00edst\u011bny p\u0159\u00edmo nav\u0161t\u00edven\u00fdmi webov\u00fdmi str\u00e1nkami.<\/p>\r\n<p><strong>Soubory cookie t\u0159et\u00edch stran<\/strong> \u2013 tyto soubory cookie jsou do koncov\u00e9ho za\u0159\u00edzen\u00ed n\u00e1v\u0161t\u011bvn\u00edka um\u00edst\u011bny t\u0159et\u00ed stranou, nap\u0159\u00edklad inzerentem.<\/p>\r\n\r\n\r\n\r\n<p><em>Dle trv\u00e1n\u00ed<\/em><\/p>\r\n\r\n\r\n\r\n<p><strong>Soubory cookie relace<\/strong> \u2013 tyto soubory cookie jsou do\u010dasn\u00e9 a pozb\u00fdvaj\u00ed platnosti p\u0159i zav\u0159en\u00ed prohl\u00ed\u017ee\u010de nebo na konci n\u00e1v\u0161t\u011bvy (relace).<\/p>\r\n<p><strong>Trval\u00e9 soubory cookie<\/strong> \u2013 tato kategorie zahrnuje v\u0161echny soubory cookie, kter\u00e9 z\u016fstanou v za\u0159\u00edzen\u00ed n\u00e1v\u0161t\u011bvn\u00edka a\u017e do sv\u00e9ho smaz\u00e1n\u00ed. Lze je odstranit ru\u010dn\u011b nebo automaticky (v z\u00e1vislosti na datu uplynut\u00ed platnosti souboru cookie nebo p\u0159i zav\u0159en\u00ed prohl\u00ed\u017ee\u010de, pokud je takto nakonfigurov\u00e1n).<\/p>\r\n\r\n\r\n\r\n<p><em>Dle \u00fa\u010delu<\/em><\/p>\r\n\r\n\r\n\r\n<p><strong>Nezbytn\u011b nutn\u00e9 soubory cookie<\/strong> \u2013 tyto soubory cookie pom\u00e1haj\u00ed pou\u017eitelnosti webov\u00fdch str\u00e1nek t\u00edm, \u017ee umo\u017e\u0148uj\u00ed z\u00e1kladn\u00ed funkce, jako je nap\u0159\u00edklad navigace na str\u00e1nce, p\u0159\u00edstup k zabezpe\u010den\u00fdm oblastem webu nebo k ukl\u00e1d\u00e1n\u00ed polo\u017eek v online n\u00e1kupn\u00edm ko\u0161\u00edku. V d\u016fsledku toho webov\u00e9 str\u00e1nky bez t\u011bchto soubor\u016f cookie nemohou fungovat spr\u00e1vn\u011b.<\/p>\r\n<p><strong>Preferen\u010dn\u00ed soubory cookie<\/strong> (funk\u010dn\u00ed soubory cookie) \u2013 tyto soubory cookie umo\u017e\u0148uj\u00ed webov\u00fdm str\u00e1nk\u00e1m uchov\u00e1vat informace, kter\u00e9 m\u011bn\u00ed zp\u016fsob chov\u00e1n\u00ed nebo zobrazen\u00ed webu, jako je preferovan\u00fd jazyk n\u00e1v\u0161t\u011bvn\u00edka nebo oblast, ve kter\u00e9 se nach\u00e1z\u00ed.<\/p>\r\n<p><strong>Statistick\u00e9 soubory cookie<\/strong> (v\u00fdkonnostn\u00ed soubory cookie) \u2013 tyto soubory cookie pom\u00e1haj\u00ed vlastn\u00edkovi webov\u00fdch str\u00e1nek prost\u0159ednictv\u00edm shroma\u017e\u010fov\u00e1n\u00ed a sd\u011blov\u00e1n\u00ed informac\u00ed pochopit, jak n\u00e1v\u0161t\u011bvn\u00edci s webem komunikuj\u00ed, nap\u0159. nav\u0161t\u00edven\u00e9 str\u00e1nky a pou\u017eit\u00e9 odkazy. C\u00edlem je n\u00e1sledn\u011b vylep\u0161it webov\u00e9 str\u00e1nky. P\u0159esto\u017ee jsou tyto soubory cookie ur\u010deny pro pou\u017eit\u00ed vlastn\u00edkem webov\u00fdch str\u00e1nek, mohou poch\u00e1zet od t\u0159et\u00edch stran, kter\u00e9 mohou n\u00e1v\u0161t\u011bvn\u00edka sledovat pro marketingov\u00e9 \u00fa\u010dely.<\/p>\r\n<p><strong>Marketingov\u00e9 soubory cookie<\/strong> \u2013 tyto soubory cookie sleduj\u00ed aktivitu u\u017eivatele online na internetu a pom\u00e1haj\u00ed inzerent\u016fm nap\u0159\u00edklad poskytovat relevantn\u011bj\u0161\u00ed reklamy. Tyto soubory cookie mohou tyto informace sd\u00edlet s jin\u00fdmi organizacemi nebo inzerenty. Jedn\u00e1 se o trval\u00e9 soubory cookie a t\u00e9m\u011b\u0159 v\u017edy o soubory cookie t\u0159et\u00edch stran.<\/p>\r\n\r\n\r\n\r\n<p><strong>3 &#8211; <\/strong><strong>V\u0161eobecn\u00e1 ustanoven\u00ed<\/strong><\/p>\r\n\r\n\r\n\r\n<p>Spr\u00e1va soubor\u016f cookie na t\u011bchto webov\u00fdch str\u00e1nk\u00e1ch p\u0159edstavuje zpracov\u00e1n\u00ed osobn\u00edch \u00fadaj\u016f prov\u00e1d\u011bn\u00e9 vydavatelem. N\u00e1sleduj\u00edc\u00ed ustanoven\u00ed se vztahuj\u00ed na v\u0161echny soubory cookie zpracov\u00e1van\u00e9 na t\u011bchto webov\u00fdch str\u00e1nk\u00e1ch, nen\u00ed-li ve zvl\u00e1\u0161tn\u00edch ustanoven\u00edch uvedeno jinak.<\/p>\r\n<p><u>Pr\u00e1vn\u00ed r\u00e1mec<\/u><\/p>\r\n<p>Vydavatel jako\u017eto spr\u00e1vce \u00fadaj\u016f prohla\u0161uje, \u017ee zpracov\u00e1v\u00e1 soubory cookie na t\u011bchto webov\u00fdch str\u00e1nk\u00e1ch v souladu s p\u0159edpisy platn\u00fdmi pro ochranu fyzick\u00fdch osob v souvislosti se zpracov\u00e1n\u00edm osobn\u00edch \u00fadaj\u016f a s voln\u00fdm pohybem t\u011bchto \u00fadaj\u016f, zejm\u00e9na na\u0159\u00edzen\u00edm EU \u010d. 2016\/679 ze dne 27. dubna 2016 \u2013 obecn\u00e9 na\u0159\u00edzen\u00ed o ochran\u011b \u00fadaj\u016f (GDPR).<\/p>\r\n<p>Spole\u010dnost Biocodex v r\u00e1mci dodr\u017eov\u00e1n\u00ed p\u0159edpis\u016f jmenovala inspektora ochrany dat (IOD) ve vztahu k Francouzsk\u00e9mu \u00fa\u0159adu pro ochranu \u00fadaj\u016f (CNIL). Toto jmenov\u00e1n\u00ed je s platnost\u00ed ke dni 25. kv\u011btna 2018, \u010dj. DPO-3068.<\/p>\r\n<p><u>Spr\u00e1vce dat<\/u><\/p>\r\n<p>Spr\u00e1vce dat je identifikov\u00e1n takto:<\/p>\r\n<p>Biocodex, zjednodu\u0161en\u00e1 akciov\u00e1 spole\u010dnost podle francouzsk\u00e9ho pr\u00e1va s kmenov\u00fdm kapit\u00e1lem ve v\u00fd\u0161i 4 284 000 EUR zapsan\u00e1 v Obchodn\u00edm rejst\u0159\u00edku R.C.S. Cr\u00e9teil pod \u010d. 562 064 600, se s\u00eddlem na adrese 22 rue des Aqueducs &#8211; 94250 Gentilly &#8211; Francie, statut\u00e1rn\u00ed z\u00e1stupce: p. Jean-Marie Lef\u00e8vre s \u0159\u00e1dn\u00fdmi pravomocemi p\u0159edsedy p\u0159edstavenstva a gener\u00e1ln\u00edho \u0159editele.<\/p>\r\n\r\n\r\n\r\n<p><u>Dot\u010den\u00e9 osoby<\/u><\/p>\r\n\r\n\r\n\r\n<p>The processing concerns any User of the Site.<\/p>\r\n\r\n\r\n\r\n<p>Zpracov\u00e1n\u00ed se t\u00fdk\u00e1 t\u011bchto osob:<\/p>\r\n<ul>\r\n<li>u\u017eivatel t\u011bchto webov\u00fdch str\u00e1nek,<\/li>\r\n<li>zam\u011bstnanci vydavatele zodpov\u011bdn\u00ed za publikaci obsahu a technickou spr\u00e1vu t\u011bchto webov\u00fdch str\u00e1nek,<\/li>\r\n<li>pracovn\u00edci dot\u010den\u00fdch poskytovatel\u016f slu\u017eeb.<\/li>\r\n<\/ul>\r\n<p><u>P\u0159\u00edjemci \u00fadaj\u016f<\/u><\/p>\r\n<p>V z\u00e1vislosti na jejich p\u0159\u00edslu\u0161n\u00fdch pot\u0159eb\u00e1ch jsou p\u0159\u00edjemci v\u0161ech \u00fadaj\u016f nebo jejich \u010d\u00e1sti:<\/p>\r\n<ul>\r\n<li>u\u017eivatel t\u011bchto webov\u00fdch str\u00e1nek,<\/li>\r\n<li>zam\u011bstnanci vydavatele zodpov\u011bdn\u00ed za publikaci obsahu a technickou spr\u00e1vu t\u011bchto webov\u00fdch str\u00e1nek,<\/li>\r\n<li>pracovn\u00edci dot\u010den\u00fdch poskytovatel\u016f slu\u017eeb,<\/li>\r\n<li>t\u0159et\u00ed strany z\u00edsk\u00e1vaj\u00edc\u00ed \u00fadaje ze soubor\u016f cookie.<\/li>\r\n<\/ul>\r\n<p>\u00dadaje ze soubor\u016f cookie ur\u010den\u00e9 pro t\u0159et\u00ed strany mohou b\u00fdt p\u0159\u00edpadn\u011b p\u0159ed\u00e1v\u00e1ny mimo Evropskou unii.<\/p>\r\n\r\n\r\n\r\n<p><u>U\u017eivatelsk\u00e1 pr\u00e1va t\u00fdkaj\u00edc\u00ed se soubor\u016f cookie<\/u><\/p>\r\n<p>Webov\u00e9 str\u00e1nky mohou ukl\u00e1dat soubory cookie do koncov\u00e9ho za\u0159\u00edzen\u00ed u\u017eivatele pouze v p\u0159\u00edpad\u011b, \u017ee jsou tyto nezbytn\u011b nutn\u00e9 pro provoz str\u00e1nek. K pou\u017eit\u00ed jin\u00fdch typ\u016f soubor\u016f cookie je nutn\u00fd souhlas u\u017eivatele.<\/p>\r\n<p><em>Nastaven\u00ed webov\u00e9ho prohl\u00ed\u017ee\u010de<\/em><\/p>\r\n<p>U\u017eivatel m\u016f\u017ee um\u00edst\u011bn\u00ed soubor\u016f cookie do sv\u00e9ho za\u0159\u00edzen\u00ed zabr\u00e1nit nebo st\u00e1vaj\u00edc\u00ed soubory cookie odstranit t\u00edm, \u017ee p\u0159\u00edslu\u0161n\u00fdm zp\u016fsobem nastav\u00ed sv\u016fj webov\u00fd prohl\u00ed\u017ee\u010d. Pro p\u0159\u00edstup k pokyn\u016fm pro spr\u00e1vu soubor\u016f cookie m\u016f\u017ee u\u017eivatel postupovat podle sekce n\u00e1pov\u011bdy sv\u00e9ho prohl\u00ed\u017ee\u010de.<\/p>\r\n<p>Je v\u0161ak t\u0159eba upozornit, \u017ee z\u00e1kaz soubor\u016f cookie ve webov\u00e9m prohl\u00ed\u017ee\u010di m\u016f\u017ee zp\u016fsobit nefunk\u010dnost t\u011bchto webov\u00fdch str\u00e1nek, ale i jin\u00fdch webov\u00fdch str\u00e1nek.<\/p>\r\n<p><em>Nastaven\u00ed parametr\u016f na \u00farovni webov\u00fdch str\u00e1nek<\/em><\/p>\r\n<p>B\u011bhem sv\u00e9 prvn\u00ed n\u00e1v\u0161t\u011bvy str\u00e1nek mus\u00ed u\u017eivatel p\u0159ed pokra\u010dov\u00e1n\u00edm v pohybu na webov\u00fdch str\u00e1nk\u00e1ch vyj\u00e1d\u0159it sv\u016fj v\u00fdb\u011br prost\u0159ednictv\u00edm modulu prohl\u00e1\u0161en\u00ed k soubor\u016fm cookie (d\u00e1le jen \u201ebanner soubor\u016f cookie\u201c). Soubory cookie jsou ulo\u017eeny pouze v p\u0159\u00edpad\u011b, \u017ee je u\u017eivatel p\u0159ijme. Soubory cookie lze p\u0159ij\u00edmat nebo odm\u00edtat celkov\u011b nebo u jednotliv\u00fdch slu\u017eeb. Po proveden\u00ed nastaven\u00ed m\u016f\u017ee u\u017eivatel sv\u00e9 volby kdykoli zm\u011bnit op\u011btovn\u00fdm vyvol\u00e1n\u00edm banneru soubor\u016f cookie.<\/p>\r\n<p>Zobrazen\u00ed banneru soubor\u016f cookie<\/p>\r\n<p><u>Pr\u00e1vn\u00ed informace<\/u><\/p>\r\n<p>V souladu s p\u0159edpisy platn\u00fdmi pro ochranu fyzick\u00fdch osob v souvislosti se zpracov\u00e1n\u00edm osobn\u00edch \u00fadaj\u016f a s voln\u00fdm pohybem t\u011bchto \u00fadaj\u016f,\u00a0 m\u016f\u017ee u\u017eivatel u \u00fadaj\u016f, kter\u00e9 se ho t\u00fdkaj\u00ed a kter\u00fdmi se prokazuje jeho toto\u017enost, uplatnit pr\u00e1vo na p\u0159\u00edstup k \u00fadaj\u016fm, opravu \u00fadaj\u016f, v\u00fdmaz \u00fadaj\u016f, omezen\u00ed \u00fadaj\u016f a vznesen\u00ed n\u00e1mitky t\u00fdkaj\u00edc\u00ed se \u00fadaj\u016f u inspektora ochrany dat (DPO) spole\u010dnosti Biocodex (jen v Anglick\u00e9m neo Francouzsk\u00e9m jazyce) na email (dpo@biocodex.com) nebo po\u0161tou na adresu (DPO BIOCODEX, 22 rue des Aqueducs, 94250 GENTILLY, France); U\u017eivatel m\u00e1 tak\u00e9 pr\u00e1vo podat st\u00ed\u017enost u dozorov\u00e9ho \u00fa\u0159adu (CNIL pro Francii &#8211; www.cnil.fr).<\/p>\r\n<p><u>Zabezpe\u010den\u00ed osobn\u00edch \u00fadaj\u016f<\/u><\/p>\r\n<p>Vydavatel p\u0159ij\u00edm\u00e1 ve\u0161ker\u00e1 nezbytn\u00e1 opat\u0159en\u00ed k zachov\u00e1n\u00ed bezpe\u010dnosti osobn\u00edch \u00fadaj\u016f u\u017eivatele a jeho c\u00edlem je zejm\u00e9na zabr\u00e1nit jejich naru\u0161en\u00ed nebo po\u0161kozen\u00ed nebo neopr\u00e1vn\u011bn\u00e9mu p\u0159\u00edstupu t\u0159et\u00edch stran k nim.<\/p>\r\n<p>Vydavatel pou\u017e\u00edv\u00e1 na t\u011bchto webov\u00fdch str\u00e1nk\u00e1ch protokol https. Tento bezpe\u010dnostn\u00ed mechanismus umo\u017e\u0148uje u\u017eivateli ov\u011b\u0159it identitu webov\u00e9 str\u00e1nky, ke kter\u00e9 p\u0159istupuje, a to d\u00edky ov\u011b\u0159ovac\u00edmu certifik\u00e1tu vystaven\u00e9mu org\u00e1nem t\u0159et\u00ed strany, kter\u00fd je zn\u00e1m\u00fd svou spolehlivost\u00ed. Umo\u017e\u0148uje i zaru\u010dit d\u016fv\u011brnost a integritu \u00fadaj\u016f zaslan\u00fdch u\u017eivatelem, nap\u0159\u00edklad informac\u00ed ze soubor\u016f cookie p\u0159ed\u00e1van\u00fdm t\u0159et\u00edm stran\u00e1m.<\/p>\r\n\r\n\r\n\r\n<p><strong>4 &#8211; Zvl\u00e1\u0161tn\u00ed ustanoven\u00ed<\/strong><\/p>\r\n\r\n\r\n\r\n<p>N\u00e1sleduj\u00edc\u00ed ustanoven\u00ed podrobn\u011b popisuj\u00ed soubory cookie pou\u017e\u00edvan\u00e9 t\u011bmito webov\u00fdmi str\u00e1nkami. U soubor\u016f cookie t\u0159et\u00edch stran jsou tyto podrobnosti k dispozici prost\u0159ednictv\u00edm <span id=\"cookieB\" style=\"text-decoration: underline; color: #525ddc; cursor: pointer;\">banneru soubor\u016f cookie<\/span>.<\/p>\r\n\r\n\r\n\r\n<p><u>Soubory cookie protistrany<\/u><\/p>\r\n<p><em>\u00da\u010del<\/em><\/p>\r\n<p>Vydavatel pou\u017e\u00edv\u00e1 intern\u00ed soubory cookie nezbytn\u00e9 pro provoz t\u011bchto webov\u00fdch str\u00e1nek.<\/p>\r\n<p><em>Pr\u00e1vn\u00ed z\u00e1klad<\/em><\/p>\r\n<p>Zpracov\u00e1n\u00ed je v souladu s opr\u00e1vn\u011bn\u00fdmi z\u00e1jmy, kter\u00e9 vydavatel sleduje v r\u00e1mci vztahu s u\u017eivatelem.<\/p>\r\n<p><em>Podrobn\u00e9 \u00fadaje o souborech cookie<\/em><\/p>\r\n\r\n\r\n\r\n<table class=\"wp-block-table\">\r\n<thead>\r\n<tr>\r\n<th>N\u00e1zev souboru cookie<\/th>\r\n<th>Funkce<\/th>\r\n<th>Trv\u00e1n\u00ed<\/th>\r\n<\/tr>\r\n<\/thead>\r\n<tbody>\r\n<tr>\r\n<td>_icl_current_language<\/td>\r\n<td>zapamatov\u00e1n\u00ed jazykov\u00fdch preferenc\u00ed<\/td>\r\n<td>1 den<\/td>\r\n<\/tr>\r\n<tr>\r\n<td>didomi_token<\/td>\r\n<td>Obsahuje informace o souhlasu pro personalizovan\u00e9 \u00fa\u010dely a pro personalizovan\u00e9 partnery, stejn\u011b jako informace specifick\u00e9 pro Didomi (nap\u0159\u00edklad ID u\u017eivatele).<\/td>\r\n<td>1 rok<\/td>\r\n<\/tr>\r\n<\/tbody>\r\n<\/table>\r\n<p><\/p>\r\n<p><u>Soubory cookie t\u0159et\u00edch stran<\/u><\/p>\r\n<p><em>\u00da\u010del<\/em><\/p>\r\n<p>Vydavatel pou\u017e\u00edv\u00e1 soubory cookie t\u0159et\u00edch stran ke zlep\u0161en\u00ed webov\u00fdch str\u00e1nek a u\u017eivatelsk\u00e9ho prost\u0159ed\u00ed.<\/p>\r\n<p><em>Pr\u00e1vn\u00ed z\u00e1klad<\/em><\/p>\r\n<p>Zpracov\u00e1n\u00ed vy\u017eaduje souhlas u\u017eivatele.<\/p>\r\n<p><em>Funkce vyu\u017e\u00edvaj\u00edc\u00ed soubory cookie<\/em><\/p>\r\n<ul>\r\n<li>M\u011b\u0159en\u00ed n\u00e1v\u0161t\u011bvnosti (Google Analytics, Yandex)<\/li>\r\n<li>Tla\u010d\u00edtka sd\u00edlen\u00ed (Facebook, Instagram, Youtube)<\/li>\r\n<\/ul>\r\n<p>Marketingov\u00e1 anal\u00fdza (Google Tag Manager, Doubleclick, Facebook Pixel)<\/p>\r\n<p>U\u017eivatel m\u016f\u017ee z\u00edskat detailn\u00ed informace o cookies t\u0159et\u00edch stran p\u0159es cookie banner na webov\u00fdch str\u00e1nk\u00e1ch.<\/p>","protected":false},"excerpt":{"rendered":"<p>1 &#8211; Preambule Z\u00e1sady pou\u017e\u00edv\u00e1n\u00ed soubor\u016f cookies popsan\u00e9 v tomto dokumentu se vztahuj\u00ed k webov\u00fdm str\u00e1nk\u00e1m [www.symbiosys.com] (d\u00e1le jen \u201ewebov\u00e9 str\u00e1nky\u201c). Jejich \u00fa\u010delem je informovat u\u017eivatele webov\u00fdch str\u00e1nek (d\u00e1le jen \u201eu\u017eivatel\u201c) o zpracov\u00e1n\u00ed soubor\u016f cookie prov\u00e1d\u011bn\u00e9m spole\u010dnost\u00ed BIOCODEX SAS \u00a0o pou\u017e\u00edvan\u00fdch typech soubor\u016f cookie a zp\u016fsobu, jak\u00fdm m\u016f\u017ee tato pr\u00e1va napadnout. 2 &#8211; V\u0161eobecn\u00e9 informace &hellip; <a href=\"https:\/\/www.inbiotys.com\/cs\/cookie-policy\/\">Continued<\/a><\/p>\n","protected":false},"author":73,"featured_media":0,"parent":0,"menu_order":0,"comment_status":"closed","ping_status":"closed","template":"views\/template-legal.blade.php","meta":{"footnotes":""},"class_list":["post-83087","page","type-page","status-publish","hentry"],"acf":[],"yoast_head":"<!-- This site is optimized with the Yoast SEO plugin v27.3 - https:\/\/yoast.com\/product\/yoast-seo-wordpress\/ -->\n<title>Z\u00e1sady pou\u017e\u00edv\u00e1n\u00ed cookies - Symbiosys<\/title>\n<meta name=\"description\" content=\"Z\u00e1sady pou\u017e\u00edv\u00e1n\u00ed cookies - Symbiosys\" \/>\n<meta name=\"robots\" content=\"noindex, follow\" \/>\n<meta property=\"og:locale\" content=\"cs_CZ\" \/>\n<meta property=\"og:type\" content=\"article\" \/>\n<meta property=\"og:title\" content=\"Z\u00e1sady pou\u017e\u00edv\u00e1n\u00ed cookies - Symbiosys\" \/>\n<meta property=\"og:description\" content=\"Z\u00e1sady pou\u017e\u00edv\u00e1n\u00ed cookies - Symbiosys\" \/>\n<meta property=\"og:url\" content=\"https:\/\/www.symbiosys.com\/cs\/cookie-policy\/\" \/>\n<meta property=\"og:site_name\" content=\"Symbiosys\" \/>\n<meta property=\"article:modified_time\" content=\"2024-06-03T12:37:46+00:00\" \/>\n<meta name=\"twitter:card\" content=\"summary_large_image\" \/>\n<meta name=\"twitter:label1\" content=\"Est. reading time\" \/>\n\t<meta name=\"twitter:data1\" content=\"6 minut\" \/>\n<script type=\"application\/ld+json\" class=\"yoast-schema-graph\">{\"@context\":\"https:\\\/\\\/schema.org\",\"@graph\":[{\"@type\":\"WebPage\",\"@id\":\"https:\\\/\\\/www.symbiosys.com\\\/cs\\\/cookie-policy\\\/\",\"url\":\"https:\\\/\\\/www.symbiosys.com\\\/cs\\\/cookie-policy\\\/\",\"name\":\"Z\u00e1sady pou\u017e\u00edv\u00e1n\u00ed cookies - Symbiosys\",\"isPartOf\":{\"@id\":\"https:\\\/\\\/www.inbiotys.com\\\/cs\\\/#website\"},\"datePublished\":\"2019-01-07T16:12:01+00:00\",\"dateModified\":\"2024-06-03T12:37:46+00:00\",\"description\":\"Z\u00e1sady pou\u017e\u00edv\u00e1n\u00ed cookies - Symbiosys\",\"breadcrumb\":{\"@id\":\"https:\\\/\\\/www.symbiosys.com\\\/cs\\\/cookie-policy\\\/#breadcrumb\"},\"inLanguage\":\"cs\",\"potentialAction\":[{\"@type\":\"ReadAction\",\"target\":[\"https:\\\/\\\/www.symbiosys.com\\\/cs\\\/cookie-policy\\\/\"]}]},{\"@type\":\"BreadcrumbList\",\"@id\":\"https:\\\/\\\/www.symbiosys.com\\\/cs\\\/cookie-policy\\\/#breadcrumb\",\"itemListElement\":[{\"@type\":\"ListItem\",\"position\":1,\"name\":\"Home\",\"item\":\"https:\\\/\\\/www.symbiosys.com\\\/cs\\\/\"},{\"@type\":\"ListItem\",\"position\":2,\"name\":\"Cookies\"}]},{\"@type\":\"WebSite\",\"@id\":\"https:\\\/\\\/www.inbiotys.com\\\/cs\\\/#website\",\"url\":\"https:\\\/\\\/www.inbiotys.com\\\/cs\\\/\",\"name\":\"Symbiosys\",\"description\":\"Mikrobiota pro \u017eivot\",\"potentialAction\":[{\"@type\":\"SearchAction\",\"target\":{\"@type\":\"EntryPoint\",\"urlTemplate\":\"https:\\\/\\\/www.inbiotys.com\\\/cs\\\/?s={search_term_string}\"},\"query-input\":{\"@type\":\"PropertyValueSpecification\",\"valueRequired\":true,\"valueName\":\"search_term_string\"}}],\"inLanguage\":\"cs\"}]}<\/script>\n<!-- \/ Yoast SEO plugin. -->","yoast_head_json":{"title":"Z\u00e1sady pou\u017e\u00edv\u00e1n\u00ed cookies - Symbiosys","description":"Z\u00e1sady pou\u017e\u00edv\u00e1n\u00ed cookies - Symbiosys","robots":{"index":"noindex","follow":"follow"},"og_locale":"cs_CZ","og_type":"article","og_title":"Z\u00e1sady pou\u017e\u00edv\u00e1n\u00ed cookies - Symbiosys","og_description":"Z\u00e1sady pou\u017e\u00edv\u00e1n\u00ed cookies - Symbiosys","og_url":"https:\/\/www.symbiosys.com\/cs\/cookie-policy\/","og_site_name":"Symbiosys","article_modified_time":"2024-06-03T12:37:46+00:00","twitter_card":"summary_large_image","twitter_misc":{"Est. reading time":"6 minut"},"schema":{"@context":"https:\/\/schema.org","@graph":[{"@type":"WebPage","@id":"https:\/\/www.symbiosys.com\/cs\/cookie-policy\/","url":"https:\/\/www.symbiosys.com\/cs\/cookie-policy\/","name":"Z\u00e1sady pou\u017e\u00edv\u00e1n\u00ed cookies - Symbiosys","isPartOf":{"@id":"https:\/\/www.inbiotys.com\/cs\/#website"},"datePublished":"2019-01-07T16:12:01+00:00","dateModified":"2024-06-03T12:37:46+00:00","description":"Z\u00e1sady pou\u017e\u00edv\u00e1n\u00ed cookies - Symbiosys","breadcrumb":{"@id":"https:\/\/www.symbiosys.com\/cs\/cookie-policy\/#breadcrumb"},"inLanguage":"cs","potentialAction":[{"@type":"ReadAction","target":["https:\/\/www.symbiosys.com\/cs\/cookie-policy\/"]}]},{"@type":"BreadcrumbList","@id":"https:\/\/www.symbiosys.com\/cs\/cookie-policy\/#breadcrumb","itemListElement":[{"@type":"ListItem","position":1,"name":"Home","item":"https:\/\/www.symbiosys.com\/cs\/"},{"@type":"ListItem","position":2,"name":"Cookies"}]},{"@type":"WebSite","@id":"https:\/\/www.inbiotys.com\/cs\/#website","url":"https:\/\/www.inbiotys.com\/cs\/","name":"Symbiosys","description":"Mikrobiota pro \u017eivot","potentialAction":[{"@type":"SearchAction","target":{"@type":"EntryPoint","urlTemplate":"https:\/\/www.inbiotys.com\/cs\/?s={search_term_string}"},"query-input":{"@type":"PropertyValueSpecification","valueRequired":true,"valueName":"search_term_string"}}],"inLanguage":"cs"}]}},"_links":{"self":[{"href":"https:\/\/www.inbiotys.com\/cs\/wp-json\/wp\/v2\/pages\/83087","targetHints":{"allow":["GET"]}}],"collection":[{"href":"https:\/\/www.inbiotys.com\/cs\/wp-json\/wp\/v2\/pages"}],"about":[{"href":"https:\/\/www.inbiotys.com\/cs\/wp-json\/wp\/v2\/types\/page"}],"author":[{"embeddable":true,"href":"https:\/\/www.inbiotys.com\/cs\/wp-json\/wp\/v2\/users\/73"}],"replies":[{"embeddable":true,"href":"https:\/\/www.inbiotys.com\/cs\/wp-json\/wp\/v2\/comments?post=83087"}],"version-history":[{"count":16,"href":"https:\/\/www.inbiotys.com\/cs\/wp-json\/wp\/v2\/pages\/83087\/revisions"}],"predecessor-version":[{"id":98158,"href":"https:\/\/www.inbiotys.com\/cs\/wp-json\/wp\/v2\/pages\/83087\/revisions\/98158"}],"wp:attachment":[{"href":"https:\/\/www.inbiotys.com\/cs\/wp-json\/wp\/v2\/media?parent=83087"}],"curies":[{"name":"wp","href":"https:\/\/api.w.org\/{rel}","templated":true}]}}