{"id":83092,"date":"2018-11-20T15:15:01","date_gmt":"2018-11-20T14:15:01","guid":{"rendered":"https:\/\/www.symbiosys.com\/contact\/"},"modified":"2021-03-03T14:32:15","modified_gmt":"2021-03-03T13:32:15","slug":"contact","status":"publish","type":"page","link":"https:\/\/www.inbiotys.com\/cs\/contact\/","title":{"rendered":"Kontakty"},"content":{"rendered":"","protected":false},"excerpt":{"rendered":"","protected":false},"author":73,"featured_media":0,"parent":0,"menu_order":0,"comment_status":"closed","ping_status":"closed","template":"views\/template-contact.blade.php","meta":{"footnotes":""},"class_list":["post-83092","page","type-page","status-publish","hentry"],"acf":[],"yoast_head":"<!-- This site is optimized with the Yoast SEO plugin v27.3 - https:\/\/yoast.com\/product\/yoast-seo-wordpress\/ -->\n<title>Kontakty - Symbiosys<\/title>\n<meta name=\"description\" content=\"Obra\u0165te se na Symbiosys. V\u00e1\u017e\u00edme si va\u0161\u00ed zp\u011btn\u00e9 vazby a d\u011bkujeme v\u00e1m, \u017ee jste si ud\u011blali \u010das a pod\u011blili se o sv\u00e9 n\u00e1zory na tuto str\u00e1nku.\" \/>\n<meta name=\"robots\" content=\"noindex, follow\" \/>\n<meta property=\"og:locale\" content=\"cs_CZ\" \/>\n<meta property=\"og:type\" content=\"article\" \/>\n<meta property=\"og:title\" content=\"Kontakty - Symbiosys\" \/>\n<meta property=\"og:description\" content=\"Obra\u0165te se na Symbiosys. V\u00e1\u017e\u00edme si va\u0161\u00ed zp\u011btn\u00e9 vazby a d\u011bkujeme v\u00e1m, \u017ee jste si ud\u011blali \u010das a pod\u011blili se o sv\u00e9 n\u00e1zory na tuto str\u00e1nku.\" \/>\n<meta property=\"og:url\" content=\"https:\/\/www.symbiosys.com\/cs\/contact\/\" \/>\n<meta property=\"og:site_name\" content=\"Symbiosys\" \/>\n<meta property=\"article:modified_time\" content=\"2021-03-03T13:32:15+00:00\" \/>\n<meta name=\"twitter:card\" content=\"summary_large_image\" \/>\n<script type=\"application\/ld+json\" class=\"yoast-schema-graph\">{\"@context\":\"https:\\\/\\\/schema.org\",\"@graph\":[{\"@type\":\"WebPage\",\"@id\":\"https:\\\/\\\/www.symbiosys.com\\\/cs\\\/contact\\\/\",\"url\":\"https:\\\/\\\/www.symbiosys.com\\\/cs\\\/contact\\\/\",\"name\":\"Kontakty - Symbiosys\",\"isPartOf\":{\"@id\":\"https:\\\/\\\/www.inbiotys.com\\\/cs\\\/#website\"},\"datePublished\":\"2018-11-20T14:15:01+00:00\",\"dateModified\":\"2021-03-03T13:32:15+00:00\",\"description\":\"Obra\u0165te se na Symbiosys. V\u00e1\u017e\u00edme si va\u0161\u00ed zp\u011btn\u00e9 vazby a d\u011bkujeme v\u00e1m, \u017ee jste si ud\u011blali \u010das a pod\u011blili se o sv\u00e9 n\u00e1zory na tuto str\u00e1nku.\",\"breadcrumb\":{\"@id\":\"https:\\\/\\\/www.symbiosys.com\\\/cs\\\/contact\\\/#breadcrumb\"},\"inLanguage\":\"cs\",\"potentialAction\":[{\"@type\":\"ReadAction\",\"target\":[\"https:\\\/\\\/www.symbiosys.com\\\/cs\\\/contact\\\/\"]}]},{\"@type\":\"BreadcrumbList\",\"@id\":\"https:\\\/\\\/www.symbiosys.com\\\/cs\\\/contact\\\/#breadcrumb\",\"itemListElement\":[{\"@type\":\"ListItem\",\"position\":1,\"name\":\"Home\",\"item\":\"https:\\\/\\\/www.symbiosys.com\\\/cs\\\/\"},{\"@type\":\"ListItem\",\"position\":2,\"name\":\"Kontakty\"}]},{\"@type\":\"WebSite\",\"@id\":\"https:\\\/\\\/www.inbiotys.com\\\/cs\\\/#website\",\"url\":\"https:\\\/\\\/www.inbiotys.com\\\/cs\\\/\",\"name\":\"Symbiosys\",\"description\":\"Mikrobiota pro \u017eivot\",\"potentialAction\":[{\"@type\":\"SearchAction\",\"target\":{\"@type\":\"EntryPoint\",\"urlTemplate\":\"https:\\\/\\\/www.inbiotys.com\\\/cs\\\/?s={search_term_string}\"},\"query-input\":{\"@type\":\"PropertyValueSpecification\",\"valueRequired\":true,\"valueName\":\"search_term_string\"}}],\"inLanguage\":\"cs\"}]}<\/script>\n<!-- \/ Yoast SEO plugin. -->","yoast_head_json":{"title":"Kontakty - Symbiosys","description":"Obra\u0165te se na Symbiosys. V\u00e1\u017e\u00edme si va\u0161\u00ed zp\u011btn\u00e9 vazby a d\u011bkujeme v\u00e1m, \u017ee jste si ud\u011blali \u010das a pod\u011blili se o sv\u00e9 n\u00e1zory na tuto str\u00e1nku.","robots":{"index":"noindex","follow":"follow"},"og_locale":"cs_CZ","og_type":"article","og_title":"Kontakty - Symbiosys","og_description":"Obra\u0165te se na Symbiosys. V\u00e1\u017e\u00edme si va\u0161\u00ed zp\u011btn\u00e9 vazby a d\u011bkujeme v\u00e1m, \u017ee jste si ud\u011blali \u010das a pod\u011blili se o sv\u00e9 n\u00e1zory na tuto str\u00e1nku.","og_url":"https:\/\/www.symbiosys.com\/cs\/contact\/","og_site_name":"Symbiosys","article_modified_time":"2021-03-03T13:32:15+00:00","twitter_card":"summary_large_image","schema":{"@context":"https:\/\/schema.org","@graph":[{"@type":"WebPage","@id":"https:\/\/www.symbiosys.com\/cs\/contact\/","url":"https:\/\/www.symbiosys.com\/cs\/contact\/","name":"Kontakty - Symbiosys","isPartOf":{"@id":"https:\/\/www.inbiotys.com\/cs\/#website"},"datePublished":"2018-11-20T14:15:01+00:00","dateModified":"2021-03-03T13:32:15+00:00","description":"Obra\u0165te se na Symbiosys. V\u00e1\u017e\u00edme si va\u0161\u00ed zp\u011btn\u00e9 vazby a d\u011bkujeme v\u00e1m, \u017ee jste si ud\u011blali \u010das a pod\u011blili se o sv\u00e9 n\u00e1zory na tuto str\u00e1nku.","breadcrumb":{"@id":"https:\/\/www.symbiosys.com\/cs\/contact\/#breadcrumb"},"inLanguage":"cs","potentialAction":[{"@type":"ReadAction","target":["https:\/\/www.symbiosys.com\/cs\/contact\/"]}]},{"@type":"BreadcrumbList","@id":"https:\/\/www.symbiosys.com\/cs\/contact\/#breadcrumb","itemListElement":[{"@type":"ListItem","position":1,"name":"Home","item":"https:\/\/www.symbiosys.com\/cs\/"},{"@type":"ListItem","position":2,"name":"Kontakty"}]},{"@type":"WebSite","@id":"https:\/\/www.inbiotys.com\/cs\/#website","url":"https:\/\/www.inbiotys.com\/cs\/","name":"Symbiosys","description":"Mikrobiota pro \u017eivot","potentialAction":[{"@type":"SearchAction","target":{"@type":"EntryPoint","urlTemplate":"https:\/\/www.inbiotys.com\/cs\/?s={search_term_string}"},"query-input":{"@type":"PropertyValueSpecification","valueRequired":true,"valueName":"search_term_string"}}],"inLanguage":"cs"}]}},"_links":{"self":[{"href":"https:\/\/www.inbiotys.com\/cs\/wp-json\/wp\/v2\/pages\/83092","targetHints":{"allow":["GET"]}}],"collection":[{"href":"https:\/\/www.inbiotys.com\/cs\/wp-json\/wp\/v2\/pages"}],"about":[{"href":"https:\/\/www.inbiotys.com\/cs\/wp-json\/wp\/v2\/types\/page"}],"author":[{"embeddable":true,"href":"https:\/\/www.inbiotys.com\/cs\/wp-json\/wp\/v2\/users\/73"}],"replies":[{"embeddable":true,"href":"https:\/\/www.inbiotys.com\/cs\/wp-json\/wp\/v2\/comments?post=83092"}],"version-history":[{"count":4,"href":"https:\/\/www.inbiotys.com\/cs\/wp-json\/wp\/v2\/pages\/83092\/revisions"}],"predecessor-version":[{"id":93852,"href":"https:\/\/www.inbiotys.com\/cs\/wp-json\/wp\/v2\/pages\/83092\/revisions\/93852"}],"wp:attachment":[{"href":"https:\/\/www.inbiotys.com\/cs\/wp-json\/wp\/v2\/media?parent=83092"}],"curies":[{"name":"wp","href":"https:\/\/api.w.org\/{rel}","templated":true}]}}