{"id":83635,"date":"2019-03-14T18:11:35","date_gmt":"2019-03-14T17:11:35","guid":{"rendered":"https:\/\/www.symbiosys.com\/wellness-coach-mag\/"},"modified":"2020-11-06T09:49:42","modified_gmt":"2020-11-06T08:49:42","slug":"wellness-coach-mag","status":"publish","type":"page","link":"https:\/\/www.inbiotys.com\/cs\/wellness-coach-mag\/","title":{"rendered":"MINI-RADY PRO WELLNESS"},"content":{"rendered":"","protected":false},"excerpt":{"rendered":"","protected":false},"author":73,"featured_media":0,"parent":0,"menu_order":0,"comment_status":"closed","ping_status":"closed","template":"views\/template-list.blade.php","meta":{"footnotes":""},"class_list":["post-83635","page","type-page","status-publish","hentry"],"acf":[],"yoast_head":"<!-- This site is optimized with the Yoast SEO plugin v27.3 - https:\/\/yoast.com\/product\/yoast-seo-wordpress\/ -->\n<title>Malink\u00e9 tipy pro wellness - P\u0159e\u010dt\u011bte si na\u0161e drobn\u00e9 tipy, jak vyu\u017e\u00edt den - Symbiosys<\/title>\n<meta name=\"description\" content=\"Jak\u00e9 mali\u010dkosti mohou m\u00edt velk\u00fd dopad na v\u00e1s a v\u00e1\u0161 \u017eivot? P\u0159e\u010dt\u011bte si na\u0161e drobn\u00e9 tipy a fakta, kter\u00e1 v\u00e1m pomohou vyu\u017e\u00edt den a \u017e\u00edt sv\u016fj \u017eivot naplno.\" \/>\n<meta name=\"robots\" content=\"noindex, follow\" \/>\n<meta property=\"og:locale\" content=\"cs_CZ\" \/>\n<meta property=\"og:type\" content=\"article\" \/>\n<meta property=\"og:title\" content=\"Malink\u00e9 tipy pro wellness - P\u0159e\u010dt\u011bte si na\u0161e drobn\u00e9 tipy, jak vyu\u017e\u00edt den - Symbiosys\" \/>\n<meta property=\"og:description\" content=\"Jak\u00e9 mali\u010dkosti mohou m\u00edt velk\u00fd dopad na v\u00e1s a v\u00e1\u0161 \u017eivot? P\u0159e\u010dt\u011bte si na\u0161e drobn\u00e9 tipy a fakta, kter\u00e1 v\u00e1m pomohou vyu\u017e\u00edt den a \u017e\u00edt sv\u016fj \u017eivot naplno.\" \/>\n<meta property=\"og:url\" content=\"https:\/\/www.inbiotys.com\/cs\/wellness-coach-mag\/\" \/>\n<meta property=\"og:site_name\" content=\"Symbiosys\" \/>\n<meta property=\"article:modified_time\" content=\"2020-11-06T08:49:42+00:00\" \/>\n<meta name=\"twitter:card\" content=\"summary_large_image\" \/>\n<script type=\"application\/ld+json\" class=\"yoast-schema-graph\">{\"@context\":\"https:\\\/\\\/schema.org\",\"@graph\":[{\"@type\":\"WebPage\",\"@id\":\"https:\\\/\\\/www.inbiotys.com\\\/cs\\\/wellness-coach-mag\\\/\",\"url\":\"https:\\\/\\\/www.inbiotys.com\\\/cs\\\/wellness-coach-mag\\\/\",\"name\":\"Malink\u00e9 tipy pro wellness - P\u0159e\u010dt\u011bte si na\u0161e drobn\u00e9 tipy, jak vyu\u017e\u00edt den - Symbiosys\",\"isPartOf\":{\"@id\":\"https:\\\/\\\/www.inbiotys.com\\\/cs\\\/#website\"},\"datePublished\":\"2019-03-14T17:11:35+00:00\",\"dateModified\":\"2020-11-06T08:49:42+00:00\",\"description\":\"Jak\u00e9 mali\u010dkosti mohou m\u00edt velk\u00fd dopad na v\u00e1s a v\u00e1\u0161 \u017eivot? P\u0159e\u010dt\u011bte si na\u0161e drobn\u00e9 tipy a fakta, kter\u00e1 v\u00e1m pomohou vyu\u017e\u00edt den a \u017e\u00edt sv\u016fj \u017eivot naplno.\",\"breadcrumb\":{\"@id\":\"https:\\\/\\\/www.inbiotys.com\\\/cs\\\/wellness-coach-mag\\\/#breadcrumb\"},\"inLanguage\":\"cs\",\"potentialAction\":[{\"@type\":\"ReadAction\",\"target\":[\"https:\\\/\\\/www.inbiotys.com\\\/cs\\\/wellness-coach-mag\\\/\"]}]},{\"@type\":\"BreadcrumbList\",\"@id\":\"https:\\\/\\\/www.inbiotys.com\\\/cs\\\/wellness-coach-mag\\\/#breadcrumb\",\"itemListElement\":[{\"@type\":\"ListItem\",\"position\":1,\"name\":\"Home\",\"item\":\"https:\\\/\\\/www.symbiosys.com\\\/cs\\\/\"},{\"@type\":\"ListItem\",\"position\":2,\"name\":\"MINI-RADY PRO WELLNESS\"}]},{\"@type\":\"WebSite\",\"@id\":\"https:\\\/\\\/www.inbiotys.com\\\/cs\\\/#website\",\"url\":\"https:\\\/\\\/www.inbiotys.com\\\/cs\\\/\",\"name\":\"Symbiosys\",\"description\":\"Mikrobiota pro \u017eivot\",\"potentialAction\":[{\"@type\":\"SearchAction\",\"target\":{\"@type\":\"EntryPoint\",\"urlTemplate\":\"https:\\\/\\\/www.inbiotys.com\\\/cs\\\/?s={search_term_string}\"},\"query-input\":{\"@type\":\"PropertyValueSpecification\",\"valueRequired\":true,\"valueName\":\"search_term_string\"}}],\"inLanguage\":\"cs\"}]}<\/script>\n<!-- \/ Yoast SEO plugin. -->","yoast_head_json":{"title":"Malink\u00e9 tipy pro wellness - P\u0159e\u010dt\u011bte si na\u0161e drobn\u00e9 tipy, jak vyu\u017e\u00edt den - Symbiosys","description":"Jak\u00e9 mali\u010dkosti mohou m\u00edt velk\u00fd dopad na v\u00e1s a v\u00e1\u0161 \u017eivot? P\u0159e\u010dt\u011bte si na\u0161e drobn\u00e9 tipy a fakta, kter\u00e1 v\u00e1m pomohou vyu\u017e\u00edt den a \u017e\u00edt sv\u016fj \u017eivot naplno.","robots":{"index":"noindex","follow":"follow"},"og_locale":"cs_CZ","og_type":"article","og_title":"Malink\u00e9 tipy pro wellness - P\u0159e\u010dt\u011bte si na\u0161e drobn\u00e9 tipy, jak vyu\u017e\u00edt den - Symbiosys","og_description":"Jak\u00e9 mali\u010dkosti mohou m\u00edt velk\u00fd dopad na v\u00e1s a v\u00e1\u0161 \u017eivot? P\u0159e\u010dt\u011bte si na\u0161e drobn\u00e9 tipy a fakta, kter\u00e1 v\u00e1m pomohou vyu\u017e\u00edt den a \u017e\u00edt sv\u016fj \u017eivot naplno.","og_url":"https:\/\/www.inbiotys.com\/cs\/wellness-coach-mag\/","og_site_name":"Symbiosys","article_modified_time":"2020-11-06T08:49:42+00:00","twitter_card":"summary_large_image","schema":{"@context":"https:\/\/schema.org","@graph":[{"@type":"WebPage","@id":"https:\/\/www.inbiotys.com\/cs\/wellness-coach-mag\/","url":"https:\/\/www.inbiotys.com\/cs\/wellness-coach-mag\/","name":"Malink\u00e9 tipy pro wellness - P\u0159e\u010dt\u011bte si na\u0161e drobn\u00e9 tipy, jak vyu\u017e\u00edt den - Symbiosys","isPartOf":{"@id":"https:\/\/www.inbiotys.com\/cs\/#website"},"datePublished":"2019-03-14T17:11:35+00:00","dateModified":"2020-11-06T08:49:42+00:00","description":"Jak\u00e9 mali\u010dkosti mohou m\u00edt velk\u00fd dopad na v\u00e1s a v\u00e1\u0161 \u017eivot? P\u0159e\u010dt\u011bte si na\u0161e drobn\u00e9 tipy a fakta, kter\u00e1 v\u00e1m pomohou vyu\u017e\u00edt den a \u017e\u00edt sv\u016fj \u017eivot naplno.","breadcrumb":{"@id":"https:\/\/www.inbiotys.com\/cs\/wellness-coach-mag\/#breadcrumb"},"inLanguage":"cs","potentialAction":[{"@type":"ReadAction","target":["https:\/\/www.inbiotys.com\/cs\/wellness-coach-mag\/"]}]},{"@type":"BreadcrumbList","@id":"https:\/\/www.inbiotys.com\/cs\/wellness-coach-mag\/#breadcrumb","itemListElement":[{"@type":"ListItem","position":1,"name":"Home","item":"https:\/\/www.symbiosys.com\/cs\/"},{"@type":"ListItem","position":2,"name":"MINI-RADY PRO WELLNESS"}]},{"@type":"WebSite","@id":"https:\/\/www.inbiotys.com\/cs\/#website","url":"https:\/\/www.inbiotys.com\/cs\/","name":"Symbiosys","description":"Mikrobiota pro \u017eivot","potentialAction":[{"@type":"SearchAction","target":{"@type":"EntryPoint","urlTemplate":"https:\/\/www.inbiotys.com\/cs\/?s={search_term_string}"},"query-input":{"@type":"PropertyValueSpecification","valueRequired":true,"valueName":"search_term_string"}}],"inLanguage":"cs"}]}},"_links":{"self":[{"href":"https:\/\/www.inbiotys.com\/cs\/wp-json\/wp\/v2\/pages\/83635","targetHints":{"allow":["GET"]}}],"collection":[{"href":"https:\/\/www.inbiotys.com\/cs\/wp-json\/wp\/v2\/pages"}],"about":[{"href":"https:\/\/www.inbiotys.com\/cs\/wp-json\/wp\/v2\/types\/page"}],"author":[{"embeddable":true,"href":"https:\/\/www.inbiotys.com\/cs\/wp-json\/wp\/v2\/users\/73"}],"replies":[{"embeddable":true,"href":"https:\/\/www.inbiotys.com\/cs\/wp-json\/wp\/v2\/comments?post=83635"}],"version-history":[{"count":2,"href":"https:\/\/www.inbiotys.com\/cs\/wp-json\/wp\/v2\/pages\/83635\/revisions"}],"predecessor-version":[{"id":83637,"href":"https:\/\/www.inbiotys.com\/cs\/wp-json\/wp\/v2\/pages\/83635\/revisions\/83637"}],"wp:attachment":[{"href":"https:\/\/www.inbiotys.com\/cs\/wp-json\/wp\/v2\/media?parent=83635"}],"curies":[{"name":"wp","href":"https:\/\/api.w.org\/{rel}","templated":true}]}}