{"id":84581,"date":"2019-01-07T17:12:01","date_gmt":"2019-01-07T16:12:01","guid":{"rendered":"https:\/\/www.symbiosys.com\/cookie-policy\/"},"modified":"2024-06-03T14:34:01","modified_gmt":"2024-06-03T12:34:01","slug":"zasady-pouzivania-suborov-cookie","status":"publish","type":"page","link":"https:\/\/www.inbiotys.com\/sk\/zasady-pouzivania-suborov-cookie\/","title":{"rendered":"Z\u00c1SADY POU\u017d\u00cdVANIA S\u00daBOROV COOKIE"},"content":{"rendered":"\r\n<p><strong>1 \u2013 Preambula<\/strong><\/p>\r\n\r\n\r\n\r\n<p>Z\u00e1sady pou\u017e\u00edvania s\u00faborov cookie op\u00edsan\u00e9 v tomto dokumente sa vz\u0165ahuj\u00fa k webov\u00fdm str\u00e1nkam [www.symbiosys.com] (\u010falej ako \u201ewebov\u00e9 str\u00e1nky\u201c). Ich cie\u013eom je informova\u0165 pou\u017e\u00edvate\u013ea webov\u00fdch str\u00e1nok (\u010falej len \u201epou\u017e\u00edvate\u013e\u201c) o sprac\u00favan\u00ed s\u00faborov cookie, ktor\u00e9 sa ho t\u00fdkaj\u00fa a ktor\u00e9 vykon\u00e1va spolo\u010dnos\u0165 [BIOCODEX SAS, o pou\u017e\u00edvan\u00fdch typoch s\u00faborov cookie a sp\u00f4sobe, ak\u00fdm m\u00f4\u017ee tieto pr\u00e1va napadn\u00fa\u0165.<\/p>\r\n\r\n\r\n\r\n<p><strong>2 \u2013 V\u0161eobecn\u00e9 inform\u00e1cie<\/strong><\/p>\r\n\r\n\r\n\r\n<p><u>\u010co je s\u00fabor cookie?<u><\/u><\/u><\/p>\r\n\r\n\r\n\r\n<p>Takzvan\u00fd s\u00fabor cookie je textov\u00fd s\u00fabor, ktor\u00fd mo\u017eno umiestni\u0165 do zariadenia pou\u017e\u00edvate\u013ea pri prehliadan\u00ed webov\u00fdch str\u00e1nok. S\u00fabory cookie s\u00fa d\u00f4le\u017eit\u00fd n\u00e1stroj, ktor\u00fd organiz\u00e1ci\u00e1m umo\u017e\u0148uje z\u00edska\u0165 preh\u013ead o aktivite svojich pou\u017e\u00edvate\u013eov na internete.<\/p>\r\n\r\n\r\n\r\n<p>Princ\u00edp fungovania: tieto s\u00fabory s\u00fa vo v\u0161eobecnosti malej ve\u013ekosti a ozna\u010den\u00e9 n\u00e1zvom. Pren\u00e1\u0161aj\u00fa sa do prehliada\u010da pou\u017e\u00edvate\u013ea prostredn\u00edctvom nav\u0161t\u00edven\u00fdch webov\u00fdch str\u00e1nok. V prehliada\u010di sa po ur\u010dit\u00fd \u010das ponechaj\u00fa a pri ka\u017edom op\u00e4tovnom pripojen\u00ed sa z prehliada\u010da vr\u00e1tia na dan\u00fa webov\u00fa str\u00e1nku. S\u00fabory cookie mo\u017eno v z\u00e1sade \u013eahko zobrazi\u0165 a odstra\u0148ova\u0165.<\/p>\r\n\r\n\r\n\r\n<p>S\u00fabory cookie s\u00fa ako tak\u00e9 ne\u0161kodn\u00e9, ke\u010f\u017ee neobsahuj\u00fa spustite\u013en\u00fd k\u00f3d. Plnia d\u00f4le\u017eit\u00e9 funkcie pre webov\u00e9 str\u00e1nky: m\u00f4\u017eu sa pou\u017ei\u0165 na ukladanie identifika\u010dn\u00fdch \u00fadajov \u00fa\u010dtu z\u00e1kazn\u00edka, naviga\u010dn\u00fdch preferenci\u00ed, umo\u017e\u0148uj\u00fa sledovanie navig\u00e1cie na \u0161tatistick\u00e9 a reklamn\u00e9 \u00fa\u010dely at\u010f.<\/p>\r\n\r\n\r\n\r\n<p>S\u00fabory cookie v\u0161ak m\u00f4\u017eu uklada\u0165 \u00fadaje dostato\u010dn\u00e9 na identifik\u00e1ciu pou\u017e\u00edvate\u013ea bez jeho s\u00fahlasu a v niektor\u00fdch pr\u00edpadoch ich mo\u017eno pou\u017ei\u0165 na vytvorenie profilov jednotlivcov. Z tohto d\u00f4vodu je nevyhnutn\u00e9, aby sa v r\u00e1mci ochrany \u00fadajov riadila aj spr\u00e1va s\u00faborov cookie.<\/p>\r\n\r\n\r\n\r\n<p><u>Typy s\u00faborov cookie<\/u><\/p>\r\n\r\n\r\n\r\n<p>S\u00fabory cookie mo\u017eno vo v\u0161eobecnosti rozdeli\u0165 tromi r\u00f4znymi sp\u00f4sobmi: pod\u013ea p\u00f4vodu, pod\u013ea trvania a pod\u013ea \u00fa\u010delu.<\/p>\r\n\r\n\r\n\r\n<p><em>Pod\u013ea p\u00f4vodu<\/em><\/p>\r\n\r\n\r\n\r\n<p><strong>S\u00fabory cookie protistrany<\/strong> \u2013 tieto s\u00fabory cookie s\u00fa do koncov\u00e9ho zariadenia n\u00e1v\u0161tevn\u00edka umiestnen\u00e9 priamo nav\u0161t\u00edven\u00fdmi webov\u00fdmi str\u00e1nkami.<\/p>\r\n\r\n\r\n\r\n<p><strong>S\u00fabory cookie tret\u00edch str\u00e1n<\/strong> \u2013 tieto s\u00fabory cookie s\u00fa do koncov\u00e9ho zariadenia n\u00e1v\u0161tevn\u00edka umiestnen\u00e9 tre\u0165ou stranou, napr\u00edklad inzerentom.<\/p>\r\n\r\n\r\n\r\n<p><em>Pod\u013ea trvania<\/em><\/p>\r\n\r\n\r\n\r\n<p><strong>S\u00fabory cookie rel\u00e1cie<\/strong> \u2013 tieto s\u00fabory cookie s\u00fa do\u010dasn\u00e9 a str\u00e1caj\u00fa platnos\u0165 pri zatvoren\u00ed prehliada\u010da alebo na konci n\u00e1v\u0161tevy (rel\u00e1cie).<\/p>\r\n\r\n\r\n\r\n<p><strong>Trval\u00e9 s\u00fabory cookie<\/strong> \u2013 t\u00e1to kateg\u00f3ria zah\u0155\u0148a v\u0161etky s\u00fabory cookie, ktor\u00e9 zostan\u00fa v zariaden\u00ed n\u00e1v\u0161tevn\u00edka a\u017e do ich odstr\u00e1nenia. Odstr\u00e1ni\u0165 ich mo\u017eno ru\u010dne alebo automaticky (v z\u00e1vislosti od d\u00e1tumu uplynutia platnosti s\u00faboru cookie alebo pri zavret\u00ed prehliada\u010da, ak je takto nakonfigurovan\u00fd).<\/p>\r\n\r\n\r\n\r\n<p><em>\u00da\u010del<\/em><\/p>\r\n\r\n\r\n\r\n<p><strong>Nevyhnutn\u00e9 s\u00fabory cookie<\/strong> \u2013tieto s\u00fabory cookie pom\u00e1haj\u00fa pou\u017eite\u013enosti webov\u00fdch str\u00e1nok t\u00fdm, \u017ee umo\u017e\u0148uj\u00fa z\u00e1kladn\u00e9 funkcie, ako je navig\u00e1cia na str\u00e1nke, pr\u00edstup k zabezpe\u010den\u00fdm oblastiam webov\u00fdch str\u00e1nok alebo ukladanie polo\u017eiek v online n\u00e1kupnom ko\u0161\u00edku. V d\u00f4sledku toho webov\u00e9 str\u00e1nky bez t\u00fdchto s\u00faborov cookie nem\u00f4\u017eu fungova\u0165 spr\u00e1vne.<\/p>\r\n\r\n\r\n\r\n<p><strong>Preferen\u010dn\u00e9 s\u00fabory cookie<\/strong> (funk\u010dn\u00e9 s\u00fabory cookie) \u2013 tieto s\u00fabory cookie umo\u017e\u0148uj\u00fa webov\u00fdm str\u00e1nkam uchov\u00e1va\u0165 inform\u00e1cie, ktor\u00e9 menia sp\u00f4sob spr\u00e1vania alebo zobrazenia webov\u00fdch str\u00e1nok, ako je preferovan\u00fd jazyk n\u00e1v\u0161tevn\u00edka alebo oblas\u0165, v ktorej sa nach\u00e1dza.<\/p>\r\n\r\n\r\n\r\n<p><strong>\u0160tatistick\u00e9 s\u00fabory cookie<\/strong> (v\u00fdkonnostn\u00e9 s\u00fabory cookie) \u2013 tieto s\u00fabory cookie pom\u00e1haj\u00fa vlastn\u00edkovi webov\u00fdch str\u00e1nok prostredn\u00edctvom z\u00edskavania a odovzd\u00e1vania inform\u00e1ci\u00ed pochopi\u0165, ako n\u00e1v\u0161tevn\u00edci s webov\u00fdmi str\u00e1nkami komunikuj\u00fa, napr\u00edklad nav\u0161t\u00edven\u00e9 str\u00e1nky a pou\u017eit\u00e9 odkazy. N\u00e1sledne je cie\u013eom webov\u00e9 str\u00e1nky vylep\u0161i\u0165. Aj ke\u010f s\u00fa tieto s\u00fabory cookie ur\u010den\u00e9 pre pou\u017eitie vlastn\u00edkom webov\u00fdch str\u00e1nok, m\u00f4\u017eu poch\u00e1dza\u0165 od tret\u00edch str\u00e1n, ktor\u00e9 m\u00f4\u017eu n\u00e1v\u0161tevn\u00edka sledova\u0165 na marketingov\u00e9 \u00fa\u010dely.<\/p>\r\n\r\n\r\n\r\n<p><strong>Marketingov\u00e9 s\u00fabory cookie<\/strong> \u2013 tieto s\u00fabory cookie sleduj\u00fa aktivitu pou\u017e\u00edvate\u013ea na internete a pom\u00e1haj\u00fa inzerentom napr\u00edklad poskytova\u0165 relevantnej\u0161ie reklamy. Tieto s\u00fabory cookie m\u00f4\u017eu tak\u00e9to inform\u00e1cie odovzd\u00e1va\u0165 ostatn\u00fdm organiz\u00e1ci\u00e1m alebo inzerentom. Ide o trval\u00e9 s\u00fabory cookie a takmer v\u017edy o s\u00fabory cookie tret\u00edch str\u00e1n.<\/p>\r\n\r\n\r\n\r\n<p><strong>3 \u2013 V\u0161eobecn\u00e9 ustanovenia<\/strong><\/p>\r\n\r\n\r\n\r\n<p>Spr\u00e1va s\u00faborov cookie na t\u00fdchto webov\u00fdch str\u00e1nkach predstavuje spracovanie osobn\u00fdch \u00fadajov vykon\u00e1van\u00e9 vydavate\u013eom. Nasleduj\u00face ustanovenia sa vz\u0165ahuj\u00fa na v\u0161etky s\u00fabory cookie sprac\u00favan\u00e9 na t\u00fdchto webov\u00fdch str\u00e1nkach, ak nie je v osobitn\u00fdch ustanoveniach uveden\u00e9 inak.<\/p>\r\n\r\n\r\n\r\n<p><u>Pr\u00e1vny r\u00e1mec<\/u><\/p>\r\n\r\n\r\n\r\n<p>Vydavate\u013e ako prev\u00e1dzkovate\u013e \u00fadajov vyhlasuje, \u017ee na t\u00fdchto webov\u00fdch str\u00e1nkach sprac\u00fava s\u00fabory cookie v s\u00falade s predpismi platn\u00fdmi o ochrane fyzick\u00fdch os\u00f4b pri sprac\u00favan\u00ed osobn\u00fdch \u00fadajov a o vo\u013enom pohybe tak\u00fdchto \u00fadajov, najm\u00e4 nariaden\u00edm E\u00da \u010d. 2016\/679 z 27. apr\u00edla 2016 \u2013 v\u0161eobecn\u00e9 nariadenie o ochrane \u00fadajov (GDPR).<\/p>\r\n\r\n\r\n\r\n<p>Spolo\u010dnos\u0165 Biocodex v r\u00e1mci dodr\u017eiavania predpisov vymenovala zodpovedn\u00fa osobu vo vz\u0165ahu k franc\u00fazskemu \u00faradu pre ochranu \u00fadajov (CNIL). Toto vymenovanie je \u00fa\u010dinn\u00e9 ku d\u0148u 25. m\u00e1ja 2018, \u010dj. DPO-3068.<\/p>\r\n\r\n\r\n\r\n<p><u>Prev\u00e1dzkovate\u013e \u00fadajov<\/u><\/p>\r\n\r\n\r\n\r\n<p>Prev\u00e1dzkovate\u013e \u00fadaje je identifikovan\u00fd ako:<\/p>\r\n\r\n\r\n\r\n<p>Biocodex, zjednodu\u0161en\u00e1 akciov\u00e1 spolo\u010dnos\u0165 pod\u013ea franc\u00fazskeho pr\u00e1va s kme\u0148ov\u00fdm iman\u00edm vo v\u00fd\u0161ke 4 284 000 EUR zap\u00edsan\u00e1 v Obchodnom registri RCS. Cr\u00e9teil pod \u010d. 562 064 600, so s\u00eddlom na adrese 22 rue des Aqueducs &#8211; 94250 Gentilly &#8211; Franc\u00fazsko, \u0161tatut\u00e1rny z\u00e1stupca: p. Jean-Marie Lef\u00e8vre s riadnymi pr\u00e1vomocami predsedu predstavenstva a gener\u00e1lneho riadite\u013ea.<\/p>\r\n\r\n\r\n\r\n<p>Website: www.biocodex.fr Telephone: +33 (0) 1 41 24 30 00<\/p>\r\n\r\n\r\n\r\n<p><u>Dotknut\u00e9 osoby<\/u><\/p>\r\n\r\n\r\n\r\n<p>Sprac\u00favanie sa t\u00fdka t\u00fdchto os\u00f4b:<\/p>\r\n<ul>\r\n<li>pou\u017e\u00edvate\u013e t\u00fdchto webov\u00fdch str\u00e1nok,<\/li>\r\n<li>zamestnanci vydavate\u013ea zodpovedn\u00ed za publik\u00e1ciu obsahu a technick\u00fa spr\u00e1vu t\u00fdchto webov\u00fdch str\u00e1nok,<\/li>\r\n<li>pracovn\u00edci dotknut\u00fdch poskytovate\u013eov slu\u017eieb.<\/li>\r\n<\/ul>\r\n\r\n\r\n\r\n<p><u>Pr\u00edjemcovia \u00fadajov<\/u><\/p>\r\n\r\n\r\n\r\n<p>pou\u017e\u00edvate\u013e t\u00fdchto webov\u00fdch str\u00e1nok,<\/p>\r\n\r\n\r\n\r\n<ul class=\"wp-block-list\">\r\n<li>pou\u017e\u00edvate\u013e t\u00fdchto webov\u00fdch str\u00e1nok,<\/li>\r\n<li>zamestnanci vydavate\u013ea zodpovedn\u00ed za publik\u00e1ciu obsahu a technick\u00fa spr\u00e1vu t\u00fdchto webov\u00fdch str\u00e1nok,<\/li>\r\n<li>pracovn\u00edci dotknut\u00fdch poskytovate\u013eov slu\u017eieb,<\/li>\r\n<li>tretie strany z\u00edskavaj\u00face \u00fadaje zo s\u00faborov cookie.<\/li>\r\n<\/ul>\r\n\r\n\r\n\r\n<p><u>Pr\u00e1va pou\u017e\u00edvate\u013eov t\u00fdkaj\u00face sa s\u00faborov cookie<\/u><\/p>\r\n\r\n\r\n\r\n<p>Webov\u00e9 str\u00e1nky m\u00f4\u017eu uklada\u0165 s\u00fabory cookie do koncov\u00e9ho zariadenia pou\u017e\u00edvate\u013ea len v pr\u00edpade, \u017ee s\u00fa nevyhnutn\u00e9 na prev\u00e1dzku str\u00e1nok. Na pou\u017eitie in\u00fdch typov s\u00faborov cookie je nutn\u00fd s\u00fahlas pou\u017e\u00edvate\u013ea.<\/p>\r\n\r\n\r\n\r\n<p><em>Nastavenie webov\u00e9ho prehliada\u010da<\/em><\/p>\r\n\r\n\r\n\r\n<p>Pou\u017e\u00edvate\u013e m\u00f4\u017ee umiestneniu s\u00faborov cookie do svojho zariadenia zabr\u00e1ni\u0165 alebo existuj\u00face s\u00fabory cookie odstr\u00e1ni\u0165 t\u00fdm, \u017ee pr\u00edslu\u0161n\u00fdm sp\u00f4sobom nastav\u00ed svoj webov\u00fd prehliada\u010d. Na pr\u00edstup k pokynom na spr\u00e1vu s\u00faborov cookie m\u00f4\u017ee pou\u017e\u00edvate\u013e postupova\u0165 pod\u013ea sekcie pomocn\u00edka svojho prehliada\u010da. Treba v\u0161ak upozorni\u0165, \u017ee z\u00e1kaz s\u00faborov cookie vo webovom prehliada\u010di m\u00f4\u017ee sp\u00f4sobi\u0165 nefunk\u010dnos\u0165 t\u00fdchto webov\u00fdch str\u00e1nok, ako aj in\u00fdch webov\u00fdch str\u00e1nok.<\/p>\r\n\r\n\r\n\r\n<p><em>Nastavenie parametrov na \u00farovni webov\u00fdch str\u00e1nok<\/em><\/p>\r\n\r\n\r\n\r\n<p>Po\u010das svojej prvej n\u00e1v\u0161tevy str\u00e1nok mus\u00ed pou\u017e\u00edvate\u013e pred pokra\u010dovan\u00edm v pohybe na webov\u00fdch str\u00e1nkach vyjadri\u0165 svoj v\u00fdber prostredn\u00edctvom modulu vyhl\u00e1senia o s\u00faboroch cookie (\u010falej ako \u201ebanner s\u00faborov cookie\u201c). S\u00fabory cookie sa ukladaj\u00fa len v pr\u00edpade, \u017ee ich pou\u017e\u00edvate\u013e prijme. S\u00fabory cookie mo\u017eno prij\u00edma\u0165 alebo odmieta\u0165 celkovo alebo pri jednotliv\u00fdch slu\u017eb\u00e1ch. Pou\u017e\u00edvate\u013e m\u00f4\u017ee svoje v\u00fdbery kedyko\u013evek zmeni\u0165 op\u00e4tovn\u00fdm vyvolan\u00edm banneru s\u00faborov cookie.<\/p>\r\n\r\n\r\n\r\n<p id=\"cookie-banner\" style=\"text-align: center; cursor: pointer; text-decoration: underline; color: #525ddc;\">Zobrazenie banneru s\u00faborov cookie<\/p>\r\n\r\n\r\n\r\n<p><u>Pr\u00e1vne inform\u00e1cie<\/u><\/p>\r\n\r\n\r\n\r\n<p>V s\u00falade s predpismi platn\u00fdmi o ochrane fyzick\u00fdch os\u00f4b pri sprac\u00favan\u00ed osobn\u00fdch \u00fadajov a o vo\u013enom pohybe tak\u00fdchto \u00fadajov, najm\u00e4 nariaden\u00edm E\u00da \u010d. 2016\/679 z 27.<\/p>\r\n\r\n\r\n\r\n<p>apr\u00edla 2016 \u2013 v\u0161eobecn\u00e9 nariadenie o ochrane \u00fadajov (GDPR), si m\u00f4\u017ee pou\u017e\u00edvate\u013e v s\u00favislosti s \u00fadajmi, ktor\u00fdmi sa preukazuje svoju toto\u017enos\u0165, uplatni\u0165 pr\u00e1vo na pr\u00edstup k \u00fadajom, opravu \u00fadajov, vymazanie \u00fadajov, obmedzenie sprac\u00favania \u00fadajov a vznesenie n\u00e1mietky t\u00fdkaj\u00facej sa jeho \u00fadajov u zodpovednej osoby spolo\u010dnosti Biocodex pomocou <a href=\"https:\/\/www.symbiosys.com\/sk\/kontakty-symbiosys\/\">kontaktn\u00e9ho formul\u00e1ra<\/a> uveden\u00e9ho na webov\u00fdch str\u00e1nkach.<\/p>\r\n\r\n\r\n\r\n<p style=\"text-align: center;\">Pou\u017e\u00edvate\u013e si m\u00f4\u017ee v pr\u00edpade potreby uplatni\u0165 pr\u00e1vo poda\u0165 s\u0165a\u017enos\u0165 dozorn\u00e9mu org\u00e1nu u svojho miestneho org\u00e1nu pre ochranu \u00fadajov.<\/p>\r\n\r\n\r\n\r\n<p><u>Zabezpe\u010denie osobn\u00fdch \u00fadajov<\/u><\/p>\r\n\r\n\r\n\r\n<p>Vydavate\u013e prij\u00edma v\u0161etky nevyhnutn\u00e9 opatrenia na zachovanie bezpe\u010dnosti osobn\u00fdch \u00fadajov pou\u017e\u00edvate\u013ea a jeho cie\u013eom je najm\u00e4 zabr\u00e1ni\u0165 ich naru\u0161eniu, po\u0161kodeniu alebo neopr\u00e1vnen\u00e9mu pr\u00edstupu tret\u00edch str\u00e1n k nim.<\/p>\r\n\r\n\r\n\r\n<p>Vydavate\u013e na t\u00fdchto webov\u00fdch str\u00e1nkach pou\u017e\u00edva protokol https. Tento bezpe\u010dnostn\u00fd mechanizmus umo\u017e\u0148uje pou\u017e\u00edvate\u013eovi overi\u0165 identitu webovej str\u00e1nky, ku ktorej pristupuje, a to pomocou overovacieho certifik\u00e1tu vydan\u00e9mu org\u00e1nom tretej strany, ktor\u00fd je zn\u00e1my svojou spo\u013eahlivos\u0165ou. Umo\u017e\u0148uje aj zabezpe\u010di\u0165 d\u00f4vernos\u0165 a integritu \u00fadajov zaslan\u00fdch pou\u017e\u00edvate\u013eom, napr\u00edklad inform\u00e1ci\u00ed zo s\u00faborov cookie odovzd\u00e1van\u00fdch tret\u00edm stran\u00e1m.<\/p>\r\n<p>&nbsp;<\/p>\r\n\r\n\r\n\r\n<p><strong>4 \u2013 Osobitn\u00e9 ustanovenia<\/strong><\/p>\r\n\r\n\r\n\r\n<p>Nasleduj\u00face ustanovenia podrobne opisuj\u00fa s\u00fabory cookie pou\u017e\u00edvan\u00e9 na t\u00fdchto webov\u00fdch str\u00e1nkach. Pri s\u00faboroch cookie tret\u00edch str\u00e1n s\u00fa tieto podrobnosti k dispoz\u00edcii prostredn\u00edctvom <span id=\"cookieB\" style=\"text-decoration: underline; color: #525ddc; cursor: pointer;\">banneru s\u00faborov cookie<\/span>.<\/p>\r\n\r\n\r\n\r\n<p><u>S\u00fabory cookie protistrany<\/u><\/p>\r\n\r\n\r\n\r\n<p><em>\u00da\u010del<\/em><\/p>\r\n\r\n\r\n\r\n<p>Vydavate\u013e pou\u017e\u00edva intern\u00e9 s\u00fabory cookie nevyhnutn\u00e9 na prev\u00e1dzku t\u00fdchto webov\u00fdch str\u00e1nok.<\/p>\r\n\r\n\r\n\r\n<p><em>Pr\u00e1vny z\u00e1klad<\/em><\/p>\r\n\r\n\r\n\r\n<p>Sprac\u00favanie je v s\u00falade s opr\u00e1vnen\u00fdmi z\u00e1ujmami, ktor\u00e9 vydavate\u013e sleduje v r\u00e1mci vz\u0165ahu s pou\u017e\u00edvate\u013eom.<\/p>\r\n\r\n\r\n\r\n<p><em>Podrobn\u00e9 \u00fadaje o s\u00faboroch cookie<\/em><\/p>\r\n\r\n\r\n\r\n<table class=\"wp-block-table\">\r\n<thead>\r\n<tr>\r\n<th>Cookie name<\/th>\r\n<th>Function<\/th>\r\n<th>Duration<\/th>\r\n<\/tr>\r\n<\/thead>\r\n<tbody>\r\n<tr>\r\n<td>\r\n<table class=\"wp-block-table\">\r\n<tbody>\r\n<tr>\r\n<td>_icl_current_language<\/td>\r\n<\/tr>\r\n<\/tbody>\r\n<\/table>\r\n<\/td>\r\n<td>zapam\u00e4tanie jazykovej preferencie<\/td>\r\n<td>1 de\u0148<\/td>\r\n<\/tr>\r\n<tr>\r\n<td>didomi_token<\/td>\r\n<td>Obsahuje inform\u00e1cie o s\u00fahlase na personalizovan\u00e9 \u00fa\u010dely a pre personalizovan\u00fdch partnerov, ako aj inform\u00e1cie \u0161pecifick\u00e9 pre Didomi (napr\u00edklad ID pou\u017e\u00edvate\u013ea).<\/td>\r\n<td>1 rok<\/td>\r\n<\/tr>\r\n<\/tbody>\r\n<\/table>\r\n<p><\/p>\r\n<p><u>S\u00fabory cookie tretej strany<\/u><\/p>\r\n<p><em>\u00da\u010del<\/em><\/p>\r\n<p>Vydavate\u013e pou\u017e\u00edva s\u00fabory cookie tretej strany na zlep\u0161enie webov\u00fdch str\u00e1nok a pou\u017e\u00edvate\u013esk\u00e9ho prostredia.<\/p>\r\n<p><em>Pr\u00e1vny z\u00e1klad<\/em><\/p>\r\n<p>Sprac\u00favanie vy\u017eaduje s\u00fahlas pou\u017e\u00edvate\u013ea.<\/p>\r\n<p><em>Funkcie vyu\u017e\u00edvaj\u00face s\u00fabory cookie<\/em><\/p>\r\n<ul>\r\n<li>Meranie n\u00e1v\u0161tevnosti (Google Analytics, Yandex)<\/li>\r\n<li>Tla\u010didl\u00e1 zdie\u013eania (Facebook, Instagram, Youtube)<\/li>\r\n<li>Marketingov\u00e1 anal\u00fdza (Google Tag Manager, Roistat, Facebook Pixel)<\/li>\r\n<\/ul>\r\n<div id=\"simple-translate\">\r\n<div>\r\n<div class=\"simple-translate-button isShow\" style=\"background-image: url('chrome-extension:\/\/ibplnjkanclpjokhdolnendpplpjiace\/icons\/512.png'); height: 22px; width: 22px; top: 3156px; left: 23px;\">\u00a0<\/div>\r\n<div class=\"simple-translate-panel \" style=\"width: 300px; height: 200px; top: 0px; left: 0px; font-size: 13px; background-color: #ffffff;\">\r\n<div class=\"simple-translate-result-wrapper\" style=\"overflow: hidden;\">\r\n<div class=\"simple-translate-move\" draggable=\"true\">\u00a0<\/div>\r\n<div class=\"simple-translate-result-contents\">\r\n<p class=\"simple-translate-result\" dir=\"auto\" style=\"color: #000000;\">\u00a0<\/p>\r\n<p class=\"simple-translate-candidate\" dir=\"auto\" style=\"color: #737373;\">\u00a0<\/p>\r\n<\/div>\r\n<\/div>\r\n<\/div>\r\n<\/div>\r\n<\/div>","protected":false},"excerpt":{"rendered":"<p>1 \u2013 Preambula Z\u00e1sady pou\u017e\u00edvania s\u00faborov cookie op\u00edsan\u00e9 v tomto dokumente sa vz\u0165ahuj\u00fa k webov\u00fdm str\u00e1nkam [www.symbiosys.com] (\u010falej ako \u201ewebov\u00e9 str\u00e1nky\u201c). Ich cie\u013eom je informova\u0165 pou\u017e\u00edvate\u013ea webov\u00fdch str\u00e1nok (\u010falej len \u201epou\u017e\u00edvate\u013e\u201c) o sprac\u00favan\u00ed s\u00faborov cookie, ktor\u00e9 sa ho t\u00fdkaj\u00fa a ktor\u00e9 vykon\u00e1va spolo\u010dnos\u0165 [BIOCODEX SAS, o pou\u017e\u00edvan\u00fdch typoch s\u00faborov cookie a sp\u00f4sobe, ak\u00fdm m\u00f4\u017ee tieto &hellip; <a href=\"https:\/\/www.inbiotys.com\/sk\/zasady-pouzivania-suborov-cookie\/\">Continued<\/a><\/p>\n","protected":false},"author":73,"featured_media":0,"parent":0,"menu_order":0,"comment_status":"closed","ping_status":"closed","template":"views\/template-legal.blade.php","meta":{"footnotes":""},"class_list":["post-84581","page","type-page","status-publish","hentry"],"acf":[],"yoast_head":"<!-- This site is optimized with the Yoast SEO plugin v27.3 - https:\/\/yoast.com\/product\/yoast-seo-wordpress\/ -->\n<title>Z\u00c1SADY POU\u017d\u00cdVANIA S\u00daBOROV COOKIE<\/title>\n<meta name=\"description\" content=\"Z\u00c1SADY POU\u017d\u00cdVANIA S\u00daBOROV COOKIE\" \/>\n<meta name=\"robots\" content=\"noindex, follow\" \/>\n<meta property=\"og:locale\" content=\"sk_SK\" \/>\n<meta property=\"og:type\" content=\"article\" \/>\n<meta property=\"og:title\" content=\"Z\u00c1SADY POU\u017d\u00cdVANIA S\u00daBOROV COOKIE\" \/>\n<meta property=\"og:description\" content=\"Z\u00c1SADY POU\u017d\u00cdVANIA S\u00daBOROV COOKIE\" \/>\n<meta property=\"og:url\" content=\"https:\/\/www.inbiotys.com\/sk\/zasady-pouzivania-suborov-cookie\/\" \/>\n<meta property=\"og:site_name\" content=\"Symbiosys\" \/>\n<meta property=\"article:modified_time\" content=\"2024-06-03T12:34:01+00:00\" \/>\n<meta name=\"twitter:card\" content=\"summary_large_image\" \/>\n<meta name=\"twitter:label1\" content=\"Est. reading time\" \/>\n\t<meta name=\"twitter:data1\" content=\"6 min\u00fat\" \/>\n<script type=\"application\/ld+json\" class=\"yoast-schema-graph\">{\"@context\":\"https:\\\/\\\/schema.org\",\"@graph\":[{\"@type\":\"WebPage\",\"@id\":\"https:\\\/\\\/www.inbiotys.com\\\/sk\\\/zasady-pouzivania-suborov-cookie\\\/\",\"url\":\"https:\\\/\\\/www.inbiotys.com\\\/sk\\\/zasady-pouzivania-suborov-cookie\\\/\",\"name\":\"Z\u00c1SADY POU\u017d\u00cdVANIA S\u00daBOROV COOKIE\",\"isPartOf\":{\"@id\":\"https:\\\/\\\/www.inbiotys.com\\\/sk\\\/#website\"},\"datePublished\":\"2019-01-07T16:12:01+00:00\",\"dateModified\":\"2024-06-03T12:34:01+00:00\",\"description\":\"Z\u00c1SADY POU\u017d\u00cdVANIA S\u00daBOROV COOKIE\",\"breadcrumb\":{\"@id\":\"https:\\\/\\\/www.inbiotys.com\\\/sk\\\/zasady-pouzivania-suborov-cookie\\\/#breadcrumb\"},\"inLanguage\":\"sk-SK\",\"potentialAction\":[{\"@type\":\"ReadAction\",\"target\":[\"https:\\\/\\\/www.inbiotys.com\\\/sk\\\/zasady-pouzivania-suborov-cookie\\\/\"]}]},{\"@type\":\"BreadcrumbList\",\"@id\":\"https:\\\/\\\/www.inbiotys.com\\\/sk\\\/zasady-pouzivania-suborov-cookie\\\/#breadcrumb\",\"itemListElement\":[{\"@type\":\"ListItem\",\"position\":1,\"name\":\"Home\",\"item\":\"https:\\\/\\\/www.inbiotys.com\\\/sk\\\/\"},{\"@type\":\"ListItem\",\"position\":2,\"name\":\"Z\u00c1SADY POU\u017d\u00cdVANIA S\u00daBOROV COOKIE\"}]},{\"@type\":\"WebSite\",\"@id\":\"https:\\\/\\\/www.inbiotys.com\\\/sk\\\/#website\",\"url\":\"https:\\\/\\\/www.inbiotys.com\\\/sk\\\/\",\"name\":\"Symbiosys\",\"description\":\"Mikrobiota pre \u017eivot\",\"potentialAction\":[{\"@type\":\"SearchAction\",\"target\":{\"@type\":\"EntryPoint\",\"urlTemplate\":\"https:\\\/\\\/www.inbiotys.com\\\/sk\\\/?s={search_term_string}\"},\"query-input\":{\"@type\":\"PropertyValueSpecification\",\"valueRequired\":true,\"valueName\":\"search_term_string\"}}],\"inLanguage\":\"sk-SK\"}]}<\/script>\n<!-- \/ Yoast SEO plugin. -->","yoast_head_json":{"title":"Z\u00c1SADY POU\u017d\u00cdVANIA S\u00daBOROV COOKIE","description":"Z\u00c1SADY POU\u017d\u00cdVANIA S\u00daBOROV COOKIE","robots":{"index":"noindex","follow":"follow"},"og_locale":"sk_SK","og_type":"article","og_title":"Z\u00c1SADY POU\u017d\u00cdVANIA S\u00daBOROV COOKIE","og_description":"Z\u00c1SADY POU\u017d\u00cdVANIA S\u00daBOROV COOKIE","og_url":"https:\/\/www.inbiotys.com\/sk\/zasady-pouzivania-suborov-cookie\/","og_site_name":"Symbiosys","article_modified_time":"2024-06-03T12:34:01+00:00","twitter_card":"summary_large_image","twitter_misc":{"Est. reading time":"6 min\u00fat"},"schema":{"@context":"https:\/\/schema.org","@graph":[{"@type":"WebPage","@id":"https:\/\/www.inbiotys.com\/sk\/zasady-pouzivania-suborov-cookie\/","url":"https:\/\/www.inbiotys.com\/sk\/zasady-pouzivania-suborov-cookie\/","name":"Z\u00c1SADY POU\u017d\u00cdVANIA S\u00daBOROV COOKIE","isPartOf":{"@id":"https:\/\/www.inbiotys.com\/sk\/#website"},"datePublished":"2019-01-07T16:12:01+00:00","dateModified":"2024-06-03T12:34:01+00:00","description":"Z\u00c1SADY POU\u017d\u00cdVANIA S\u00daBOROV COOKIE","breadcrumb":{"@id":"https:\/\/www.inbiotys.com\/sk\/zasady-pouzivania-suborov-cookie\/#breadcrumb"},"inLanguage":"sk-SK","potentialAction":[{"@type":"ReadAction","target":["https:\/\/www.inbiotys.com\/sk\/zasady-pouzivania-suborov-cookie\/"]}]},{"@type":"BreadcrumbList","@id":"https:\/\/www.inbiotys.com\/sk\/zasady-pouzivania-suborov-cookie\/#breadcrumb","itemListElement":[{"@type":"ListItem","position":1,"name":"Home","item":"https:\/\/www.inbiotys.com\/sk\/"},{"@type":"ListItem","position":2,"name":"Z\u00c1SADY POU\u017d\u00cdVANIA S\u00daBOROV COOKIE"}]},{"@type":"WebSite","@id":"https:\/\/www.inbiotys.com\/sk\/#website","url":"https:\/\/www.inbiotys.com\/sk\/","name":"Symbiosys","description":"Mikrobiota pre \u017eivot","potentialAction":[{"@type":"SearchAction","target":{"@type":"EntryPoint","urlTemplate":"https:\/\/www.inbiotys.com\/sk\/?s={search_term_string}"},"query-input":{"@type":"PropertyValueSpecification","valueRequired":true,"valueName":"search_term_string"}}],"inLanguage":"sk-SK"}]}},"_links":{"self":[{"href":"https:\/\/www.inbiotys.com\/sk\/wp-json\/wp\/v2\/pages\/84581","targetHints":{"allow":["GET"]}}],"collection":[{"href":"https:\/\/www.inbiotys.com\/sk\/wp-json\/wp\/v2\/pages"}],"about":[{"href":"https:\/\/www.inbiotys.com\/sk\/wp-json\/wp\/v2\/types\/page"}],"author":[{"embeddable":true,"href":"https:\/\/www.inbiotys.com\/sk\/wp-json\/wp\/v2\/users\/73"}],"replies":[{"embeddable":true,"href":"https:\/\/www.inbiotys.com\/sk\/wp-json\/wp\/v2\/comments?post=84581"}],"version-history":[{"count":17,"href":"https:\/\/www.inbiotys.com\/sk\/wp-json\/wp\/v2\/pages\/84581\/revisions"}],"predecessor-version":[{"id":98152,"href":"https:\/\/www.inbiotys.com\/sk\/wp-json\/wp\/v2\/pages\/84581\/revisions\/98152"}],"wp:attachment":[{"href":"https:\/\/www.inbiotys.com\/sk\/wp-json\/wp\/v2\/media?parent=84581"}],"curies":[{"name":"wp","href":"https:\/\/api.w.org\/{rel}","templated":true}]}}