{"id":84626,"date":"2019-10-07T18:33:02","date_gmt":"2019-10-07T16:33:02","guid":{"rendered":"https:\/\/www.symbiosys.com\/data-protection-policy\/"},"modified":"2024-06-03T14:34:38","modified_gmt":"2024-06-03T12:34:38","slug":"zasady-ochrany-udajov","status":"publish","type":"page","link":"https:\/\/www.inbiotys.com\/sk\/zasady-ochrany-udajov\/","title":{"rendered":"Z\u00c1SADY OCHRANY \u00daDAJOV"},"content":{"rendered":"\r\n<p><strong>1 \u2013 Preambula<\/strong><strong>\u00a0<\/strong><\/p>\r\n<p>Z\u00e1sady ochrany \u00fadajov op\u00edsan\u00e9 v tomto dokumente sa vz\u0165ahuj\u00fa k webov\u00fdm str\u00e1nkam www.symbiosys.com (\u010falej ako \u201ewebov\u00e9 str\u00e1nky\u201c). Ich cie\u013eom je informova\u0165 pou\u017e\u00edvate\u013ea webov\u00fdch str\u00e1nok (\u010falej len \u201epou\u017e\u00edvate\u013e\u201c) o sprac\u00favan\u00ed \u00fadajov, ktor\u00e9 sa ho t\u00fdkaj\u00fa a ktor\u00e9 vykon\u00e1va spolo\u010dnos\u0165 BIOCODEX SAS, o pr\u00e1vach, ktor\u00e9 m\u00e1 vzh\u013eadom na svoje \u00fadaje, a sp\u00f4sobe, ak\u00fdm m\u00f4\u017ee tieto pr\u00e1va uplat\u0148ova\u0165.<\/p>\r\n\r\n\r\n\r\n<p><strong>2 \u2013 V\u0161eobecn\u00e9 ustanovenia<\/strong><\/p>\r\n<p>Nasleduj\u00face ustanovenia sa vz\u0165ahuj\u00fa na cel\u00e9 sprac\u00favanie osobn\u00fdch \u00fadajov vydavate\u013eom na t\u00fdchto webov\u00fdch str\u00e1nkach, ak nie je v osobitn\u00fdch ustanoveniach uveden\u00e9 inak.<\/p>\r\n\r\n\r\n\r\n<p><u>Pr\u00e1vny r\u00e1mec<\/u><\/p>\r\n\r\n\r\n\r\n<p>Vydavate\u013e ako prev\u00e1dzkovate\u013e \u00fadajov vyhlasuje, \u017ee na t\u00fdchto webov\u00fdch str\u00e1nkach sprac\u00fava osobn\u00e9 \u00fadaje v s\u00falade s predpismi platn\u00fdmi o ochrane fyzick\u00fdch os\u00f4b pri sprac\u00favan\u00ed osobn\u00fdch \u00fadajov a o vo\u013enom pohybe tak\u00fdchto \u00fadajov, najm\u00e4 nariaden\u00edm E\u00da \u010d. 2016\/679 z 27. apr\u00edla 2016 \u2013 v\u0161eobecn\u00e9 nariadenie o ochrane \u00fadajov (GDPR).<\/p>\r\n<p>Spolo\u010dnos\u0165 Biocodex v r\u00e1mci dodr\u017eiavania predpisov vymenovala zodpovedn\u00fa osobu vo vz\u0165ahu k franc\u00fazskemu \u00faradu pre ochranu \u00fadajov (CNIL). Toto vymenovanie je \u00fa\u010dinn\u00e9 ku d\u0148u 25. m\u00e1ja 2018, \u010dj. DPO-3068.<\/p>\r\n\r\n\r\n\r\n<p><u>Prev\u00e1dzkovate\u013e \u00fadajov<\/u><\/p>\r\n\r\n\r\n\r\n<p>Prev\u00e1dzkovate\u013e \u00fadaje je identifikovan\u00fd ako:<\/p>\r\n<p>Biocodex, zjednodu\u0161en\u00e1 akciov\u00e1 spolo\u010dnos\u0165 pod\u013ea franc\u00fazskeho pr\u00e1va s kme\u0148ov\u00fdm iman\u00edm vo v\u00fd\u0161ke 4 284 000 EUR zap\u00edsan\u00e1 v Obchodnom registri RCS. Cr\u00e9teil pod \u010d. 562 064 600, so s\u00eddlom na adrese 22 rue des Aqueducs &#8211; 94250 Gentilly &#8211; Franc\u00fazsko, \u0161tatut\u00e1rny z\u00e1stupca: p. Jean-Marie Lef\u00e8vre s riadnymi pr\u00e1vomocami predsedu predstavenstva a gener\u00e1lneho riadite\u013ea.<\/p>\r\n\r\n\r\n\r\n<p><u>Pr\u00e1va pou\u017e\u00edvate\u013ea na jeho \u00fadaje<\/u><\/p>\r\n\r\n\r\n\r\n<p>V s\u00falade s predpismi platn\u00fdmi o ochrane fyzick\u00fdch os\u00f4b pri sprac\u00favan\u00ed osobn\u00fdch \u00fadajov a o vo\u013enom pohybe tak\u00fdchto \u00fadajov, najm\u00e4 nariaden\u00edm E\u00da \u010d. 2016\/679 z 27. apr\u00edla 2016 \u2013 v\u0161eobecn\u00e9 nariadenie o ochrane \u00fadajov (GDPR), si m\u00f4\u017ee pou\u017e\u00edvate\u013e v s\u00favislosti s \u00fadajmi, ktor\u00fdmi sa preukazuje svoju toto\u017enos\u0165, uplatni\u0165 pr\u00e1vo na pr\u00edstup k \u00fadajom, opravu \u00fadajov, vymazanie \u00fadajov, obmedzenie sprac\u00favania \u00fadajov a vznesenie n\u00e1mietky t\u00fdkaj\u00facej sa jeho \u00fadajov u zodpovednej osoby spolo\u010dnosti Biocodex [alebo uvies\u0165 kontaktn\u00fa osobu pridru\u017een\u00e9ho subjektu zodpovedn\u00fa za ochranu \u00fadajov] pomocou kontaktn\u00e9ho formul\u00e1ra uveden\u00e9ho na webov\u00fdch str\u00e1nkach. Pou\u017e\u00edvate\u013e si m\u00f4\u017ee v pr\u00edpade potreby uplatni\u0165 pr\u00e1vo poda\u0165 s\u0165a\u017enos\u0165 dozorn\u00e9mu org\u00e1nu u svojho miestneho org\u00e1nu pre ochranu \u00fadajov.<\/p>\r\n\r\n\r\n\r\n<p><u>Zabezpe\u010denie osobn\u00fdch \u00fadajov<\/u><\/p>\r\n\r\n\r\n\r\n<p>Vydavate\u013e prij\u00edma v\u0161etky nevyhnutn\u00e9 opatrenia na zachovanie bezpe\u010dnosti osobn\u00fdch \u00fadajov pou\u017e\u00edvate\u013ea a jeho cie\u013eom je najm\u00e4 zabr\u00e1ni\u0165 ich naru\u0161eniu, po\u0161kodeniu alebo neopr\u00e1vnen\u00e9mu pr\u00edstupu tret\u00edch str\u00e1n k nim.<\/p>\r\n<p>Vydavate\u013e na t\u00fdchto webov\u00fdch str\u00e1nkach pou\u017e\u00edva protokol https. Tento bezpe\u010dnostn\u00fd mechanizmus umo\u017e\u0148uje pou\u017e\u00edvate\u013eovi overi\u0165 identitu webovej str\u00e1nky, ku ktorej pristupuje, a to pomocou overovacieho certifik\u00e1tu vydan\u00e9mu org\u00e1nom tretej strany, ktor\u00fd je zn\u00e1my svojou spo\u013eahlivos\u0165ou. Protokol tie\u017e zaru\u010duje d\u00f4vernos\u0165 a integritu \u00fadajov zaslan\u00fdch pou\u017e\u00edvate\u013eom, napr\u00edklad inform\u00e1ci\u00ed zadan\u00fdch v kontaktnom formul\u00e1ri.<\/p>\r\n\r\n\r\n\r\n<p><strong>3 \u2013 Osobitn\u00e9 ustanovenia<\/strong><\/p>\r\n\r\n\r\n\r\n<p>Nasleduj\u00face ustanovenia sa konkr\u00e9tne t\u00fdkaj\u00fa ka\u017ed\u00e9ho spracovania osobn\u00fdch \u00fadajov vydavate\u013eom na t\u00fdchto webov\u00fdch str\u00e1nkach.<\/p>\r\n<p>Uv\u00e1dzaj\u00fa sa tu podrobnosti najm\u00e4 o:<\/p>\r\n\r\n\r\n\r\n<ul class=\"wp-block-list\">\r\n<li>\u00fa\u010dele sprac\u00favania,<\/li>\r\n<li>pr\u00e1vnom z\u00e1klade,<\/li>\r\n<li>dotknut\u00fdch osob\u00e1ch,<\/li>\r\n<li>sprac\u00favan\u00fdch osobn\u00fdch \u00fadajoch,<\/li>\r\n<li>\u010dase pou\u017eite\u013enosti \u00fadajov,<\/li>\r\n<li>pr\u00edjemcoch \u00fadajov.<\/li>\r\n<\/ul>\r\n\r\n\r\n\r\n<p><u>Kontaktn\u00fd formul\u00e1r<\/u><\/p>\r\n\r\n\r\n\r\n<p><em>\u00da\u010del sprac\u00favania<\/em><\/p>\r\n\r\n\r\n\r\n<p>Kontaktn\u00fd formul\u00e1r na t\u00fdchto webov\u00fdch str\u00e1nkach pou\u017e\u00edvate\u013eovi umo\u017e\u0148uje elektronick\u00fd kontakt s vydavate\u013eom. Toto sprac\u00favanie osobn\u00fdch \u00fadajov vydavate\u013eovi umo\u017e\u0148uje:<\/p>\r\n<ul>\r\n<li>prij\u00edma\u0165 spr\u00e1vy, ktor\u00e9 s\u00fa mu adresovan\u00e9,<\/li>\r\n<li>sledova\u0165 kore\u0161pondenciu s pou\u017e\u00edvate\u013eom,<\/li>\r\n<li>dodr\u017eiava\u0165 svoje povinnosti t\u00fdkaj\u00face sa zdravotn\u00edckej vigilancie,<\/li>\r\n<li>vypracov\u00e1va\u0165 \u0161tatistiky slu\u017eieb<\/li>\r\n<\/ul>\r\n<p>Pr\u00e1vny z\u00e1klad na sprac\u00favanie s\u00fa opr\u00e1vnen\u00e9 z\u00e1ujmy, ktor\u00e9 vydavate\u013e sleduje vo vz\u0165ahu k pou\u017e\u00edvate\u013eovi.<\/p>\r\n<p>Ak je zverejnenie s\u00fa\u010das\u0165ou r\u00e1mca zdravotnej vigilancie, \u00fadaje pou\u017e\u00edvate\u013ea s\u00fa predmetom \u010fal\u0161ieho sprac\u00favania, ktor\u00e9 je konkr\u00e9tne stanoven\u00e9 v tomto r\u00e1mci.<\/p>\r\n<p>Sprac\u00favanie nezah\u0155\u0148a automatizovan\u00e9 rozhodovanie (vr\u00e1tane profilovania).<\/p>\r\n\r\n\r\n\r\n<p><em>Dotknut\u00e9 osoby<\/em><\/p>\r\n\r\n\r\n\r\n<p>Sprac\u00favanie sa t\u00fdka v\u0161etk\u00fdch pou\u017e\u00edvate\u013eov, ktor\u00ed sa chc\u00fa obr\u00e1ti\u0165 na vydavate\u013ea elektronicky, ako aj na pracovn\u00edkov vydavate\u013ea zodpovedn\u00fdch za spracovanie \u017eiadost\u00ed.<\/p>\r\n\r\n\r\n\r\n<p><em>Sprac\u00favan\u00e9 \u00fadaje<\/em><\/p>\r\n\r\n\r\n\r\n<ul class=\"wp-block-list\">\r\n<li>Toto\u017enos\u0165 pou\u017e\u00edvate\u013ea a e-mailov\u00e1 adresa<\/li>\r\n<li>D\u00e1tum, predmet a telo spr\u00e1vy<\/li>\r\n<li>N\u00e1sledn\u00e9 aktivity<\/li>\r\n<li>\u0160tatistika \u010dinnosti<\/li>\r\n<\/ul>\r\n\r\n\r\n\r\n<p>Povinn\u00e9 \u00fadaje s\u00fa potrebn\u00e9 na riadne posudzovanie \u017eiadosti.<\/p>\r\n<p>\u00dadaje sa uchov\u00e1vaj\u00fa 5 rokov od spracovania \u017eiadosti. Ak je v\u0161ak zverejnenie s\u00fa\u010das\u0165ou r\u00e1mca zdravotn\u00edckej vigilancie, lehota uchov\u00e1vanie je stanoven\u00e1 v \u010fal\u0161om spracovan\u00ed, ktor\u00e9 je pre tento \u00fa\u010del v\u00fdslovne stanoven\u00e9.<\/p>\r\n\r\n\r\n\r\n<p><em>Pr\u00edjemcovia \u00fadajov<\/em><\/p>\r\n\r\n\r\n\r\n<p>Sprac\u00favanie sa t\u00fdka pracovn\u00edkov vydavate\u013ea:<\/p>\r\n\r\n\r\n\r\n<ul class=\"wp-block-list\">\r\n<li>zodpovedn\u00fdch za spracovanie kore\u0161pondencie v s\u00favislosti s webov\u00fdmi str\u00e1nkami<\/li>\r\n<li>zodpovedn\u00fdch za zverejnenie obsahu a technick\u00fa spr\u00e1vu webov\u00fdch str\u00e1nok<\/li>\r\n<li>ur\u010den\u00fdch na rie\u0161enie zdravotn\u00edckej vigilancie<\/li>\r\n<\/ul>\r\n\r\n\r\n\r\n<p>Medzi pr\u00edjemcov \u00fadajov patria aj zamestnanci dotknut\u00fdch poskytovate\u013eov slu\u017eieb.<\/p>\r\n<p>Nevykon\u00e1vaj\u00fa sa \u017eiadne prenosy \u00fadajov mimo Eur\u00f3psku \u00faniu.<\/p>\r\n\r\n\r\n\r\n<p><u>Odber newslettra<\/u><\/p>\r\n\r\n\r\n\r\n<p><em>\u00da\u010del sprac\u00favania<\/em><\/p>\r\n\r\n\r\n\r\n<p>Vydavate\u013e pou\u017e\u00edvate\u013eovi umo\u017e\u0148uje prihl\u00e1senie sa na odber informa\u010dn\u00e9ho newslettra, aby bol pou\u017e\u00edvate\u013e informovan\u00fd o novink\u00e1ch s\u00favisiacich s webov\u00fdmi str\u00e1nkami. Toto sprac\u00favanie osobn\u00fdch \u00fadajov vydavate\u013eovi umo\u017e\u0148uje:<\/p>\r\n\r\n\r\n\r\n<ul class=\"wp-block-list\">\r\n<li>spr\u00e1vu odberov a elektronick\u00e9ho zasielania<\/li>\r\n<li>vypracov\u00e1va\u0165 \u0161tatistiky slu\u017eieb<\/li>\r\n<\/ul>\r\n\r\n\r\n\r\n<p>Pr\u00e1vny z\u00e1klad na sprac\u00favanie je s\u00fahlas dotknutej osoby.<\/p>\r\n<p>Pou\u017e\u00edvate\u013e sa m\u00f4\u017ee odhl\u00e1si\u0165 (odvola\u0165 svoj s\u00fahlas) prostredn\u00edctvom odkazu na odhl\u00e1senie z odberu v newslettre, ktor\u00fd dostal.<\/p>\r\n<p>Sprac\u00favanie nezah\u0155\u0148a automatizovan\u00e9 rozhodovanie (vr\u00e1tane profilovania).<\/p>\r\n\r\n\r\n\r\n<p><em>Dotknut\u00e9 osoby<\/em><\/p>\r\n\r\n\r\n\r\n<p>Sprac\u00favanie sa t\u00fdka ka\u017ed\u00e9ho pou\u017e\u00edvate\u013ea, ktor\u00fd chce dost\u00e1va\u0165 newsletter na e-mailov\u00fa adresu, ktor\u00fa poskytol.<\/p>\r\n\r\n\r\n\r\n<p><em>Sprac\u00favan\u00e9 \u00fadaje<\/em><\/p>\r\n\r\n\r\n\r\n<ul class=\"wp-block-list\">\r\n<li>E-mailov\u00e1 adresa<\/li>\r\n<li>D\u00e1tum prihl\u00e1senia na odber<\/li>\r\n<li>\u0160tatistiky t\u00fdkaj\u00face sa rozosielanie newslettra<\/li>\r\n<\/ul>\r\n\r\n\r\n\r\n<p>Na zasielanie newslettra je nutn\u00e9 z\u00edskanie e-mailovej adresy.<\/p>\r\n<p>Vydavate\u013e si e-mailov\u00fa adresu ponech\u00e1va, k\u00fdm sa dotknut\u00e1 osoba neodhl\u00e1si (prostredn\u00edctvom odkazu na zru\u0161enie odberu obsiahnut\u00e9ho v newslettroch).<\/p>\r\n\r\n\r\n\r\n<p><em>Pr\u00edjemcovia \u00fadajov<\/em><\/p>\r\n\r\n\r\n\r\n<p>Pr\u00edjemcovia m\u00f4\u017eu v z\u00e1vislosti od svojich potrieb dosta\u0165 v\u0161etky \u00fadaje alebo ich \u010das\u0165:<\/p>\r\n<ul>\r\n<li>pou\u017e\u00edvate\u013e webov\u00fdch str\u00e1nok prihl\u00e1sen\u00fd na odber newslettra<\/li>\r\n<li>zamestnanci vydavate\u013ea, ktor\u00ed zodpovedaj\u00fa za spr\u00e1vu slu\u017eieb newslettra, vyd\u00e1vanie obsahu, technick\u00fa spr\u00e1vu webov\u00fdch str\u00e1nok<\/li>\r\n<li>pracovn\u00edci poskytovate\u013eov slu\u017eieb, ktor\u00fdch sa webov\u00e9 str\u00e1nky t\u00fdkaj\u00fa<\/li>\r\n<\/ul>\r\n<p>Ke\u010f\u017ee slu\u017ebu newslettra m\u00f4\u017ee poskytova\u0165 tretia strana, m\u00f4\u017eu by\u0165 \u00fadaje pren\u00e1\u0161an\u00e9 mimo Eur\u00f3pskej \u00fanie.<\/p>\r\n\r\n\r\n\r\n<p><strong><u>Obmedzenie pr\u00edstupu<\/u><\/strong><\/p>\r\n<p><em>\u00da\u010del sprac\u00favania<\/em><\/p>\r\n\r\n\r\n\r\n<p>Vydavate\u013e pou\u017e\u00edvate\u013eovi umo\u017e\u0148uje pr\u00edstup na webov\u00e9 str\u00e1nky pomocou prihlasovacieho mena a hesla, aby mohol vyu\u017e\u00edva\u0165 personalizovan\u00fd obsah. Toto v z\u00e1vislosti od pr\u00edpadu umo\u017e\u0148uje:<\/p>\r\n<ul>\r\n<li>personaliz\u00e1ciu komunik\u00e1cie<\/li>\r\n<li>navrhova\u0165 prostredie pre objedn\u00e1vanie v pr\u00edpade str\u00e1nok e-commerce (hist\u00f3ria n\u00e1kupn\u00e9ho ko\u0161\u00edka a objedn\u00e1vok, platobn\u00fd modul, hist\u00f3ria fakt\u00far, sponzorstvo at\u010f.)<\/li>\r\n<li>pon\u00faka\u0165 prostredie elektronick\u00e9ho vzdel\u00e1vania v pr\u00edpade e-learningov\u00fdch webov\u00fdch str\u00e1nok (\u0161koliace moduly, hodnotiace dotazn\u00edky, kv\u00edzy, hry at\u010f.)<\/li>\r\n<li>vypracov\u00e1va\u0165 \u0161tatistiky t\u00fdkaj\u00face sa pon\u00fakan\u00e9ho obsahu\/slu\u017eieb,<\/li>\r\n<\/ul>\r\n","protected":false},"excerpt":{"rendered":"<p>1 \u2013 Preambula\u00a0 Z\u00e1sady ochrany \u00fadajov op\u00edsan\u00e9 v tomto dokumente sa vz\u0165ahuj\u00fa k webov\u00fdm str\u00e1nkam www.symbiosys.com (\u010falej ako \u201ewebov\u00e9 str\u00e1nky\u201c). Ich cie\u013eom je informova\u0165 pou\u017e\u00edvate\u013ea webov\u00fdch str\u00e1nok (\u010falej len \u201epou\u017e\u00edvate\u013e\u201c) o sprac\u00favan\u00ed \u00fadajov, ktor\u00e9 sa ho t\u00fdkaj\u00fa a ktor\u00e9 vykon\u00e1va spolo\u010dnos\u0165 BIOCODEX SAS, o pr\u00e1vach, ktor\u00e9 m\u00e1 vzh\u013eadom na svoje \u00fadaje, a sp\u00f4sobe, ak\u00fdm m\u00f4\u017ee &hellip; <a href=\"https:\/\/www.inbiotys.com\/sk\/zasady-ochrany-udajov\/\">Continued<\/a><\/p>\n","protected":false},"author":73,"featured_media":0,"parent":0,"menu_order":0,"comment_status":"closed","ping_status":"closed","template":"views\/template-legal.blade.php","meta":{"footnotes":""},"class_list":["post-84626","page","type-page","status-publish","hentry"],"acf":[],"yoast_head":"<!-- This site is optimized with the Yoast SEO plugin v27.3 - https:\/\/yoast.com\/product\/yoast-seo-wordpress\/ -->\n<title>Z\u00c1SADY OCHRANY \u00daDAJOV - Symbiosys<\/title>\n<meta name=\"robots\" content=\"noindex, follow\" \/>\n<meta property=\"og:locale\" content=\"sk_SK\" \/>\n<meta property=\"og:type\" content=\"article\" \/>\n<meta property=\"og:title\" content=\"Z\u00c1SADY OCHRANY \u00daDAJOV - Symbiosys\" \/>\n<meta property=\"og:description\" content=\"1 \u2013 Preambula\u00a0 Z\u00e1sady ochrany \u00fadajov op\u00edsan\u00e9 v tomto dokumente sa vz\u0165ahuj\u00fa k webov\u00fdm str\u00e1nkam www.symbiosys.com (\u010falej ako \u201ewebov\u00e9 str\u00e1nky\u201c). Ich cie\u013eom je informova\u0165 pou\u017e\u00edvate\u013ea webov\u00fdch str\u00e1nok (\u010falej len \u201epou\u017e\u00edvate\u013e\u201c) o sprac\u00favan\u00ed \u00fadajov, ktor\u00e9 sa ho t\u00fdkaj\u00fa a ktor\u00e9 vykon\u00e1va spolo\u010dnos\u0165 BIOCODEX SAS, o pr\u00e1vach, ktor\u00e9 m\u00e1 vzh\u013eadom na svoje \u00fadaje, a sp\u00f4sobe, ak\u00fdm m\u00f4\u017ee &hellip; Continued\" \/>\n<meta property=\"og:url\" content=\"https:\/\/www.inbiotys.com\/sk\/zasady-ochrany-udajov\/\" \/>\n<meta property=\"og:site_name\" content=\"Symbiosys\" \/>\n<meta property=\"article:modified_time\" content=\"2024-06-03T12:34:38+00:00\" \/>\n<meta name=\"twitter:card\" content=\"summary_large_image\" \/>\n<meta name=\"twitter:label1\" content=\"Est. reading time\" \/>\n\t<meta name=\"twitter:data1\" content=\"4 min\u00faty\" \/>\n<script type=\"application\/ld+json\" class=\"yoast-schema-graph\">{\"@context\":\"https:\\\/\\\/schema.org\",\"@graph\":[{\"@type\":\"WebPage\",\"@id\":\"https:\\\/\\\/www.inbiotys.com\\\/sk\\\/zasady-ochrany-udajov\\\/\",\"url\":\"https:\\\/\\\/www.inbiotys.com\\\/sk\\\/zasady-ochrany-udajov\\\/\",\"name\":\"Z\u00c1SADY OCHRANY \u00daDAJOV - Symbiosys\",\"isPartOf\":{\"@id\":\"https:\\\/\\\/www.inbiotys.com\\\/sk\\\/#website\"},\"datePublished\":\"2019-10-07T16:33:02+00:00\",\"dateModified\":\"2024-06-03T12:34:38+00:00\",\"breadcrumb\":{\"@id\":\"https:\\\/\\\/www.inbiotys.com\\\/sk\\\/zasady-ochrany-udajov\\\/#breadcrumb\"},\"inLanguage\":\"sk-SK\",\"potentialAction\":[{\"@type\":\"ReadAction\",\"target\":[\"https:\\\/\\\/www.inbiotys.com\\\/sk\\\/zasady-ochrany-udajov\\\/\"]}]},{\"@type\":\"BreadcrumbList\",\"@id\":\"https:\\\/\\\/www.inbiotys.com\\\/sk\\\/zasady-ochrany-udajov\\\/#breadcrumb\",\"itemListElement\":[{\"@type\":\"ListItem\",\"position\":1,\"name\":\"Home\",\"item\":\"https:\\\/\\\/www.inbiotys.com\\\/sk\\\/\"},{\"@type\":\"ListItem\",\"position\":2,\"name\":\"Z\u00c1SADY OCHRANY \u00daDAJOV\"}]},{\"@type\":\"WebSite\",\"@id\":\"https:\\\/\\\/www.inbiotys.com\\\/sk\\\/#website\",\"url\":\"https:\\\/\\\/www.inbiotys.com\\\/sk\\\/\",\"name\":\"Symbiosys\",\"description\":\"Mikrobiota pre \u017eivot\",\"potentialAction\":[{\"@type\":\"SearchAction\",\"target\":{\"@type\":\"EntryPoint\",\"urlTemplate\":\"https:\\\/\\\/www.inbiotys.com\\\/sk\\\/?s={search_term_string}\"},\"query-input\":{\"@type\":\"PropertyValueSpecification\",\"valueRequired\":true,\"valueName\":\"search_term_string\"}}],\"inLanguage\":\"sk-SK\"}]}<\/script>\n<!-- \/ Yoast SEO plugin. -->","yoast_head_json":{"title":"Z\u00c1SADY OCHRANY \u00daDAJOV - Symbiosys","robots":{"index":"noindex","follow":"follow"},"og_locale":"sk_SK","og_type":"article","og_title":"Z\u00c1SADY OCHRANY \u00daDAJOV - Symbiosys","og_description":"1 \u2013 Preambula\u00a0 Z\u00e1sady ochrany \u00fadajov op\u00edsan\u00e9 v tomto dokumente sa vz\u0165ahuj\u00fa k webov\u00fdm str\u00e1nkam www.symbiosys.com (\u010falej ako \u201ewebov\u00e9 str\u00e1nky\u201c). Ich cie\u013eom je informova\u0165 pou\u017e\u00edvate\u013ea webov\u00fdch str\u00e1nok (\u010falej len \u201epou\u017e\u00edvate\u013e\u201c) o sprac\u00favan\u00ed \u00fadajov, ktor\u00e9 sa ho t\u00fdkaj\u00fa a ktor\u00e9 vykon\u00e1va spolo\u010dnos\u0165 BIOCODEX SAS, o pr\u00e1vach, ktor\u00e9 m\u00e1 vzh\u013eadom na svoje \u00fadaje, a sp\u00f4sobe, ak\u00fdm m\u00f4\u017ee &hellip; Continued","og_url":"https:\/\/www.inbiotys.com\/sk\/zasady-ochrany-udajov\/","og_site_name":"Symbiosys","article_modified_time":"2024-06-03T12:34:38+00:00","twitter_card":"summary_large_image","twitter_misc":{"Est. reading time":"4 min\u00faty"},"schema":{"@context":"https:\/\/schema.org","@graph":[{"@type":"WebPage","@id":"https:\/\/www.inbiotys.com\/sk\/zasady-ochrany-udajov\/","url":"https:\/\/www.inbiotys.com\/sk\/zasady-ochrany-udajov\/","name":"Z\u00c1SADY OCHRANY \u00daDAJOV - Symbiosys","isPartOf":{"@id":"https:\/\/www.inbiotys.com\/sk\/#website"},"datePublished":"2019-10-07T16:33:02+00:00","dateModified":"2024-06-03T12:34:38+00:00","breadcrumb":{"@id":"https:\/\/www.inbiotys.com\/sk\/zasady-ochrany-udajov\/#breadcrumb"},"inLanguage":"sk-SK","potentialAction":[{"@type":"ReadAction","target":["https:\/\/www.inbiotys.com\/sk\/zasady-ochrany-udajov\/"]}]},{"@type":"BreadcrumbList","@id":"https:\/\/www.inbiotys.com\/sk\/zasady-ochrany-udajov\/#breadcrumb","itemListElement":[{"@type":"ListItem","position":1,"name":"Home","item":"https:\/\/www.inbiotys.com\/sk\/"},{"@type":"ListItem","position":2,"name":"Z\u00c1SADY OCHRANY \u00daDAJOV"}]},{"@type":"WebSite","@id":"https:\/\/www.inbiotys.com\/sk\/#website","url":"https:\/\/www.inbiotys.com\/sk\/","name":"Symbiosys","description":"Mikrobiota pre \u017eivot","potentialAction":[{"@type":"SearchAction","target":{"@type":"EntryPoint","urlTemplate":"https:\/\/www.inbiotys.com\/sk\/?s={search_term_string}"},"query-input":{"@type":"PropertyValueSpecification","valueRequired":true,"valueName":"search_term_string"}}],"inLanguage":"sk-SK"}]}},"_links":{"self":[{"href":"https:\/\/www.inbiotys.com\/sk\/wp-json\/wp\/v2\/pages\/84626","targetHints":{"allow":["GET"]}}],"collection":[{"href":"https:\/\/www.inbiotys.com\/sk\/wp-json\/wp\/v2\/pages"}],"about":[{"href":"https:\/\/www.inbiotys.com\/sk\/wp-json\/wp\/v2\/types\/page"}],"author":[{"embeddable":true,"href":"https:\/\/www.inbiotys.com\/sk\/wp-json\/wp\/v2\/users\/73"}],"replies":[{"embeddable":true,"href":"https:\/\/www.inbiotys.com\/sk\/wp-json\/wp\/v2\/comments?post=84626"}],"version-history":[{"count":7,"href":"https:\/\/www.inbiotys.com\/sk\/wp-json\/wp\/v2\/pages\/84626\/revisions"}],"predecessor-version":[{"id":98153,"href":"https:\/\/www.inbiotys.com\/sk\/wp-json\/wp\/v2\/pages\/84626\/revisions\/98153"}],"wp:attachment":[{"href":"https:\/\/www.inbiotys.com\/sk\/wp-json\/wp\/v2\/media?parent=84626"}],"curies":[{"name":"wp","href":"https:\/\/api.w.org\/{rel}","templated":true}]}}