{"id":84636,"date":"2018-11-16T15:36:41","date_gmt":"2018-11-16T14:36:41","guid":{"rendered":"https:\/\/www.symbiosys.com\/mention-legal\/"},"modified":"2026-03-24T18:24:11","modified_gmt":"2026-03-24T17:24:11","slug":"vseobecne-podmienky-pouzitia","status":"publish","type":"page","link":"https:\/\/www.inbiotys.com\/sk\/vseobecne-podmienky-pouzitia\/","title":{"rendered":"V\u0160EOBECN\u00c9 PODMIENKY POU\u017dITIA"},"content":{"rendered":"\r\n<p><strong>V\u0160EOBECN\u00c9 PODMIENKY POU\u017dITIA<\/strong><\/p>\r\n\r\n\r\n\r\n<p><strong>1 \u2013 Preambula<\/strong><\/p>\r\n<p>&nbsp;<\/p>\r\n<p>\u00da\u010delom tohto dokumentu s n\u00e1zvom V\u0161eobecn\u00e9 podmienky pou\u017eitia (\u010falej ako \u201eVPP\u201c) je stanovenie z\u00e1sad na poskytovanie a pou\u017e\u00edvanie obsahu a slu\u017eieb webov\u00fdch str\u00e1nok www.symbiosys.com (\u010falej ako \u201ewebov\u00e9 str\u00e1nky\u201c) medzi vydavate\u013eom webov\u00fdch str\u00e1nok \u2013 firmou BIOCODEX SAS (\u010falej ako \u201evydavate\u013e\u201c) a pou\u017e\u00edvate\u013eom internetu (\u010falej ako \u201epou\u017e\u00edvate\u013e\u201c).<\/p>\r\n<p>Pr\u00edstup na webov\u00fa str\u00e1nku a jej obsah, ako aj vyu\u017e\u00edvanie slu\u017eieb pon\u00fakan\u00fdch webov\u00fdmi str\u00e1nkami znamen\u00e1, \u017ee pou\u017e\u00edvate\u013e s t\u00fdmito VPP bezv\u00fdhradne s\u00fahlas\u00ed. vzh\u013eadom na to, \u017ee tieto VPP sa m\u00f4\u017eu kedyko\u013evek a bez predch\u00e1dzaj\u00faceho upozornenia upravova\u0165, vyz\u00fdvame pou\u017e\u00edvate\u013ea, aby sa s nami pravidelne oboznamoval.<\/p>\r\n\r\n\r\n\r\n<p><strong>2 \u2013 Pr\u00e1vne inform\u00e1cie<\/strong><\/p>\r\n<p><u>Vydavate\u013e webov\u00fdch str\u00e1nok<\/u><\/p>\r\n<p>Biocodex<br \/>7 avenue Gallieni<br \/>94250 Gentilly<br \/>Franc\u00fazsko<br \/><a href=\"https:\/\/www.symbiosys.com\/sk\/kontakty-symbiosys\/\">Kontakt na Biocodex<\/a><\/p>\r\n\r\n\r\n\r\n<p>\u0160tatut\u00e1rny z\u00e1stupca vydavate\u013ea: p. Jean-Marie LEFEVRE, predseda predstavenstva a gener\u00e1lny riadite\u013e.<\/p>\r\n<p>Biocodex je zjednodu\u0161en\u00e1 akciov\u00e1 spolo\u010dnos\u0165 pod\u013ea franc\u00fazskeho pr\u00e1va s kme\u0148ov\u00fdm iman\u00edm vo v\u00fd\u0161ke 4 284 000 EUR zap\u00edsan\u00e1 v Obchodnom registri RCS. Cr\u00e9teil pod \u010d. 562\u00a0064\u00a0600, so s\u00eddlom na adrese 7 avenue Gallieni &#8211; 94250 Gentilly &#8211; Franc\u00fazsko, \u0161tatut\u00e1rny z\u00e1stupca: p. Jean-Marie Lef\u00e8vre s riadnymi pr\u00e1vomocami predsedu predstavenstva a gener\u00e1lneho riadite\u013ea.<br \/>DI\u010c v EU \u010d.: FR35562064600.<\/p>\r\n\r\n\r\n\r\n<p><u>Hosting webov\u00fdch str\u00e1nok<\/u><\/p>\r\n\r\n\r\n\r\n<p>ALTERWAY<br \/>227 Bureaux de la colline<br \/>1 rue Royale \u2013 B\u00e2t. D<br \/>92210 SAINT CLOUD<br \/>Franc\u00fazsko<\/p>\r\n\r\n\r\n\r\n<p><strong>3 \u2013 \u00da\u010del webov\u00fdch str\u00e1nok a pr\u00edstup k slu\u017eb\u00e1m<\/strong><strong>\u00a0<\/strong><\/p>\r\n\r\n\r\n\r\n<p>The Website was designed to present and promote SYMBIOSYS\u00ae brand food supplements marketed by BIOCODEX.<\/p>\r\n\r\n\r\n\r\n<p>The Website is accessible anywhere and to any User with an internet connection. All the expenses involved in accessing the Website (computer hardware, software, internet connection, etc.) are the responsibility of the User.<\/p>\r\n\r\n\r\n\r\n<p>The Website enables the User to access the following services:<\/p>\r\n\r\n\r\n\r\n<ul class=\"wp-block-list\">\r\n<li>general information on the microbiota and products;<\/li>\r\n<li>news articles and tips (blog);<\/li>\r\n<li>a collection of testimonies;<\/li>\r\n<li>a tool for finding points of sale;<\/li>\r\n<li>access to the online store;<\/li>\r\n<li>subscription to the newsletter;<\/li>\r\n<li>a contact form.<\/li>\r\n<\/ul>\r\n\r\n\r\n\r\n<p>BIOCODEX uses all the tools at its disposal to ensure high-quality access to the Website and to its services. However, this is an obligation of means and not of result: the User thus agrees not to claim any compensation from BIOCODEX and their suppliers, in the event that the Website is not available at the time when the User wishes to access it.<\/p>\r\n\r\n\r\n\r\n<p>Access to the Website and its services can, at any time and without prior notice, be interrupted, suspended or changed, for maintenance purposes or for any other reason.<\/p>\r\n\r\n\r\n\r\n<p>The User can contact BIOCODEX by e-mail, using the contact form made available.<\/p>\r\n\r\n\r\n\r\n<p><strong>4 &#8211; Responsibilities<\/strong><\/p>\r\n\r\n\r\n\r\n<p>In accordance with the legislation in force, food supplements marketed by BIOCODEX are declared to the French General Directorate for Competition, Consumer Affairs and Fraud Control (DGCCRF).<\/p>\r\n\r\n\r\n\r\n<p>Taking a food supplement should not replace a varied and balanced diet and a healthy lifestyle.<\/p>\r\n\r\n\r\n\r\n<p>Any information provided on the Website relating to well-being is presented for information purposes only. This information does not claim to cover all aspects of well-being and nutrition. The User uses the Website under his sole responsibility. In particular he acknowledges and agrees not to rely on the information it contains to make decisions regarding his health or possible medical treatment without the advice of a health professional.<\/p>\r\n\r\n\r\n\r\n<p>BIOCODEX endeavors to provide quality, verified information. However, information sources cannot be completely guaranteed.<\/p>\r\n\r\n\r\n\r\n<p>Any &#8222;outbound&#8220; links present on the Website enable the User to access information and other complementary resources available on the internet, or to share information on social networks. BIOCODEX has no means of controlling the content of these completely independent third-party sites and, as such, cannot be held responsible for the consequences of accessing these third-party sites and their content.<\/p>\r\n\r\n\r\n\r\n<p><strong>5 &#8211; Intellectual Property <\/strong><\/p>\r\n\r\n\r\n\r\n<p>The Website, as well as all the elements which comprise it (such as brands, logos, text, photographs, databases, etc.) are the exclusive property of BIOCODEX or its suppliers, and are protected by the Intellectual Property Code.\u00a0<\/p>\r\n\r\n\r\n\r\n<p>The User agrees to use the content of the Website in a strictly private context. Any partial or complete reproduction of the Website or of one of its parts, on any medium or format, for any other purposes and particularly for commercial purposes, without written authorization from BIOCODEX, is prohibited.<\/p>\r\n\r\n\r\n\r\n<p><strong>6 &#8211; Data protection<\/strong><\/p>\r\n\r\n\r\n\r\n<p>The User may freely browse the Website without explicitly providing any personal information. Nevertheless, he may be required to provide data concerning him, for example by using the contact form on the Website. In addition, the Site uses &#8222;cookies&#8220;, which may send data about the User to third parties.<\/p>\r\n\r\n\r\n\r\n<p>To understand how personal data on the Website is processed, the User must carefully read the <a href=\"https:\/\/www.symbiosys.com\/sk\/zasady-ochrany-udajov\/\">data protection policy<\/a> and the <a href=\"https:\/\/www.symbiosys.com\/sk\/zasady-pouzivania-suborov-cookie\/\">cookie policy<\/a> on the Site.<\/p>\r\n\r\n\r\n\r\n<p>The use of the Website implies, in fact, that the User has read and understood these documents and that he\/she has undertaken to consult them regularly.<\/p>\r\n\r\n\r\n\r\n<p><strong>7 &#8211; Applicable law and competent jurisdiction<\/strong><\/p>\r\n\r\n\r\n\r\n<p>The GTU are governed by French law. Any conflict or divergence of interpretation will be subject to the jurisdiction of the French courts.<\/p>\r\n","protected":false},"excerpt":{"rendered":"<p>V\u0160EOBECN\u00c9 PODMIENKY POU\u017dITIA 1 \u2013 Preambula &nbsp; \u00da\u010delom tohto dokumentu s n\u00e1zvom V\u0161eobecn\u00e9 podmienky pou\u017eitia (\u010falej ako \u201eVPP\u201c) je stanovenie z\u00e1sad na poskytovanie a pou\u017e\u00edvanie obsahu a slu\u017eieb webov\u00fdch str\u00e1nok www.symbiosys.com (\u010falej ako \u201ewebov\u00e9 str\u00e1nky\u201c) medzi vydavate\u013eom webov\u00fdch str\u00e1nok \u2013 firmou BIOCODEX SAS (\u010falej ako \u201evydavate\u013e\u201c) a pou\u017e\u00edvate\u013eom internetu (\u010falej ako \u201epou\u017e\u00edvate\u013e\u201c). Pr\u00edstup na webov\u00fa &hellip; <a href=\"https:\/\/www.inbiotys.com\/sk\/vseobecne-podmienky-pouzitia\/\">Continued<\/a><\/p>\n","protected":false},"author":73,"featured_media":0,"parent":0,"menu_order":0,"comment_status":"closed","ping_status":"closed","template":"","meta":{"footnotes":""},"class_list":["post-84636","page","type-page","status-publish","hentry"],"acf":[],"yoast_head":"<!-- This site is optimized with the Yoast SEO plugin v27.3 - https:\/\/yoast.com\/product\/yoast-seo-wordpress\/ -->\n<title>Pr\u00e1vne pripomenutie \u2013 Symbiosys<\/title>\n<meta name=\"description\" content=\"V\u0160EOBECN\u00c9 PODMIENKY POU\u017dITIA webov\u00fdch str\u00e1nok www.symbiosys.com Znenie z 28. 01. 2019. Cie\u013eom tohto dokumentu s n\u00e1zvom V\u0161eobecn\u00e9 podmienky pou\u017eitia je stanovenie z\u00e1sad na poskytovanie a pou\u017e\u00edvanie obsahu a slu\u017eieb webov\u00fdch str\u00e1nok www.symbiosys.com\" \/>\n<meta name=\"robots\" content=\"index, follow, max-snippet:-1, max-image-preview:large, max-video-preview:-1\" \/>\n<link rel=\"canonical\" href=\"https:\/\/www.symbiosys.com\/sk\/vseobecne-podmienky-pouzitia\/\" \/>\n<meta property=\"og:locale\" content=\"sk_SK\" \/>\n<meta property=\"og:type\" content=\"article\" \/>\n<meta property=\"og:title\" content=\"Pr\u00e1vne pripomenutie \u2013 Symbiosys\" \/>\n<meta property=\"og:description\" content=\"V\u0160EOBECN\u00c9 PODMIENKY POU\u017dITIA webov\u00fdch str\u00e1nok www.symbiosys.com Znenie z 28. 01. 2019. Cie\u013eom tohto dokumentu s n\u00e1zvom V\u0161eobecn\u00e9 podmienky pou\u017eitia je stanovenie z\u00e1sad na poskytovanie a pou\u017e\u00edvanie obsahu a slu\u017eieb webov\u00fdch str\u00e1nok www.symbiosys.com\" \/>\n<meta property=\"og:url\" content=\"https:\/\/www.symbiosys.com\/sk\/vseobecne-podmienky-pouzitia\/\" \/>\n<meta property=\"og:site_name\" content=\"Symbiosys\" \/>\n<meta property=\"article:modified_time\" content=\"2026-03-24T17:24:11+00:00\" \/>\n<meta name=\"twitter:card\" content=\"summary_large_image\" \/>\n<meta name=\"twitter:label1\" content=\"Est. reading time\" \/>\n\t<meta name=\"twitter:data1\" content=\"4 min\u00faty\" \/>\n<script type=\"application\/ld+json\" class=\"yoast-schema-graph\">{\"@context\":\"https:\\\/\\\/schema.org\",\"@graph\":[{\"@type\":\"WebPage\",\"@id\":\"https:\\\/\\\/www.symbiosys.com\\\/sk\\\/vseobecne-podmienky-pouzitia\\\/\",\"url\":\"https:\\\/\\\/www.symbiosys.com\\\/sk\\\/vseobecne-podmienky-pouzitia\\\/\",\"name\":\"Pr\u00e1vne pripomenutie \u2013 Symbiosys\",\"isPartOf\":{\"@id\":\"https:\\\/\\\/www.inbiotys.com\\\/sk\\\/#website\"},\"datePublished\":\"2018-11-16T14:36:41+00:00\",\"dateModified\":\"2026-03-24T17:24:11+00:00\",\"description\":\"V\u0160EOBECN\u00c9 PODMIENKY POU\u017dITIA webov\u00fdch str\u00e1nok www.symbiosys.com Znenie z 28. 01. 2019. Cie\u013eom tohto dokumentu s n\u00e1zvom V\u0161eobecn\u00e9 podmienky pou\u017eitia je stanovenie z\u00e1sad na poskytovanie a pou\u017e\u00edvanie obsahu a slu\u017eieb webov\u00fdch str\u00e1nok www.symbiosys.com\",\"breadcrumb\":{\"@id\":\"https:\\\/\\\/www.symbiosys.com\\\/sk\\\/vseobecne-podmienky-pouzitia\\\/#breadcrumb\"},\"inLanguage\":\"sk-SK\",\"potentialAction\":[{\"@type\":\"ReadAction\",\"target\":[\"https:\\\/\\\/www.symbiosys.com\\\/sk\\\/vseobecne-podmienky-pouzitia\\\/\"]}]},{\"@type\":\"BreadcrumbList\",\"@id\":\"https:\\\/\\\/www.symbiosys.com\\\/sk\\\/vseobecne-podmienky-pouzitia\\\/#breadcrumb\",\"itemListElement\":[{\"@type\":\"ListItem\",\"position\":1,\"name\":\"Home\",\"item\":\"https:\\\/\\\/www.inbiotys.com\\\/sk\\\/\"},{\"@type\":\"ListItem\",\"position\":2,\"name\":\"V\u0160EOBECN\u00c9 PODMIENKY POU\u017dITIA\"}]},{\"@type\":\"WebSite\",\"@id\":\"https:\\\/\\\/www.inbiotys.com\\\/sk\\\/#website\",\"url\":\"https:\\\/\\\/www.inbiotys.com\\\/sk\\\/\",\"name\":\"Symbiosys\",\"description\":\"Mikrobiota pre \u017eivot\",\"potentialAction\":[{\"@type\":\"SearchAction\",\"target\":{\"@type\":\"EntryPoint\",\"urlTemplate\":\"https:\\\/\\\/www.inbiotys.com\\\/sk\\\/?s={search_term_string}\"},\"query-input\":{\"@type\":\"PropertyValueSpecification\",\"valueRequired\":true,\"valueName\":\"search_term_string\"}}],\"inLanguage\":\"sk-SK\"}]}<\/script>\n<!-- \/ Yoast SEO plugin. -->","yoast_head_json":{"title":"Pr\u00e1vne pripomenutie \u2013 Symbiosys","description":"V\u0160EOBECN\u00c9 PODMIENKY POU\u017dITIA webov\u00fdch str\u00e1nok www.symbiosys.com Znenie z 28. 01. 2019. Cie\u013eom tohto dokumentu s n\u00e1zvom V\u0161eobecn\u00e9 podmienky pou\u017eitia je stanovenie z\u00e1sad na poskytovanie a pou\u017e\u00edvanie obsahu a slu\u017eieb webov\u00fdch str\u00e1nok www.symbiosys.com","robots":{"index":"index","follow":"follow","max-snippet":"max-snippet:-1","max-image-preview":"max-image-preview:large","max-video-preview":"max-video-preview:-1"},"canonical":"https:\/\/www.symbiosys.com\/sk\/vseobecne-podmienky-pouzitia\/","og_locale":"sk_SK","og_type":"article","og_title":"Pr\u00e1vne pripomenutie \u2013 Symbiosys","og_description":"V\u0160EOBECN\u00c9 PODMIENKY POU\u017dITIA webov\u00fdch str\u00e1nok www.symbiosys.com Znenie z 28. 01. 2019. Cie\u013eom tohto dokumentu s n\u00e1zvom V\u0161eobecn\u00e9 podmienky pou\u017eitia je stanovenie z\u00e1sad na poskytovanie a pou\u017e\u00edvanie obsahu a slu\u017eieb webov\u00fdch str\u00e1nok www.symbiosys.com","og_url":"https:\/\/www.symbiosys.com\/sk\/vseobecne-podmienky-pouzitia\/","og_site_name":"Symbiosys","article_modified_time":"2026-03-24T17:24:11+00:00","twitter_card":"summary_large_image","twitter_misc":{"Est. reading time":"4 min\u00faty"},"schema":{"@context":"https:\/\/schema.org","@graph":[{"@type":"WebPage","@id":"https:\/\/www.symbiosys.com\/sk\/vseobecne-podmienky-pouzitia\/","url":"https:\/\/www.symbiosys.com\/sk\/vseobecne-podmienky-pouzitia\/","name":"Pr\u00e1vne pripomenutie \u2013 Symbiosys","isPartOf":{"@id":"https:\/\/www.inbiotys.com\/sk\/#website"},"datePublished":"2018-11-16T14:36:41+00:00","dateModified":"2026-03-24T17:24:11+00:00","description":"V\u0160EOBECN\u00c9 PODMIENKY POU\u017dITIA webov\u00fdch str\u00e1nok www.symbiosys.com Znenie z 28. 01. 2019. Cie\u013eom tohto dokumentu s n\u00e1zvom V\u0161eobecn\u00e9 podmienky pou\u017eitia je stanovenie z\u00e1sad na poskytovanie a pou\u017e\u00edvanie obsahu a slu\u017eieb webov\u00fdch str\u00e1nok www.symbiosys.com","breadcrumb":{"@id":"https:\/\/www.symbiosys.com\/sk\/vseobecne-podmienky-pouzitia\/#breadcrumb"},"inLanguage":"sk-SK","potentialAction":[{"@type":"ReadAction","target":["https:\/\/www.symbiosys.com\/sk\/vseobecne-podmienky-pouzitia\/"]}]},{"@type":"BreadcrumbList","@id":"https:\/\/www.symbiosys.com\/sk\/vseobecne-podmienky-pouzitia\/#breadcrumb","itemListElement":[{"@type":"ListItem","position":1,"name":"Home","item":"https:\/\/www.inbiotys.com\/sk\/"},{"@type":"ListItem","position":2,"name":"V\u0160EOBECN\u00c9 PODMIENKY POU\u017dITIA"}]},{"@type":"WebSite","@id":"https:\/\/www.inbiotys.com\/sk\/#website","url":"https:\/\/www.inbiotys.com\/sk\/","name":"Symbiosys","description":"Mikrobiota pre \u017eivot","potentialAction":[{"@type":"SearchAction","target":{"@type":"EntryPoint","urlTemplate":"https:\/\/www.inbiotys.com\/sk\/?s={search_term_string}"},"query-input":{"@type":"PropertyValueSpecification","valueRequired":true,"valueName":"search_term_string"}}],"inLanguage":"sk-SK"}]}},"_links":{"self":[{"href":"https:\/\/www.inbiotys.com\/sk\/wp-json\/wp\/v2\/pages\/84636","targetHints":{"allow":["GET"]}}],"collection":[{"href":"https:\/\/www.inbiotys.com\/sk\/wp-json\/wp\/v2\/pages"}],"about":[{"href":"https:\/\/www.inbiotys.com\/sk\/wp-json\/wp\/v2\/types\/page"}],"author":[{"embeddable":true,"href":"https:\/\/www.inbiotys.com\/sk\/wp-json\/wp\/v2\/users\/73"}],"replies":[{"embeddable":true,"href":"https:\/\/www.inbiotys.com\/sk\/wp-json\/wp\/v2\/comments?post=84636"}],"version-history":[{"count":10,"href":"https:\/\/www.inbiotys.com\/sk\/wp-json\/wp\/v2\/pages\/84636\/revisions"}],"predecessor-version":[{"id":98357,"href":"https:\/\/www.inbiotys.com\/sk\/wp-json\/wp\/v2\/pages\/84636\/revisions\/98357"}],"wp:attachment":[{"href":"https:\/\/www.inbiotys.com\/sk\/wp-json\/wp\/v2\/media?parent=84636"}],"curies":[{"name":"wp","href":"https:\/\/api.w.org\/{rel}","templated":true}]}}