{"id":84711,"date":"2018-11-27T13:45:46","date_gmt":"2018-11-27T12:45:46","guid":{"rendered":"https:\/\/www.symbiosys.com\/about-symbiosys\/"},"modified":"2020-12-17T10:14:03","modified_gmt":"2020-12-17T09:14:03","slug":"o-spolocnosti-symbiosys","status":"publish","type":"page","link":"https:\/\/www.inbiotys.com\/sk\/o-spolocnosti-symbiosys\/","title":{"rendered":"O spolo\u010dnosti Symbiosys"},"content":{"rendered":"","protected":false},"excerpt":{"rendered":"","protected":false},"author":73,"featured_media":0,"parent":0,"menu_order":0,"comment_status":"closed","ping_status":"closed","template":"","meta":{"footnotes":""},"class_list":["post-84711","page","type-page","status-publish","hentry"],"acf":[],"yoast_head":"<!-- This site is optimized with the Yoast SEO plugin v27.3 - https:\/\/yoast.com\/product\/yoast-seo-wordpress\/ -->\n<title>O spolo\u010dnosti Symbiosys \u2013 sortiment v\u00fdrobkov na podporu mikrofl\u00f3ry<\/title>\n<meta name=\"description\" content=\"Spolo\u010dnos\u0165 SYMBIOSYS vyvinula sortiment doplnkov stravy navrhnut\u00fdch tak, aby vyu\u017e\u00edvali potenci\u00e1l \u010driev a pom\u00e1hali tak udr\u017eiava\u0165 dobr\u00fd stav a pohodu v ka\u017edej f\u00e1ze \u017eivota.\" \/>\n<meta name=\"robots\" content=\"noindex, follow\" \/>\n<meta property=\"og:locale\" content=\"sk_SK\" \/>\n<meta property=\"og:type\" content=\"article\" \/>\n<meta property=\"og:title\" content=\"O spolo\u010dnosti Symbiosys \u2013 sortiment v\u00fdrobkov na podporu mikrofl\u00f3ry\" \/>\n<meta property=\"og:description\" content=\"Spolo\u010dnos\u0165 SYMBIOSYS vyvinula sortiment doplnkov stravy navrhnut\u00fdch tak, aby vyu\u017e\u00edvali potenci\u00e1l \u010driev a pom\u00e1hali tak udr\u017eiava\u0165 dobr\u00fd stav a pohodu v ka\u017edej f\u00e1ze \u017eivota.\" \/>\n<meta property=\"og:url\" content=\"https:\/\/www.inbiotys.com\/sk\/o-spolocnosti-symbiosys\/\" \/>\n<meta property=\"og:site_name\" content=\"Symbiosys\" \/>\n<meta property=\"article:modified_time\" content=\"2020-12-17T09:14:03+00:00\" \/>\n<meta name=\"twitter:card\" content=\"summary_large_image\" \/>\n<script type=\"application\/ld+json\" class=\"yoast-schema-graph\">{\"@context\":\"https:\\\/\\\/schema.org\",\"@graph\":[{\"@type\":\"WebPage\",\"@id\":\"https:\\\/\\\/www.inbiotys.com\\\/sk\\\/o-spolocnosti-symbiosys\\\/\",\"url\":\"https:\\\/\\\/www.inbiotys.com\\\/sk\\\/o-spolocnosti-symbiosys\\\/\",\"name\":\"O spolo\u010dnosti Symbiosys \u2013 sortiment v\u00fdrobkov na podporu mikrofl\u00f3ry\",\"isPartOf\":{\"@id\":\"https:\\\/\\\/www.inbiotys.com\\\/sk\\\/#website\"},\"datePublished\":\"2018-11-27T12:45:46+00:00\",\"dateModified\":\"2020-12-17T09:14:03+00:00\",\"description\":\"Spolo\u010dnos\u0165 SYMBIOSYS vyvinula sortiment doplnkov stravy navrhnut\u00fdch tak, aby vyu\u017e\u00edvali potenci\u00e1l \u010driev a pom\u00e1hali tak udr\u017eiava\u0165 dobr\u00fd stav a pohodu v ka\u017edej f\u00e1ze \u017eivota.\",\"breadcrumb\":{\"@id\":\"https:\\\/\\\/www.inbiotys.com\\\/sk\\\/o-spolocnosti-symbiosys\\\/#breadcrumb\"},\"inLanguage\":\"sk-SK\",\"potentialAction\":[{\"@type\":\"ReadAction\",\"target\":[\"https:\\\/\\\/www.inbiotys.com\\\/sk\\\/o-spolocnosti-symbiosys\\\/\"]}]},{\"@type\":\"BreadcrumbList\",\"@id\":\"https:\\\/\\\/www.inbiotys.com\\\/sk\\\/o-spolocnosti-symbiosys\\\/#breadcrumb\",\"itemListElement\":[{\"@type\":\"ListItem\",\"position\":1,\"name\":\"Home\",\"item\":\"https:\\\/\\\/www.inbiotys.com\\\/sk\\\/\"},{\"@type\":\"ListItem\",\"position\":2,\"name\":\"O spolo\u010dnosti Symbiosys\"}]},{\"@type\":\"WebSite\",\"@id\":\"https:\\\/\\\/www.inbiotys.com\\\/sk\\\/#website\",\"url\":\"https:\\\/\\\/www.inbiotys.com\\\/sk\\\/\",\"name\":\"Symbiosys\",\"description\":\"Mikrobiota pre \u017eivot\",\"potentialAction\":[{\"@type\":\"SearchAction\",\"target\":{\"@type\":\"EntryPoint\",\"urlTemplate\":\"https:\\\/\\\/www.inbiotys.com\\\/sk\\\/?s={search_term_string}\"},\"query-input\":{\"@type\":\"PropertyValueSpecification\",\"valueRequired\":true,\"valueName\":\"search_term_string\"}}],\"inLanguage\":\"sk-SK\"}]}<\/script>\n<!-- \/ Yoast SEO plugin. -->","yoast_head_json":{"title":"O spolo\u010dnosti Symbiosys \u2013 sortiment v\u00fdrobkov na podporu mikrofl\u00f3ry","description":"Spolo\u010dnos\u0165 SYMBIOSYS vyvinula sortiment doplnkov stravy navrhnut\u00fdch tak, aby vyu\u017e\u00edvali potenci\u00e1l \u010driev a pom\u00e1hali tak udr\u017eiava\u0165 dobr\u00fd stav a pohodu v ka\u017edej f\u00e1ze \u017eivota.","robots":{"index":"noindex","follow":"follow"},"og_locale":"sk_SK","og_type":"article","og_title":"O spolo\u010dnosti Symbiosys \u2013 sortiment v\u00fdrobkov na podporu mikrofl\u00f3ry","og_description":"Spolo\u010dnos\u0165 SYMBIOSYS vyvinula sortiment doplnkov stravy navrhnut\u00fdch tak, aby vyu\u017e\u00edvali potenci\u00e1l \u010driev a pom\u00e1hali tak udr\u017eiava\u0165 dobr\u00fd stav a pohodu v ka\u017edej f\u00e1ze \u017eivota.","og_url":"https:\/\/www.inbiotys.com\/sk\/o-spolocnosti-symbiosys\/","og_site_name":"Symbiosys","article_modified_time":"2020-12-17T09:14:03+00:00","twitter_card":"summary_large_image","schema":{"@context":"https:\/\/schema.org","@graph":[{"@type":"WebPage","@id":"https:\/\/www.inbiotys.com\/sk\/o-spolocnosti-symbiosys\/","url":"https:\/\/www.inbiotys.com\/sk\/o-spolocnosti-symbiosys\/","name":"O spolo\u010dnosti Symbiosys \u2013 sortiment v\u00fdrobkov na podporu mikrofl\u00f3ry","isPartOf":{"@id":"https:\/\/www.inbiotys.com\/sk\/#website"},"datePublished":"2018-11-27T12:45:46+00:00","dateModified":"2020-12-17T09:14:03+00:00","description":"Spolo\u010dnos\u0165 SYMBIOSYS vyvinula sortiment doplnkov stravy navrhnut\u00fdch tak, aby vyu\u017e\u00edvali potenci\u00e1l \u010driev a pom\u00e1hali tak udr\u017eiava\u0165 dobr\u00fd stav a pohodu v ka\u017edej f\u00e1ze \u017eivota.","breadcrumb":{"@id":"https:\/\/www.inbiotys.com\/sk\/o-spolocnosti-symbiosys\/#breadcrumb"},"inLanguage":"sk-SK","potentialAction":[{"@type":"ReadAction","target":["https:\/\/www.inbiotys.com\/sk\/o-spolocnosti-symbiosys\/"]}]},{"@type":"BreadcrumbList","@id":"https:\/\/www.inbiotys.com\/sk\/o-spolocnosti-symbiosys\/#breadcrumb","itemListElement":[{"@type":"ListItem","position":1,"name":"Home","item":"https:\/\/www.inbiotys.com\/sk\/"},{"@type":"ListItem","position":2,"name":"O spolo\u010dnosti Symbiosys"}]},{"@type":"WebSite","@id":"https:\/\/www.inbiotys.com\/sk\/#website","url":"https:\/\/www.inbiotys.com\/sk\/","name":"Symbiosys","description":"Mikrobiota pre \u017eivot","potentialAction":[{"@type":"SearchAction","target":{"@type":"EntryPoint","urlTemplate":"https:\/\/www.inbiotys.com\/sk\/?s={search_term_string}"},"query-input":{"@type":"PropertyValueSpecification","valueRequired":true,"valueName":"search_term_string"}}],"inLanguage":"sk-SK"}]}},"_links":{"self":[{"href":"https:\/\/www.inbiotys.com\/sk\/wp-json\/wp\/v2\/pages\/84711","targetHints":{"allow":["GET"]}}],"collection":[{"href":"https:\/\/www.inbiotys.com\/sk\/wp-json\/wp\/v2\/pages"}],"about":[{"href":"https:\/\/www.inbiotys.com\/sk\/wp-json\/wp\/v2\/types\/page"}],"author":[{"embeddable":true,"href":"https:\/\/www.inbiotys.com\/sk\/wp-json\/wp\/v2\/users\/73"}],"replies":[{"embeddable":true,"href":"https:\/\/www.inbiotys.com\/sk\/wp-json\/wp\/v2\/comments?post=84711"}],"version-history":[{"count":4,"href":"https:\/\/www.inbiotys.com\/sk\/wp-json\/wp\/v2\/pages\/84711\/revisions"}],"predecessor-version":[{"id":87713,"href":"https:\/\/www.inbiotys.com\/sk\/wp-json\/wp\/v2\/pages\/84711\/revisions\/87713"}],"wp:attachment":[{"href":"https:\/\/www.inbiotys.com\/sk\/wp-json\/wp\/v2\/media?parent=84711"}],"curies":[{"name":"wp","href":"https:\/\/api.w.org\/{rel}","templated":true}]}}