{"id":85119,"date":"2019-03-14T18:11:35","date_gmt":"2019-03-14T17:11:35","guid":{"rendered":"https:\/\/www.symbiosys.com\/wellness-coach-mag\/"},"modified":"2020-12-17T10:09:33","modified_gmt":"2020-12-17T09:09:33","slug":"drobne-radi-pre-wellness","status":"publish","type":"page","link":"https:\/\/www.inbiotys.com\/sk\/drobne-radi-pre-wellness\/","title":{"rendered":"DROBN\u00c9 RADI PRE WELLNESS"},"content":{"rendered":"","protected":false},"excerpt":{"rendered":"","protected":false},"author":73,"featured_media":0,"parent":0,"menu_order":0,"comment_status":"closed","ping_status":"closed","template":"views\/template-list.blade.php","meta":{"footnotes":""},"class_list":["post-85119","page","type-page","status-publish","hentry"],"acf":[],"yoast_head":"<!-- This site is optimized with the Yoast SEO plugin v27.3 - https:\/\/yoast.com\/product\/yoast-seo-wordpress\/ -->\n<title>Malink\u00e9 tipy pre wellness - Pre\u010d\u00edtajte si na\u0161e drobn\u00e9 tipy, ako vyu\u017ei\u0165 de\u0148 - Symbiosys<\/title>\n<meta name=\"description\" content=\"Ak\u00e9 mal\u00e9 veci m\u00f4\u017eu ma\u0165 ve\u013ek\u00fd dopad na V\u00e1s a V\u00e1\u0161 \u017eivot? Pre\u010d\u00edtajte si na\u0161e drobn\u00e9 tipy a fakty, ktor\u00e9 V\u00e1m pom\u00f4\u017eu vyu\u017ei\u0165 de\u0148 a \u017ei\u0165 svoj \u017eivot naplno.\" \/>\n<meta name=\"robots\" content=\"noindex, follow\" \/>\n<meta property=\"og:locale\" content=\"sk_SK\" \/>\n<meta property=\"og:type\" content=\"article\" \/>\n<meta property=\"og:title\" content=\"Malink\u00e9 tipy pre wellness - Pre\u010d\u00edtajte si na\u0161e drobn\u00e9 tipy, ako vyu\u017ei\u0165 de\u0148 - Symbiosys\" \/>\n<meta property=\"og:description\" content=\"Ak\u00e9 mal\u00e9 veci m\u00f4\u017eu ma\u0165 ve\u013ek\u00fd dopad na V\u00e1s a V\u00e1\u0161 \u017eivot? Pre\u010d\u00edtajte si na\u0161e drobn\u00e9 tipy a fakty, ktor\u00e9 V\u00e1m pom\u00f4\u017eu vyu\u017ei\u0165 de\u0148 a \u017ei\u0165 svoj \u017eivot naplno.\" \/>\n<meta property=\"og:url\" content=\"https:\/\/www.inbiotys.com\/sk\/drobne-radi-pre-wellness\/\" \/>\n<meta property=\"og:site_name\" content=\"Symbiosys\" \/>\n<meta property=\"article:modified_time\" content=\"2020-12-17T09:09:33+00:00\" \/>\n<meta name=\"twitter:card\" content=\"summary_large_image\" \/>\n<script type=\"application\/ld+json\" class=\"yoast-schema-graph\">{\"@context\":\"https:\\\/\\\/schema.org\",\"@graph\":[{\"@type\":\"WebPage\",\"@id\":\"https:\\\/\\\/www.inbiotys.com\\\/sk\\\/drobne-radi-pre-wellness\\\/\",\"url\":\"https:\\\/\\\/www.inbiotys.com\\\/sk\\\/drobne-radi-pre-wellness\\\/\",\"name\":\"Malink\u00e9 tipy pre wellness - Pre\u010d\u00edtajte si na\u0161e drobn\u00e9 tipy, ako vyu\u017ei\u0165 de\u0148 - Symbiosys\",\"isPartOf\":{\"@id\":\"https:\\\/\\\/www.inbiotys.com\\\/sk\\\/#website\"},\"datePublished\":\"2019-03-14T17:11:35+00:00\",\"dateModified\":\"2020-12-17T09:09:33+00:00\",\"description\":\"Ak\u00e9 mal\u00e9 veci m\u00f4\u017eu ma\u0165 ve\u013ek\u00fd dopad na V\u00e1s a V\u00e1\u0161 \u017eivot? Pre\u010d\u00edtajte si na\u0161e drobn\u00e9 tipy a fakty, ktor\u00e9 V\u00e1m pom\u00f4\u017eu vyu\u017ei\u0165 de\u0148 a \u017ei\u0165 svoj \u017eivot naplno.\",\"breadcrumb\":{\"@id\":\"https:\\\/\\\/www.inbiotys.com\\\/sk\\\/drobne-radi-pre-wellness\\\/#breadcrumb\"},\"inLanguage\":\"sk-SK\",\"potentialAction\":[{\"@type\":\"ReadAction\",\"target\":[\"https:\\\/\\\/www.inbiotys.com\\\/sk\\\/drobne-radi-pre-wellness\\\/\"]}]},{\"@type\":\"BreadcrumbList\",\"@id\":\"https:\\\/\\\/www.inbiotys.com\\\/sk\\\/drobne-radi-pre-wellness\\\/#breadcrumb\",\"itemListElement\":[{\"@type\":\"ListItem\",\"position\":1,\"name\":\"Home\",\"item\":\"https:\\\/\\\/www.inbiotys.com\\\/sk\\\/\"},{\"@type\":\"ListItem\",\"position\":2,\"name\":\"DROBN\u00c9 RADI PRE WELLNESS\"}]},{\"@type\":\"WebSite\",\"@id\":\"https:\\\/\\\/www.inbiotys.com\\\/sk\\\/#website\",\"url\":\"https:\\\/\\\/www.inbiotys.com\\\/sk\\\/\",\"name\":\"Symbiosys\",\"description\":\"Mikrobiota pre \u017eivot\",\"potentialAction\":[{\"@type\":\"SearchAction\",\"target\":{\"@type\":\"EntryPoint\",\"urlTemplate\":\"https:\\\/\\\/www.inbiotys.com\\\/sk\\\/?s={search_term_string}\"},\"query-input\":{\"@type\":\"PropertyValueSpecification\",\"valueRequired\":true,\"valueName\":\"search_term_string\"}}],\"inLanguage\":\"sk-SK\"}]}<\/script>\n<!-- \/ Yoast SEO plugin. -->","yoast_head_json":{"title":"Malink\u00e9 tipy pre wellness - Pre\u010d\u00edtajte si na\u0161e drobn\u00e9 tipy, ako vyu\u017ei\u0165 de\u0148 - Symbiosys","description":"Ak\u00e9 mal\u00e9 veci m\u00f4\u017eu ma\u0165 ve\u013ek\u00fd dopad na V\u00e1s a V\u00e1\u0161 \u017eivot? Pre\u010d\u00edtajte si na\u0161e drobn\u00e9 tipy a fakty, ktor\u00e9 V\u00e1m pom\u00f4\u017eu vyu\u017ei\u0165 de\u0148 a \u017ei\u0165 svoj \u017eivot naplno.","robots":{"index":"noindex","follow":"follow"},"og_locale":"sk_SK","og_type":"article","og_title":"Malink\u00e9 tipy pre wellness - Pre\u010d\u00edtajte si na\u0161e drobn\u00e9 tipy, ako vyu\u017ei\u0165 de\u0148 - Symbiosys","og_description":"Ak\u00e9 mal\u00e9 veci m\u00f4\u017eu ma\u0165 ve\u013ek\u00fd dopad na V\u00e1s a V\u00e1\u0161 \u017eivot? Pre\u010d\u00edtajte si na\u0161e drobn\u00e9 tipy a fakty, ktor\u00e9 V\u00e1m pom\u00f4\u017eu vyu\u017ei\u0165 de\u0148 a \u017ei\u0165 svoj \u017eivot naplno.","og_url":"https:\/\/www.inbiotys.com\/sk\/drobne-radi-pre-wellness\/","og_site_name":"Symbiosys","article_modified_time":"2020-12-17T09:09:33+00:00","twitter_card":"summary_large_image","schema":{"@context":"https:\/\/schema.org","@graph":[{"@type":"WebPage","@id":"https:\/\/www.inbiotys.com\/sk\/drobne-radi-pre-wellness\/","url":"https:\/\/www.inbiotys.com\/sk\/drobne-radi-pre-wellness\/","name":"Malink\u00e9 tipy pre wellness - Pre\u010d\u00edtajte si na\u0161e drobn\u00e9 tipy, ako vyu\u017ei\u0165 de\u0148 - Symbiosys","isPartOf":{"@id":"https:\/\/www.inbiotys.com\/sk\/#website"},"datePublished":"2019-03-14T17:11:35+00:00","dateModified":"2020-12-17T09:09:33+00:00","description":"Ak\u00e9 mal\u00e9 veci m\u00f4\u017eu ma\u0165 ve\u013ek\u00fd dopad na V\u00e1s a V\u00e1\u0161 \u017eivot? Pre\u010d\u00edtajte si na\u0161e drobn\u00e9 tipy a fakty, ktor\u00e9 V\u00e1m pom\u00f4\u017eu vyu\u017ei\u0165 de\u0148 a \u017ei\u0165 svoj \u017eivot naplno.","breadcrumb":{"@id":"https:\/\/www.inbiotys.com\/sk\/drobne-radi-pre-wellness\/#breadcrumb"},"inLanguage":"sk-SK","potentialAction":[{"@type":"ReadAction","target":["https:\/\/www.inbiotys.com\/sk\/drobne-radi-pre-wellness\/"]}]},{"@type":"BreadcrumbList","@id":"https:\/\/www.inbiotys.com\/sk\/drobne-radi-pre-wellness\/#breadcrumb","itemListElement":[{"@type":"ListItem","position":1,"name":"Home","item":"https:\/\/www.inbiotys.com\/sk\/"},{"@type":"ListItem","position":2,"name":"DROBN\u00c9 RADI PRE WELLNESS"}]},{"@type":"WebSite","@id":"https:\/\/www.inbiotys.com\/sk\/#website","url":"https:\/\/www.inbiotys.com\/sk\/","name":"Symbiosys","description":"Mikrobiota pre \u017eivot","potentialAction":[{"@type":"SearchAction","target":{"@type":"EntryPoint","urlTemplate":"https:\/\/www.inbiotys.com\/sk\/?s={search_term_string}"},"query-input":{"@type":"PropertyValueSpecification","valueRequired":true,"valueName":"search_term_string"}}],"inLanguage":"sk-SK"}]}},"_links":{"self":[{"href":"https:\/\/www.inbiotys.com\/sk\/wp-json\/wp\/v2\/pages\/85119","targetHints":{"allow":["GET"]}}],"collection":[{"href":"https:\/\/www.inbiotys.com\/sk\/wp-json\/wp\/v2\/pages"}],"about":[{"href":"https:\/\/www.inbiotys.com\/sk\/wp-json\/wp\/v2\/types\/page"}],"author":[{"embeddable":true,"href":"https:\/\/www.inbiotys.com\/sk\/wp-json\/wp\/v2\/users\/73"}],"replies":[{"embeddable":true,"href":"https:\/\/www.inbiotys.com\/sk\/wp-json\/wp\/v2\/comments?post=85119"}],"version-history":[{"count":2,"href":"https:\/\/www.inbiotys.com\/sk\/wp-json\/wp\/v2\/pages\/85119\/revisions"}],"predecessor-version":[{"id":85121,"href":"https:\/\/www.inbiotys.com\/sk\/wp-json\/wp\/v2\/pages\/85119\/revisions\/85121"}],"wp:attachment":[{"href":"https:\/\/www.inbiotys.com\/sk\/wp-json\/wp\/v2\/media?parent=85119"}],"curies":[{"name":"wp","href":"https:\/\/api.w.org\/{rel}","templated":true}]}}