{"id":85794,"date":"2018-12-17T10:38:55","date_gmt":"2018-12-17T09:38:55","guid":{"rendered":"https:\/\/www.symbiosys.com\/product-finder\/"},"modified":"2020-11-13T09:18:12","modified_gmt":"2020-11-13T08:18:12","slug":"product-finder","status":"publish","type":"page","link":"https:\/\/www.inbiotys.com\/sk\/product-finder\/","title":{"rendered":"Product finder"},"content":{"rendered":"","protected":false},"excerpt":{"rendered":"","protected":false},"author":73,"featured_media":0,"parent":0,"menu_order":0,"comment_status":"closed","ping_status":"closed","template":"views\/template-product-finder-flexible.blade.php","meta":{"footnotes":""},"class_list":["post-85794","page","type-page","status-publish","hentry"],"acf":[],"yoast_head":"<!-- This site is optimized with the Yoast SEO plugin v27.3 - https:\/\/yoast.com\/product\/yoast-seo-wordpress\/ -->\n<title>Vyh\u013ead\u00e1va\u010d produktov - doplnky stravy, probiotik\u00e1 pre vn\u00fatorn\u00fa rovnov\u00e1hu - Symbiosys<\/title>\n<meta name=\"description\" content=\"Kde m\u00f4\u017eem k\u00fapi\u0165 svoj produkt Symbiosys (Alflorex, Bifibaby), probiotik\u00e1 pre vn\u00fatorn\u00fa rovnov\u00e1hu?\" \/>\n<meta name=\"robots\" content=\"noindex, follow\" \/>\n<meta property=\"og:locale\" content=\"sk_SK\" \/>\n<meta property=\"og:type\" content=\"article\" \/>\n<meta property=\"og:title\" content=\"Vyh\u013ead\u00e1va\u010d produktov - doplnky stravy, probiotik\u00e1 pre vn\u00fatorn\u00fa rovnov\u00e1hu - Symbiosys\" \/>\n<meta property=\"og:description\" content=\"Kde m\u00f4\u017eem k\u00fapi\u0165 svoj produkt Symbiosys (Alflorex, Bifibaby), probiotik\u00e1 pre vn\u00fatorn\u00fa rovnov\u00e1hu?\" \/>\n<meta property=\"og:url\" content=\"https:\/\/www.symbiosys.com\/sk\/product-finder\/\" \/>\n<meta property=\"og:site_name\" content=\"Symbiosys\" \/>\n<meta property=\"article:modified_time\" content=\"2020-11-13T08:18:12+00:00\" \/>\n<meta name=\"twitter:card\" content=\"summary_large_image\" \/>\n<script type=\"application\/ld+json\" class=\"yoast-schema-graph\">{\"@context\":\"https:\\\/\\\/schema.org\",\"@graph\":[{\"@type\":\"WebPage\",\"@id\":\"https:\\\/\\\/www.symbiosys.com\\\/sk\\\/product-finder\\\/\",\"url\":\"https:\\\/\\\/www.symbiosys.com\\\/sk\\\/product-finder\\\/\",\"name\":\"Vyh\u013ead\u00e1va\u010d produktov - doplnky stravy, probiotik\u00e1 pre vn\u00fatorn\u00fa rovnov\u00e1hu - Symbiosys\",\"isPartOf\":{\"@id\":\"https:\\\/\\\/www.inbiotys.com\\\/sk\\\/#website\"},\"datePublished\":\"2018-12-17T09:38:55+00:00\",\"dateModified\":\"2020-11-13T08:18:12+00:00\",\"description\":\"Kde m\u00f4\u017eem k\u00fapi\u0165 svoj produkt Symbiosys (Alflorex, Bifibaby), probiotik\u00e1 pre vn\u00fatorn\u00fa rovnov\u00e1hu?\",\"breadcrumb\":{\"@id\":\"https:\\\/\\\/www.symbiosys.com\\\/sk\\\/product-finder\\\/#breadcrumb\"},\"inLanguage\":\"sk-SK\",\"potentialAction\":[{\"@type\":\"ReadAction\",\"target\":[\"https:\\\/\\\/www.symbiosys.com\\\/sk\\\/product-finder\\\/\"]}]},{\"@type\":\"BreadcrumbList\",\"@id\":\"https:\\\/\\\/www.symbiosys.com\\\/sk\\\/product-finder\\\/#breadcrumb\",\"itemListElement\":[{\"@type\":\"ListItem\",\"position\":1,\"name\":\"Home\",\"item\":\"https:\\\/\\\/www.inbiotys.com\\\/sk\\\/\"},{\"@type\":\"ListItem\",\"position\":2,\"name\":\"Product finder\"}]},{\"@type\":\"WebSite\",\"@id\":\"https:\\\/\\\/www.inbiotys.com\\\/sk\\\/#website\",\"url\":\"https:\\\/\\\/www.inbiotys.com\\\/sk\\\/\",\"name\":\"Symbiosys\",\"description\":\"Mikrobiota pre \u017eivot\",\"potentialAction\":[{\"@type\":\"SearchAction\",\"target\":{\"@type\":\"EntryPoint\",\"urlTemplate\":\"https:\\\/\\\/www.inbiotys.com\\\/sk\\\/?s={search_term_string}\"},\"query-input\":{\"@type\":\"PropertyValueSpecification\",\"valueRequired\":true,\"valueName\":\"search_term_string\"}}],\"inLanguage\":\"sk-SK\"}]}<\/script>\n<!-- \/ Yoast SEO plugin. -->","yoast_head_json":{"title":"Vyh\u013ead\u00e1va\u010d produktov - doplnky stravy, probiotik\u00e1 pre vn\u00fatorn\u00fa rovnov\u00e1hu - Symbiosys","description":"Kde m\u00f4\u017eem k\u00fapi\u0165 svoj produkt Symbiosys (Alflorex, Bifibaby), probiotik\u00e1 pre vn\u00fatorn\u00fa rovnov\u00e1hu?","robots":{"index":"noindex","follow":"follow"},"og_locale":"sk_SK","og_type":"article","og_title":"Vyh\u013ead\u00e1va\u010d produktov - doplnky stravy, probiotik\u00e1 pre vn\u00fatorn\u00fa rovnov\u00e1hu - Symbiosys","og_description":"Kde m\u00f4\u017eem k\u00fapi\u0165 svoj produkt Symbiosys (Alflorex, Bifibaby), probiotik\u00e1 pre vn\u00fatorn\u00fa rovnov\u00e1hu?","og_url":"https:\/\/www.symbiosys.com\/sk\/product-finder\/","og_site_name":"Symbiosys","article_modified_time":"2020-11-13T08:18:12+00:00","twitter_card":"summary_large_image","schema":{"@context":"https:\/\/schema.org","@graph":[{"@type":"WebPage","@id":"https:\/\/www.symbiosys.com\/sk\/product-finder\/","url":"https:\/\/www.symbiosys.com\/sk\/product-finder\/","name":"Vyh\u013ead\u00e1va\u010d produktov - doplnky stravy, probiotik\u00e1 pre vn\u00fatorn\u00fa rovnov\u00e1hu - Symbiosys","isPartOf":{"@id":"https:\/\/www.inbiotys.com\/sk\/#website"},"datePublished":"2018-12-17T09:38:55+00:00","dateModified":"2020-11-13T08:18:12+00:00","description":"Kde m\u00f4\u017eem k\u00fapi\u0165 svoj produkt Symbiosys (Alflorex, Bifibaby), probiotik\u00e1 pre vn\u00fatorn\u00fa rovnov\u00e1hu?","breadcrumb":{"@id":"https:\/\/www.symbiosys.com\/sk\/product-finder\/#breadcrumb"},"inLanguage":"sk-SK","potentialAction":[{"@type":"ReadAction","target":["https:\/\/www.symbiosys.com\/sk\/product-finder\/"]}]},{"@type":"BreadcrumbList","@id":"https:\/\/www.symbiosys.com\/sk\/product-finder\/#breadcrumb","itemListElement":[{"@type":"ListItem","position":1,"name":"Home","item":"https:\/\/www.inbiotys.com\/sk\/"},{"@type":"ListItem","position":2,"name":"Product finder"}]},{"@type":"WebSite","@id":"https:\/\/www.inbiotys.com\/sk\/#website","url":"https:\/\/www.inbiotys.com\/sk\/","name":"Symbiosys","description":"Mikrobiota pre \u017eivot","potentialAction":[{"@type":"SearchAction","target":{"@type":"EntryPoint","urlTemplate":"https:\/\/www.inbiotys.com\/sk\/?s={search_term_string}"},"query-input":{"@type":"PropertyValueSpecification","valueRequired":true,"valueName":"search_term_string"}}],"inLanguage":"sk-SK"}]}},"_links":{"self":[{"href":"https:\/\/www.inbiotys.com\/sk\/wp-json\/wp\/v2\/pages\/85794","targetHints":{"allow":["GET"]}}],"collection":[{"href":"https:\/\/www.inbiotys.com\/sk\/wp-json\/wp\/v2\/pages"}],"about":[{"href":"https:\/\/www.inbiotys.com\/sk\/wp-json\/wp\/v2\/types\/page"}],"author":[{"embeddable":true,"href":"https:\/\/www.inbiotys.com\/sk\/wp-json\/wp\/v2\/users\/73"}],"replies":[{"embeddable":true,"href":"https:\/\/www.inbiotys.com\/sk\/wp-json\/wp\/v2\/comments?post=85794"}],"version-history":[{"count":2,"href":"https:\/\/www.inbiotys.com\/sk\/wp-json\/wp\/v2\/pages\/85794\/revisions"}],"predecessor-version":[{"id":85797,"href":"https:\/\/www.inbiotys.com\/sk\/wp-json\/wp\/v2\/pages\/85794\/revisions\/85797"}],"wp:attachment":[{"href":"https:\/\/www.inbiotys.com\/sk\/wp-json\/wp\/v2\/media?parent=85794"}],"curies":[{"name":"wp","href":"https:\/\/api.w.org\/{rel}","templated":true}]}}