{"id":85890,"date":"2018-11-20T15:15:01","date_gmt":"2018-11-20T14:15:01","guid":{"rendered":"https:\/\/www.symbiosys.com\/contact\/"},"modified":"2024-06-03T14:35:23","modified_gmt":"2024-06-03T12:35:23","slug":"kontakty-symbiosys","status":"publish","type":"page","link":"https:\/\/www.inbiotys.com\/sk\/kontakty-symbiosys\/","title":{"rendered":"Kontakty \u2013 Symbiosys"},"content":{"rendered":"","protected":false},"excerpt":{"rendered":"","protected":false},"author":73,"featured_media":0,"parent":0,"menu_order":0,"comment_status":"closed","ping_status":"closed","template":"views\/template-contact.blade.php","meta":{"footnotes":""},"class_list":["post-85890","page","type-page","status-publish","hentry"],"acf":[],"yoast_head":"<!-- This site is optimized with the Yoast SEO plugin v27.3 - https:\/\/yoast.com\/product\/yoast-seo-wordpress\/ -->\n<title>Kontakty \u2013 Symbiosys<\/title>\n<meta name=\"description\" content=\"Obr\u00e1\u0165te sa na Symbiosys. V\u00e1\u017eime si va\u0161u sp\u00e4tn\u00fa v\u00e4zbu a \u010fakujeme v\u00e1m, \u017ee ste si na\u0161li \u010das a podelili sa o svoje n\u00e1zory na t\u00fato str\u00e1nku.\" \/>\n<meta name=\"robots\" content=\"noindex, follow\" \/>\n<meta property=\"og:locale\" content=\"sk_SK\" \/>\n<meta property=\"og:type\" content=\"article\" \/>\n<meta property=\"og:title\" content=\"Kontakty \u2013 Symbiosys\" \/>\n<meta property=\"og:description\" content=\"Obr\u00e1\u0165te sa na Symbiosys. V\u00e1\u017eime si va\u0161u sp\u00e4tn\u00fa v\u00e4zbu a \u010fakujeme v\u00e1m, \u017ee ste si na\u0161li \u010das a podelili sa o svoje n\u00e1zory na t\u00fato str\u00e1nku.\" \/>\n<meta property=\"og:url\" content=\"https:\/\/www.symbiosys.com\/sk\/kontakty-symbiosys\/\" \/>\n<meta property=\"og:site_name\" content=\"Symbiosys\" \/>\n<meta property=\"article:modified_time\" content=\"2024-06-03T12:35:23+00:00\" \/>\n<meta name=\"twitter:card\" content=\"summary_large_image\" \/>\n<script type=\"application\/ld+json\" class=\"yoast-schema-graph\">{\"@context\":\"https:\\\/\\\/schema.org\",\"@graph\":[{\"@type\":\"WebPage\",\"@id\":\"https:\\\/\\\/www.symbiosys.com\\\/sk\\\/kontakty-symbiosys\\\/\",\"url\":\"https:\\\/\\\/www.symbiosys.com\\\/sk\\\/kontakty-symbiosys\\\/\",\"name\":\"Kontakty \u2013 Symbiosys\",\"isPartOf\":{\"@id\":\"https:\\\/\\\/www.inbiotys.com\\\/sk\\\/#website\"},\"datePublished\":\"2018-11-20T14:15:01+00:00\",\"dateModified\":\"2024-06-03T12:35:23+00:00\",\"description\":\"Obr\u00e1\u0165te sa na Symbiosys. V\u00e1\u017eime si va\u0161u sp\u00e4tn\u00fa v\u00e4zbu a \u010fakujeme v\u00e1m, \u017ee ste si na\u0161li \u010das a podelili sa o svoje n\u00e1zory na t\u00fato str\u00e1nku.\",\"breadcrumb\":{\"@id\":\"https:\\\/\\\/www.symbiosys.com\\\/sk\\\/kontakty-symbiosys\\\/#breadcrumb\"},\"inLanguage\":\"sk-SK\",\"potentialAction\":[{\"@type\":\"ReadAction\",\"target\":[\"https:\\\/\\\/www.symbiosys.com\\\/sk\\\/kontakty-symbiosys\\\/\"]}]},{\"@type\":\"BreadcrumbList\",\"@id\":\"https:\\\/\\\/www.symbiosys.com\\\/sk\\\/kontakty-symbiosys\\\/#breadcrumb\",\"itemListElement\":[{\"@type\":\"ListItem\",\"position\":1,\"name\":\"Home\",\"item\":\"https:\\\/\\\/www.inbiotys.com\\\/sk\\\/\"},{\"@type\":\"ListItem\",\"position\":2,\"name\":\"Kontakty \u2013 Symbiosys\"}]},{\"@type\":\"WebSite\",\"@id\":\"https:\\\/\\\/www.inbiotys.com\\\/sk\\\/#website\",\"url\":\"https:\\\/\\\/www.inbiotys.com\\\/sk\\\/\",\"name\":\"Symbiosys\",\"description\":\"Mikrobiota pre \u017eivot\",\"potentialAction\":[{\"@type\":\"SearchAction\",\"target\":{\"@type\":\"EntryPoint\",\"urlTemplate\":\"https:\\\/\\\/www.inbiotys.com\\\/sk\\\/?s={search_term_string}\"},\"query-input\":{\"@type\":\"PropertyValueSpecification\",\"valueRequired\":true,\"valueName\":\"search_term_string\"}}],\"inLanguage\":\"sk-SK\"}]}<\/script>\n<!-- \/ Yoast SEO plugin. -->","yoast_head_json":{"title":"Kontakty \u2013 Symbiosys","description":"Obr\u00e1\u0165te sa na Symbiosys. V\u00e1\u017eime si va\u0161u sp\u00e4tn\u00fa v\u00e4zbu a \u010fakujeme v\u00e1m, \u017ee ste si na\u0161li \u010das a podelili sa o svoje n\u00e1zory na t\u00fato str\u00e1nku.","robots":{"index":"noindex","follow":"follow"},"og_locale":"sk_SK","og_type":"article","og_title":"Kontakty \u2013 Symbiosys","og_description":"Obr\u00e1\u0165te sa na Symbiosys. V\u00e1\u017eime si va\u0161u sp\u00e4tn\u00fa v\u00e4zbu a \u010fakujeme v\u00e1m, \u017ee ste si na\u0161li \u010das a podelili sa o svoje n\u00e1zory na t\u00fato str\u00e1nku.","og_url":"https:\/\/www.symbiosys.com\/sk\/kontakty-symbiosys\/","og_site_name":"Symbiosys","article_modified_time":"2024-06-03T12:35:23+00:00","twitter_card":"summary_large_image","schema":{"@context":"https:\/\/schema.org","@graph":[{"@type":"WebPage","@id":"https:\/\/www.symbiosys.com\/sk\/kontakty-symbiosys\/","url":"https:\/\/www.symbiosys.com\/sk\/kontakty-symbiosys\/","name":"Kontakty \u2013 Symbiosys","isPartOf":{"@id":"https:\/\/www.inbiotys.com\/sk\/#website"},"datePublished":"2018-11-20T14:15:01+00:00","dateModified":"2024-06-03T12:35:23+00:00","description":"Obr\u00e1\u0165te sa na Symbiosys. V\u00e1\u017eime si va\u0161u sp\u00e4tn\u00fa v\u00e4zbu a \u010fakujeme v\u00e1m, \u017ee ste si na\u0161li \u010das a podelili sa o svoje n\u00e1zory na t\u00fato str\u00e1nku.","breadcrumb":{"@id":"https:\/\/www.symbiosys.com\/sk\/kontakty-symbiosys\/#breadcrumb"},"inLanguage":"sk-SK","potentialAction":[{"@type":"ReadAction","target":["https:\/\/www.symbiosys.com\/sk\/kontakty-symbiosys\/"]}]},{"@type":"BreadcrumbList","@id":"https:\/\/www.symbiosys.com\/sk\/kontakty-symbiosys\/#breadcrumb","itemListElement":[{"@type":"ListItem","position":1,"name":"Home","item":"https:\/\/www.inbiotys.com\/sk\/"},{"@type":"ListItem","position":2,"name":"Kontakty \u2013 Symbiosys"}]},{"@type":"WebSite","@id":"https:\/\/www.inbiotys.com\/sk\/#website","url":"https:\/\/www.inbiotys.com\/sk\/","name":"Symbiosys","description":"Mikrobiota pre \u017eivot","potentialAction":[{"@type":"SearchAction","target":{"@type":"EntryPoint","urlTemplate":"https:\/\/www.inbiotys.com\/sk\/?s={search_term_string}"},"query-input":{"@type":"PropertyValueSpecification","valueRequired":true,"valueName":"search_term_string"}}],"inLanguage":"sk-SK"}]}},"_links":{"self":[{"href":"https:\/\/www.inbiotys.com\/sk\/wp-json\/wp\/v2\/pages\/85890","targetHints":{"allow":["GET"]}}],"collection":[{"href":"https:\/\/www.inbiotys.com\/sk\/wp-json\/wp\/v2\/pages"}],"about":[{"href":"https:\/\/www.inbiotys.com\/sk\/wp-json\/wp\/v2\/types\/page"}],"author":[{"embeddable":true,"href":"https:\/\/www.inbiotys.com\/sk\/wp-json\/wp\/v2\/users\/73"}],"replies":[{"embeddable":true,"href":"https:\/\/www.inbiotys.com\/sk\/wp-json\/wp\/v2\/comments?post=85890"}],"version-history":[{"count":6,"href":"https:\/\/www.inbiotys.com\/sk\/wp-json\/wp\/v2\/pages\/85890\/revisions"}],"predecessor-version":[{"id":98155,"href":"https:\/\/www.inbiotys.com\/sk\/wp-json\/wp\/v2\/pages\/85890\/revisions\/98155"}],"wp:attachment":[{"href":"https:\/\/www.inbiotys.com\/sk\/wp-json\/wp\/v2\/media?parent=85890"}],"curies":[{"name":"wp","href":"https:\/\/api.w.org\/{rel}","templated":true}]}}