{"id":5427,"date":"2020-09-07T12:41:30","date_gmt":"2020-09-07T10:41:30","guid":{"rendered":"https:\/\/www.symbiosys.com\/?page_id=5427"},"modified":"2025-10-27T16:44:54","modified_gmt":"2025-10-27T15:44:54","slug":"symbiosys","status":"publish","type":"page","link":"https:\/\/www.inbiotys.com\/tr\/","title":{"rendered":"Symbiosys"},"content":{"rendered":"","protected":false},"excerpt":{"rendered":"","protected":false},"author":71,"featured_media":0,"parent":0,"menu_order":0,"comment_status":"closed","ping_status":"closed","template":"","meta":{"footnotes":""},"class_list":["post-5427","page","type-page","status-publish","hentry"],"acf":[],"yoast_head":"<!-- This site is optimized with the Yoast SEO plugin v27.3 - https:\/\/yoast.com\/product\/yoast-seo-wordpress\/ -->\n<title>Symbiosys- Takviye edici g\u0131da probiyotikleri serisidir.<\/title>\n<meta name=\"description\" content=\"SYMBIOSYS, ba\u011f\u0131rsa\u011f\u0131n\u0131z\u0131n ke\u015ffedilmemi\u015f potansiyelinden faydalanmak i\u00e7in tasarlanm\u0131\u015f,sa\u011fl\u0131\u011f\u0131n\u0131z\u0131 korumaya yard\u0131mc\u0131 olan yeni bir mikrobiyata serisidir.\" \/>\n<meta name=\"robots\" content=\"index, follow, max-snippet:-1, max-image-preview:large, max-video-preview:-1\" \/>\n<link rel=\"canonical\" href=\"https:\/\/www.symbiosys.com\/tr\/\" \/>\n<meta property=\"og:locale\" content=\"tr_TR\" \/>\n<meta property=\"og:type\" content=\"article\" \/>\n<meta property=\"og:title\" content=\"Symbiosys- Takviye edici g\u0131da probiyotikleri serisidir.\" \/>\n<meta property=\"og:description\" content=\"SYMBIOSYS, ba\u011f\u0131rsa\u011f\u0131n\u0131z\u0131n ke\u015ffedilmemi\u015f potansiyelinden faydalanmak i\u00e7in tasarlanm\u0131\u015f,sa\u011fl\u0131\u011f\u0131n\u0131z\u0131 korumaya yard\u0131mc\u0131 olan yeni bir mikrobiyata serisidir.\" \/>\n<meta property=\"og:url\" content=\"https:\/\/www.symbiosys.com\/tr\/\" \/>\n<meta property=\"og:site_name\" content=\"Symbiosys\" \/>\n<meta property=\"article:modified_time\" content=\"2025-10-27T15:44:54+00:00\" \/>\n<meta name=\"twitter:card\" content=\"summary_large_image\" \/>\n<script type=\"application\/ld+json\" class=\"yoast-schema-graph\">{\"@context\":\"https:\\\/\\\/schema.org\",\"@graph\":[{\"@type\":\"WebPage\",\"@id\":\"https:\\\/\\\/www.symbiosys.com\\\/tr\\\/\",\"url\":\"https:\\\/\\\/www.symbiosys.com\\\/tr\\\/\",\"name\":\"Symbiosys- Takviye edici g\u0131da probiyotikleri serisidir.\",\"isPartOf\":{\"@id\":\"https:\\\/\\\/www.inbiotys.com\\\/tr\\\/#website\"},\"datePublished\":\"2020-09-07T10:41:30+00:00\",\"dateModified\":\"2025-10-27T15:44:54+00:00\",\"description\":\"SYMBIOSYS, ba\u011f\u0131rsa\u011f\u0131n\u0131z\u0131n ke\u015ffedilmemi\u015f potansiyelinden faydalanmak i\u00e7in tasarlanm\u0131\u015f,sa\u011fl\u0131\u011f\u0131n\u0131z\u0131 korumaya yard\u0131mc\u0131 olan yeni bir mikrobiyata serisidir.\",\"breadcrumb\":{\"@id\":\"https:\\\/\\\/www.symbiosys.com\\\/tr\\\/#breadcrumb\"},\"inLanguage\":\"tr\",\"potentialAction\":[{\"@type\":\"ReadAction\",\"target\":[\"https:\\\/\\\/www.symbiosys.com\\\/tr\\\/\"]}]},{\"@type\":\"BreadcrumbList\",\"@id\":\"https:\\\/\\\/www.symbiosys.com\\\/tr\\\/#breadcrumb\",\"itemListElement\":[{\"@type\":\"ListItem\",\"position\":1,\"name\":\"Home\",\"item\":\"https:\\\/\\\/www.symbiosys.com\\\/tr\\\/\"},{\"@type\":\"ListItem\",\"position\":2,\"name\":\"Symbiosys\"}]},{\"@type\":\"WebSite\",\"@id\":\"https:\\\/\\\/www.inbiotys.com\\\/tr\\\/#website\",\"url\":\"https:\\\/\\\/www.inbiotys.com\\\/tr\\\/\",\"name\":\"Symbiosys\",\"description\":\"YA\u015eAM \u0130\u00c7\u0130N M\u0130KROB\u0130YOTA\",\"potentialAction\":[{\"@type\":\"SearchAction\",\"target\":{\"@type\":\"EntryPoint\",\"urlTemplate\":\"https:\\\/\\\/www.inbiotys.com\\\/tr\\\/?s={search_term_string}\"},\"query-input\":{\"@type\":\"PropertyValueSpecification\",\"valueRequired\":true,\"valueName\":\"search_term_string\"}}],\"inLanguage\":\"tr\"}]}<\/script>\n<!-- \/ Yoast SEO plugin. -->","yoast_head_json":{"title":"Symbiosys- Takviye edici g\u0131da probiyotikleri serisidir.","description":"SYMBIOSYS, ba\u011f\u0131rsa\u011f\u0131n\u0131z\u0131n ke\u015ffedilmemi\u015f potansiyelinden faydalanmak i\u00e7in tasarlanm\u0131\u015f,sa\u011fl\u0131\u011f\u0131n\u0131z\u0131 korumaya yard\u0131mc\u0131 olan yeni bir mikrobiyata serisidir.","robots":{"index":"index","follow":"follow","max-snippet":"max-snippet:-1","max-image-preview":"max-image-preview:large","max-video-preview":"max-video-preview:-1"},"canonical":"https:\/\/www.symbiosys.com\/tr\/","og_locale":"tr_TR","og_type":"article","og_title":"Symbiosys- Takviye edici g\u0131da probiyotikleri serisidir.","og_description":"SYMBIOSYS, ba\u011f\u0131rsa\u011f\u0131n\u0131z\u0131n ke\u015ffedilmemi\u015f potansiyelinden faydalanmak i\u00e7in tasarlanm\u0131\u015f,sa\u011fl\u0131\u011f\u0131n\u0131z\u0131 korumaya yard\u0131mc\u0131 olan yeni bir mikrobiyata serisidir.","og_url":"https:\/\/www.symbiosys.com\/tr\/","og_site_name":"Symbiosys","article_modified_time":"2025-10-27T15:44:54+00:00","twitter_card":"summary_large_image","schema":{"@context":"https:\/\/schema.org","@graph":[{"@type":"WebPage","@id":"https:\/\/www.symbiosys.com\/tr\/","url":"https:\/\/www.symbiosys.com\/tr\/","name":"Symbiosys- Takviye edici g\u0131da probiyotikleri serisidir.","isPartOf":{"@id":"https:\/\/www.inbiotys.com\/tr\/#website"},"datePublished":"2020-09-07T10:41:30+00:00","dateModified":"2025-10-27T15:44:54+00:00","description":"SYMBIOSYS, ba\u011f\u0131rsa\u011f\u0131n\u0131z\u0131n ke\u015ffedilmemi\u015f potansiyelinden faydalanmak i\u00e7in tasarlanm\u0131\u015f,sa\u011fl\u0131\u011f\u0131n\u0131z\u0131 korumaya yard\u0131mc\u0131 olan yeni bir mikrobiyata serisidir.","breadcrumb":{"@id":"https:\/\/www.symbiosys.com\/tr\/#breadcrumb"},"inLanguage":"tr","potentialAction":[{"@type":"ReadAction","target":["https:\/\/www.symbiosys.com\/tr\/"]}]},{"@type":"BreadcrumbList","@id":"https:\/\/www.symbiosys.com\/tr\/#breadcrumb","itemListElement":[{"@type":"ListItem","position":1,"name":"Home","item":"https:\/\/www.symbiosys.com\/tr\/"},{"@type":"ListItem","position":2,"name":"Symbiosys"}]},{"@type":"WebSite","@id":"https:\/\/www.inbiotys.com\/tr\/#website","url":"https:\/\/www.inbiotys.com\/tr\/","name":"Symbiosys","description":"YA\u015eAM \u0130\u00c7\u0130N M\u0130KROB\u0130YOTA","potentialAction":[{"@type":"SearchAction","target":{"@type":"EntryPoint","urlTemplate":"https:\/\/www.inbiotys.com\/tr\/?s={search_term_string}"},"query-input":{"@type":"PropertyValueSpecification","valueRequired":true,"valueName":"search_term_string"}}],"inLanguage":"tr"}]}},"_links":{"self":[{"href":"https:\/\/www.inbiotys.com\/tr\/wp-json\/wp\/v2\/pages\/5427","targetHints":{"allow":["GET"]}}],"collection":[{"href":"https:\/\/www.inbiotys.com\/tr\/wp-json\/wp\/v2\/pages"}],"about":[{"href":"https:\/\/www.inbiotys.com\/tr\/wp-json\/wp\/v2\/types\/page"}],"author":[{"embeddable":true,"href":"https:\/\/www.inbiotys.com\/tr\/wp-json\/wp\/v2\/users\/71"}],"replies":[{"embeddable":true,"href":"https:\/\/www.inbiotys.com\/tr\/wp-json\/wp\/v2\/comments?post=5427"}],"version-history":[{"count":66,"href":"https:\/\/www.inbiotys.com\/tr\/wp-json\/wp\/v2\/pages\/5427\/revisions"}],"predecessor-version":[{"id":98341,"href":"https:\/\/www.inbiotys.com\/tr\/wp-json\/wp\/v2\/pages\/5427\/revisions\/98341"}],"wp:attachment":[{"href":"https:\/\/www.inbiotys.com\/tr\/wp-json\/wp\/v2\/media?parent=5427"}],"curies":[{"name":"wp","href":"https:\/\/api.w.org\/{rel}","templated":true}]}}