{"id":78675,"date":"2019-01-07T17:12:01","date_gmt":"2019-01-07T16:12:01","guid":{"rendered":"https:\/\/www.symbiosys.com\/cookie-policy\/"},"modified":"2024-06-03T14:50:06","modified_gmt":"2024-06-03T12:50:06","slug":"cerez-politikasi","status":"publish","type":"page","link":"https:\/\/www.inbiotys.com\/tr\/cerez-politikasi\/","title":{"rendered":"\u00c7EREZ POL\u0130T\u0130KASI"},"content":{"rendered":"\r\n<p><\/p>\r\n<p><strong>www.symbiosys.com\/tr Web sitesine aittir.<\/strong><br \/><em>(31-07-2020 tarihinde g\u00fcncellenmi\u015ftir)<\/em><\/p>\r\n<p><strong>1 &#8211; <\/strong><span style=\"font-family: Arial, serif;\"><span lang=\"tr\"><b>Giri\u015f Beyanlar\u0131<\/b><\/span><\/span><\/p>\r\n<p>\r\n\r\n<\/p>\r\n<p>\u0130\u015fbu belgede tarif edilen \u00e7erez politikas\u0131 www.symbiosys.com\/tr isimli web sitesi (bundan sonra &#8220;Web Sitesi&#8221; olarak an\u0131lacakt\u0131r) i\u00e7in ge\u00e7erlidir. Amac\u0131, Web Sitesini kullanan ki\u015fiyi (bundan sonra &#8220;Kullan\u0131c\u0131&#8221; olarak an\u0131lacakt\u0131r) BIOCODEX SAS (bundan sonra &#8220;Yay\u0131nc\u0131&#8221; olarak an\u0131lacakt\u0131r) \u015firketi taraf\u0131ndan \u00e7erezlerin i\u015flenmesi, kullan\u0131lan \u00e7erez t\u00fcrleri ve Kullan\u0131c\u0131n\u0131n bunlara nas\u0131l itiraz edece\u011fi konusunda bilgilendirmektir.<\/p>\r\n<p>\r\n\r\n<\/p>\r\n<p><strong>2 &#8211; <\/strong><span style=\"font-family: Arial, serif;\"><span lang=\"tr\"><b>Genel bilgiler<\/b><\/span><\/span><\/p>\r\n<p>\r\n\r\n<\/p>\r\n<p align=\"justify\"><span style=\"font-family: Arial, serif;\"><span lang=\"tr\"><u>\u00c7erez nedir?<\/u><\/span><\/span><\/p>\r\n<p>\r\n\r\n<\/p>\r\n<p>&#8220;\u00c7erez&#8221;, bir web sitesine g\u00f6z atarken kullan\u0131c\u0131n\u0131n cihaz\u0131na yerle\u015ftirilebilecek bir metin dosyas\u0131d\u0131r. \u00c7erezler, kurulu\u015flar\u0131n kullan\u0131c\u0131lar\u0131n\u0131n \u00e7evrimi\u00e7i etkinliklerinin genel bir g\u00f6r\u00fcn\u00fcm\u00fcn\u00fc elde etmelerini sa\u011flayan \u00f6nemli bir ara\u00e7t\u0131r.<\/p>\r\n<p>\r\n\r\n<\/p>\r\n<p>\u00c7al\u0131\u015fma prensibi: genellikle k\u00fc\u00e7\u00fck boyutlu ve bir adla tan\u0131mlanan \u00e7erezler, ziyaret edilen web sitesi taraf\u0131ndan kullan\u0131c\u0131n\u0131n taray\u0131c\u0131s\u0131na iletilir. Taray\u0131c\u0131 bu \u00e7erezleri belirli bir s\u00fcre saklayacak ve her ba\u011fland\u0131\u011f\u0131nda bunlar\u0131 web sitesine geri d\u00f6necektir. Prensipte \u00e7erezler kolayca g\u00f6r\u00fcnt\u00fclenebilir ve silinebilir.<\/p>\r\n<p>\r\n\r\n<\/p>\r\n<p>\u00c7erezler, y\u00fcr\u00fct\u00fclebilir kod i\u00e7ermedikleri i\u00e7in kendi ba\u015flar\u0131na zarars\u0131zd\u0131r. Web siteleri i\u00e7in; bir m\u00fc\u015fteri hesab\u0131 kimli\u011fini, gezinme tercihlerini saklamak, gezinmenin istatistiksel veya reklamc\u0131l\u0131k amac\u0131yla izlenmesine izin vermek vb. \u00f6nemli i\u015flevleri yerine getirirler.<\/p>\r\n<p>\r\n\r\n<\/p>\r\n<p>Ancak, \u00e7erezler bir kullan\u0131c\u0131y\u0131, izni olmadan tan\u0131mlamak i\u00e7in yeterli veri depolayabilir ve baz\u0131 durumlarda bireylerin profillerini olu\u015fturmak i\u00e7in kullan\u0131labilir. Bu nedenle \u00e7erezlerin y\u00f6netiminin veri koruma \u00e7er\u00e7evesinde kontrol edilmesi gerekmektedir.<\/p>\r\n<p>\r\n\r\n<\/p>\r\n<p align=\"justify\"><span style=\"font-family: Arial, serif;\"><span lang=\"tr\"><u>\u00c7erez t\u00fcrleri<\/u><\/span><\/span><\/p>\r\n<p>\r\n\r\n<\/p>\r\n<p>Genel olarak, \u00e7erezler kayna\u011f\u0131na, ya\u015fam s\u00fcresine, amaca g\u00f6re olmak \u00fczere \u00fc\u00e7 farkl\u0131 \u015fekilde s\u0131n\u0131fland\u0131r\u0131labilir.<\/p>\r\n<p>\r\n\r\n<\/p>\r\n<p align=\"justify\"><span lang=\"tr\"><i>Kaynak<\/i><\/span><\/p>\r\n<p>\r\n\r\n<\/p>\r\n<p align=\"justify\"><span lang=\"tr\"><b>Birinci taraf \u00e7erezleri <\/b><\/span><span lang=\"tr\">&#8211; Bu \u00e7erezler ziyaret\u00e7inin cihaz\u0131na do\u011frudan ziyaret edilen web sitesi taraf\u0131ndan yerle\u015ftirilir.<\/span><\/p>\r\n<p>\r\n\r\n<\/p>\r\n<p align=\"justify\"><span lang=\"tr\"><b>\u00dc\u00e7\u00fcnc\u00fc taraf \u00e7erezleri<\/b><\/span><span lang=\"tr\"> &#8211; Bu \u00e7erezler, ziyaret\u00e7inin cihaz\u0131na, reklam veren gibi bir \u00fc\u00e7\u00fcnc\u00fc taraf kurulu\u015funca yerle\u015ftirilir.<\/span><\/p>\r\n<p>\r\n\r\n<\/p>\r\n<p align=\"justify\"><span lang=\"tr\"><i>S\u00fcre<\/i><\/span><\/p>\r\n<p>\r\n\r\n<\/p>\r\n<p align=\"justify\"><span lang=\"tr\"><b>Oturum \u00e7erezleri <\/b><\/span><span lang=\"tr\">&#8211; Bu \u00e7erezler ge\u00e7icidir ve taray\u0131c\u0131 kapat\u0131ld\u0131\u011f\u0131nda veya ziyaretin (oturum) sonunda s\u00fcreleri dolar.<\/span><\/p>\r\n<p>\r\n\r\n<\/p>\r\n<p align=\"justify\"><span lang=\"tr\"><b>Kal\u0131c\u0131 \u00e7erezler <\/b><\/span><span lang=\"tr\">&#8211; Bu kategori, silinene kadar ziyaret\u00e7inin cihaz\u0131nda kalan t\u00fcm \u00e7erezleri i\u00e7erir. Bunlar, manuel veya otomatik olarak silinebilirler (\u00e7erezin son kullanma tarihine ba\u011fl\u0131 olarak veya bu \u015fekilde yap\u0131land\u0131r\u0131ld\u0131ysa taray\u0131c\u0131 kapat\u0131ld\u0131\u011f\u0131nda).<\/span><\/p>\r\n<p>\r\n\r\n<\/p>\r\n<p align=\"justify\"><span lang=\"tr\"><i>Ama\u00e7<\/i><\/span><\/p>\r\n<p>\r\n\r\n<\/p>\r\n<p align=\"justify\"><span lang=\"tr\"><b>Kesinlikle gerekli \u00e7erezler<\/b><\/span><span lang=\"tr\"> &#8211; Bu \u00e7erezler, sayfa gezintisi, sitenin g\u00fcvenli alanlar\u0131na eri\u015fim veya \u00e7evrimi\u00e7i bir al\u0131\u015fveri\u015f sepetindeki \u00f6\u011feleri depolamak gibi temel i\u015flevleri etkinle\u015ftirerek bir web sitesinin kullan\u0131labilir hale gelmesine yard\u0131mc\u0131 olmaktad\u0131r. Sonu\u00e7 olarak web sitesi bu \u00e7erezler olmadan d\u00fczg\u00fcn \u00e7al\u0131\u015famaz.<\/span><\/p>\r\n<p>\r\n\r\n<\/p>\r\n<p align=\"justify\"><span lang=\"tr\"><b>Tercih \u00e7erezleri<\/b><\/span><span lang=\"tr\"> (i\u015flevsellik \u00e7erezleri) &#8211; Bu \u00e7erezler, bir web sitesinin, ziyaret\u00e7inin tercih etti\u011fi dil veya bulundu\u011fu b\u00f6lge gibi sitenin davran\u0131\u015f veya g\u00f6r\u00fcnt\u00fcleme bi\u00e7imini de\u011fi\u015ftiren bilgileri saklamas\u0131na olanak tan\u0131r. <\/span><\/p>\r\n<p>\r\n\r\n<\/p>\r\n<p align=\"justify\"><span lang=\"tr\"><b>\u0130statistiksel \u00e7erezler<\/b><\/span><span lang=\"tr\"> (performans \u00e7erezleri) &#8211; Bu \u00e7erezler, web sitesi sahibine, bilgilerin toplanmas\u0131 ve iletilmesi yoluyla, ziyaret\u00e7ilerin, ziyaret edilen sayfalar ve kullan\u0131lan ba\u011flant\u0131lar gibi yollarla siteyle nas\u0131l etkile\u015fime girdi\u011fini anlamalar\u0131nda yard\u0131mc\u0131 olur. Ama\u00e7 daha sonra web sitesini geli\u015ftirmektir. Web sitesi sahibinin kullan\u0131m\u0131na y\u00f6nelik olmas\u0131na ra\u011fmen, bu \u00e7erezler ziyaret\u00e7iyi pazarlama amac\u0131yla izleyebilecek \u00fc\u00e7\u00fcnc\u00fc taraf kurulu\u015flardan da gelebilir.<\/span><\/p>\r\n<p>\r\n\r\n<\/p>\r\n<p align=\"justify\"><span lang=\"tr\"><b>Pazarlama \u00c7erezleri <\/b><\/span><span lang=\"tr\">&#8211; Bu \u00e7erezler, \u00f6rne\u011fin reklam verenlerin daha alakal\u0131 reklamlar yay\u0131nlamas\u0131na yard\u0131mc\u0131 olmak i\u00e7in kullan\u0131c\u0131n\u0131n \u00e7evrimi\u00e7i etkinli\u011fini takip etmektedir. Bu \u00e7erezler bu bilgileri di\u011fer <\/span><span lang=\"tr\">kurulu\u015flarla veya reklam verenlerle payla\u015fabilir. Bunlar kal\u0131c\u0131 \u00e7erezlerdir ve neredeyse her zaman \u00fc\u00e7\u00fcnc\u00fc taraflardan gelir.<\/span><\/p>\r\n<p>\r\n\r\n<\/p>\r\n<p><strong>3 &#8211; <\/strong><span style=\"font-family: Arial, serif;\"><span lang=\"tr\"><b>Genel h\u00fck\u00fcmler<\/b><\/span><\/span><\/p>\r\n<p>\r\n\r\n<\/p>\r\n<p>Sitedeki \u00e7erezlerin y\u00f6netimi, Yay\u0131nc\u0131 taraf\u0131ndan uygulanan ki\u015fisel verilerin i\u015flenmesi i\u015flemidir. \u00d6zel h\u00fck\u00fcmlerde aksi belirtilmedik\u00e7e, Web Sitesinde \u00e7erezlerin i\u015flenmesi hususunda a\u015fa\u011f\u0131daki h\u00fck\u00fcmler ge\u00e7erlidir.<\/p>\r\n<p>\r\n\r\n<\/p>\r\n<p align=\"justify\"><span style=\"font-family: Arial, serif;\"><span lang=\"tr\"><u>Yasal \u00e7er\u00e7eve<\/u><\/span><\/span><\/p>\r\n<p>\r\n\r\n<\/p>\r\n<p>Veri sorumlusu s\u0131fat\u0131yla hareket eden Yay\u0131nc\u0131, Web sitesindeki \u00e7erezleri, ki\u015fisel verilerin i\u015flenmesi ve bu verilerin serbest hareketi ile ilgili olarak ger\u00e7ek ki\u015filerin korunmas\u0131 hususunda y\u00fcr\u00fcrl\u00fckte olan, \u00f6zellikle de 27 Nisan 2016 tarihli ve 2016\/679 say\u0131l\u0131 Genel Veri Koruma Mevzuat\u0131 (GVKM) isimli AB Mevzuat\u0131na uygun olarak i\u015fledi\u011fini beyan eder.<\/p>\r\n<p>\r\n\r\n<\/p>\r\n<p align=\"justify\"><span style=\"font-family: Arial, serif;\"><span lang=\"tr\"><u>Veri sorumlusu<\/u><\/span><\/span><\/p>\r\n<p>\r\n\r\n<\/p>\r\n<p>Veri sorumlusu a\u015fa\u011f\u0131daki \u015fekilde tan\u0131mlanmaktad\u0131r:<\/p>\r\n<p>\r\n\r\n<\/p>\r\n<p>Frans\u0131z Kanunlar\u0131 taht\u0131nda kurulmu\u015f, 4.284.000 Euro sermayeli, R.C.S. Cr\u00e9teil Ticaret ve \u015eirketler Sicilinde 562 064 600 sicil numaras\u0131 ile kay\u0131tl\u0131, tescilli ofisi 22 Rue des Aqueducs &#8211; 94250 Gentilly &#8211; Fransa adresinde bulunan, Y\u00f6netim Kurulu Ba\u015fkan\u0131 ve \u0130cra Kurulu Ba\u015fkan\u0131 s\u0131fat\u0131yla tam yetkiye haiz Sn. Jean-Marie Lef\u00e8vre taraf\u0131ndan temsil edilen bir anonim \u015firket olan Biocodex.<\/p>\r\n<p>\r\n\r\n<\/p>\r\n<p>Website: www.biocodex.fr <br \/>Telephone: +33 (0) 1 41 24 30 00<\/p>\r\n<p>\r\n\r\n<\/p>\r\n<p align=\"justify\"><span style=\"font-family: Arial, serif;\"><span lang=\"tr\"><u>\u0130lgili ki\u015filer<\/u><\/span><\/span><\/p>\r\n<p>\r\n\r\n<\/p>\r\n<p>\u0130\u015fleme operasyonu a\u015fa\u011f\u0131daki \u015fah\u0131slarla ilgidir:<\/p>\r\n<ul>\r\n<li>Web Sitesi Kullan\u0131c\u0131s\u0131<\/li>\r\n<li>Web Sitesinin i\u00e7erik ve teknik y\u00f6netimini yay\u0131nlamaktan sorumlu Yay\u0131nc\u0131 personeli<\/li>\r\n<li>\u0130lgili servis sa\u011flay\u0131c\u0131lar\u0131n personeli<\/li>\r\n<\/ul>\r\n<p>\r\n\r\n<\/p>\r\n<p align=\"justify\"><span style=\"font-family: Arial, serif;\"><span lang=\"tr\"><u>Veri al\u0131c\u0131lar\u0131<\/u><\/span><\/span><\/p>\r\n<p>\u0130lgili gereksinimlerine ba\u011fl\u0131 olarak, verilerin tamam\u0131 veya bir k\u0131sm\u0131n\u0131n al\u0131c\u0131lar\u0131 a\u015fa\u011f\u0131daki \u015fekildedir:<\/p>\r\n<ul>\r\n<li>Web Sitesi Kullan\u0131c\u0131s\u0131<\/li>\r\n<li>Web Sitesinin i\u00e7erik ve teknik y\u00f6netimini yay\u0131nlamaktan sorumlu Yay\u0131nc\u0131 personeli<\/li>\r\n<li>\u0130lgili servis sa\u011flay\u0131c\u0131lar\u0131n personeli<\/li>\r\n<li>\u00c7erezlerden veri alan \u00fc\u00e7\u00fcnc\u00fc taraf kurulu\u015flar.<\/li>\r\n<\/ul>\r\n<p>\u00dc\u00e7\u00fcnc\u00fc taraflara y\u00f6nelik \u00e7erezlerden al\u0131nan veriler Avrupa Birli\u011fi d\u0131\u015f\u0131nda iletilebilir.<\/p>\r\n<p align=\"justify\"><span style=\"font-family: Arial, serif;\"><span lang=\"tr\"><u>Kullan\u0131c\u0131n\u0131n \u00e7erezlerle ilgili haklar\u0131<\/u><\/span><\/span><\/p>\r\n<p>\r\n\r\n<\/p>\r\n<p>Web Sitesi, \u00e7erezleri yaln\u0131zca \u00e7al\u0131\u015fmas\u0131 i\u00e7in kesinlikle gerekli olmalar\u0131 durumunda Kullan\u0131c\u0131 cihaz\u0131nda saklayabilir. Di\u011fer \u00e7erez t\u00fcrlerinin kullan\u0131m\u0131 i\u00e7in Kullan\u0131c\u0131n\u0131n r\u0131zas\u0131 gerekmektedir.<\/p>\r\n<p>\r\n\r\n<\/p>\r\n<p align=\"justify\"><span lang=\"tr\"><i>Web taray\u0131c\u0131s\u0131 ayarlar\u0131<\/i><\/span><\/p>\r\n<p>\r\n\r\n<\/p>\r\n<p align=\"justify\"><span lang=\"tr\">Kullan\u0131c\u0131, web taray\u0131c\u0131s\u0131n\u0131 buna g\u00f6re ayarlayarak \u00e7erezlerin cihaz\u0131na yerle\u015ftirilmesini engelleyebilir veya mevcut olanlar\u0131 silebilir. \u00c7erezleri y\u00f6netmeyle ilgili talimatlara eri\u015fmek i\u00e7in Kullan\u0131c\u0131, taray\u0131c\u0131s\u0131n\u0131n yard\u0131m b\u00f6l\u00fcmlerine ba\u015fvurabilir.<\/span><\/p>\r\n<p align=\"justify\"><span lang=\"tr\">Ancak, web taray\u0131c\u0131s\u0131nda \u00e7erezleri devre d\u0131\u015f\u0131 b\u0131rakman\u0131n Web Sitesinde ve di\u011fer web sitelerinde ar\u0131zalara neden olabilece\u011fi unutulmamal\u0131d\u0131r.<\/span><\/p>\r\n<p>\r\n\r\n<\/p>\r\n<p align=\"justify\"><span lang=\"tr\"><i>Web sitesi d\u00fczeyinde parametre ayar\u0131<\/i><\/span><\/p>\r\n<p>\r\n\r\n<\/p>\r\n<p>Kullan\u0131c\u0131, Web Sitesine ilk ziyareti s\u0131ras\u0131nda, Sitede gezinmeye devam etmeden \u00f6nce, se\u00e7imlerini \u00e7erezlerle ilgili bir bildirim mod\u00fcl\u00fc (bundan sonra &#8220;\u00e7erez banner\u0131&#8221; olarak an\u0131lacakt\u0131r) arac\u0131l\u0131\u011f\u0131yla ifade etmelidir. \u00c7erezler yaln\u0131zca Kullan\u0131c\u0131 kabul ederse saklanmaktad\u0131r. Kullan\u0131c\u0131, genel olarak veya hizmet baz\u0131nda \u00e7erezleri kabul edebilir veya reddedebilir. Ayarlar yap\u0131ld\u0131ktan sonra Kullan\u0131c\u0131, \u00e7erez banner\u0131n\u0131 geri \u00e7a\u011f\u0131rarak se\u00e7imlerini istedi\u011fi zaman de\u011fi\u015ftirebilir.<\/p>\r\n<p>\r\n\r\n<\/p>\r\n<p id=\"cookie-banner\" align=\"center\"><span style=\"color: #0070c0; cursor: pointer;\"><span lang=\"tr\"><u>\u00c7erez banner\u0131n\u0131 g\u00f6r\u00fcnt\u00fcleme<\/u><\/span><\/span><\/p>\r\n<p style=\"text-align: center;\">\r\n\r\n<\/p>\r\n<p align=\"justify\"><span style=\"font-family: Arial, serif;\"><span lang=\"tr\"><u>Yasal Bilgilendirme<\/u><\/span><\/span><\/p>\r\n<p>\r\n\r\n<\/p>\r\n<p>Ki\u015fisel verilerin i\u015flenmesi ve bu verilerin serbest hareketi ile ilgili olarak ger\u00e7ek ki\u015filerin korunmas\u0131 hususunda y\u00fcr\u00fcrl\u00fckte olan, \u00f6zellikle de 27 Nisan 2016 tarihli ve 2016\/679 say\u0131l\u0131 Genel Veri Koruma Mevzuat\u0131 (GVKM) isimli AB Mevzuat\u0131na uygun olarak Kullan\u0131c\u0131, kendisi ile ilgili olan veriler a\u00e7\u0131s\u0131ndan ve kimli\u011fini kan\u0131tlamak \u015fart\u0131yla, Web sitesindeki ileti\u015fim formunu kullanmak suretiyle Biocodex&#8217;in Veri Koruma Yetkilisi (DPO) [veya i\u015ftirakindeki veri korumadan sorumlu ki\u015fi] ile eri\u015fim, d\u00fczeltme talep etme, silme, s\u0131n\u0131rland\u0131rma ve itiraz haklar\u0131n\u0131 ve gereken hallerde, yerel veri koruma makam\u0131 \u00fczerinden denetim makam\u0131na \u015fikayette bulunma hakk\u0131n\u0131 kullanabilir.<\/p>\r\n<p>\r\n\r\n<\/p>\r\n<p>To exercise his rights or for any question relating to the processing of his data by BIOCODEX, the User must contact the BIOCODEX DPO, using the <a href=\"https:\/\/www.symbiosys.com\/tr\/contact\/\">contact form<\/a> on the Website or by post:<\/p>\r\n<p>\r\n\r\n<\/p>\r\n<p style=\"text-align: center;\">DPO BIOCODEX 22 Rue des Aqueducs94250 GENTILLY France<\/p>\r\n<p>\r\n\r\n<\/p>\r\n<p align=\"justify\"><span style=\"font-family: Arial, serif;\"><span lang=\"tr\"><u>Ki\u015fisel verilerin g\u00fcvenli\u011fi<\/u><\/span><\/span><\/p>\r\n<p>\r\n\r\n<\/p>\r\n<p>Yay\u0131nc\u0131, Kullan\u0131c\u0131n\u0131n ki\u015fisel verilerinin g\u00fcvenli\u011fini korumak i\u00e7in gerekli t\u00fcm \u00f6nlemleri al\u0131r ve \u00f6zellikle bu verilerin bozulmas\u0131n\u0131 veya zarar g\u00f6rmesini veya yetkisiz \u00fc\u00e7\u00fcnc\u00fc taraflarca eri\u015fmesini engellemeyi ama\u00e7lar.<\/p>\r\n<p>\r\n\r\n<\/p>\r\n<p>Yay\u0131nc\u0131 Web Sitesinde https protokol\u00fcn\u00fc kullan\u0131r. Bu g\u00fcvenlik mekanizmas\u0131, g\u00fcvenilirli\u011fi ile bilinen bir \u00fc\u00e7\u00fcnc\u00fc taraf yetkili makam taraf\u0131ndan verilen bir kimlik do\u011frulama sertifikas\u0131 sayesinde Kullan\u0131c\u0131n\u0131n eri\u015fti\u011fi web sitesinin kimli\u011fini do\u011frulamas\u0131na olanak tan\u0131maktad\u0131r. Ayr\u0131ca, \u00fc\u00e7\u00fcnc\u00fc taraflara iletilen \u00e7erezlerden gelen bilgiler gibi Kullan\u0131c\u0131 taraf\u0131ndan g\u00f6nderilen verilerin gizlili\u011fini ve b\u00fct\u00fcnl\u00fc\u011f\u00fcn\u00fc garanti etmeyi m\u00fcmk\u00fcn k\u0131lar.<\/p>\r\n<p>\r\n\r\n<\/p>\r\n<p><strong>4 &#8211; <\/strong><span style=\"font-family: Arial, serif;\"><span lang=\"tr\"><b>\u00d6zel h\u00fck\u00fcmler<\/b><\/span><\/span><\/p>\r\n<p align=\"justify\"><span lang=\"tr\">A\u015fa\u011f\u0131daki h\u00fck\u00fcmler Web Sitesi taraf\u0131ndan kullan\u0131lan \u00e7erezlerin detaylar\u0131n\u0131 sa\u011flamaktad\u0131r. \u00dc\u00e7\u00fcnc\u00fc taraf \u00e7erezleri i\u00e7in, bu detaylar <\/span><span style=\"color: #0070c0; cursor: pointer;\"><span id=\"cookieB\" lang=\"tr\"><u>\u00e7erez banner\u0131ndan<\/u><\/span><\/span><span lang=\"tr\"> edinilebilir.<\/span><\/p>\r\n<p align=\"justify\"><span style=\"font-family: Arial, serif;\"><span lang=\"tr\"><u>Birinci taraf \u00e7erezleri<\/u><\/span><\/span><\/p>\r\n<p align=\"justify\"><span lang=\"tr\"><i>Ama\u00e7<\/i><\/span><\/p>\r\n<p align=\"justify\"><span lang=\"tr\">Yay\u0131nc\u0131, Web Sitesinin \u00e7al\u0131\u015fmas\u0131 i\u00e7in gerekli dahili \u00e7erezleri kullan\u0131r.<\/span><\/p>\r\n<p align=\"justify\"><span lang=\"tr\"><i>Yasal dayanak<\/i><\/span><\/p>\r\n<p align=\"justify\"><span lang=\"tr\">\u0130\u015fleme operasyonunun yasal dayana\u011f\u0131, Yay\u0131nc\u0131n\u0131n Kullan\u0131c\u0131 ile olan ili\u015fkisinde elde etme niyetinde oldu\u011fu me\u015fru menfaatlerdir.<\/span><\/p>\r\n<p align=\"justify\"><span lang=\"tr\"><i>\u00c7erezlerin detaylar\u0131<\/i><\/span><\/p>\r\n<table style=\"height: 180px;\" width=\"1324\" cellspacing=\"0\" cellpadding=\"7\"><colgroup><col width=\"144\" \/> <col width=\"182\" \/> <col width=\"81\" \/> <\/colgroup>\r\n<tbody>\r\n<tr valign=\"top\">\r\n<td bgcolor=\"#d9d9d9\" width=\"144\">\r\n<p align=\"justify\"><span lang=\"tr\"><b>\u00c7erez ad\u0131<\/b><\/span><\/p>\r\n<\/td>\r\n<td bgcolor=\"#d9d9d9\" width=\"182\">\r\n<p align=\"justify\"><span lang=\"tr\"><b>\u0130\u015flevi<\/b><\/span><\/p>\r\n<\/td>\r\n<td bgcolor=\"#d9d9d9\" width=\"81\">\r\n<p align=\"justify\"><span lang=\"tr\"><b>S\u00fcre<\/b><\/span><\/p>\r\n<\/td>\r\n<\/tr>\r\n<tr valign=\"top\">\r\n<td width=\"144\">\r\n<p align=\"justify\"><span lang=\"tr\">_icl_current_language<\/span><\/p>\r\n<\/td>\r\n<td width=\"182\">\r\n<p align=\"justify\"><span lang=\"tr\">dil tercihini ezberler<\/span><\/p>\r\n<\/td>\r\n<td width=\"81\">\r\n<p align=\"justify\"><span lang=\"tr\">1 g\u00fcn<\/span><\/p>\r\n<\/td>\r\n<\/tr>\r\n<tr valign=\"top\">\r\n<td width=\"144\">\r\n<p align=\"justify\">didomi_token<\/p>\r\n<\/td>\r\n<td width=\"182\">\r\n<p align=\"justify\">Ki\u015fiselle\u015ftirilmi\u015f ama\u00e7lar ve ki\u015fiselle\u015ftirilmi\u015f ortaklar i\u00e7in izin bilgilerinin yan\u0131 s\u0131ra Didomi\u2019ye \u00f6zel bilgileri (\u00f6rne\u011fin kullan\u0131c\u0131 kimli\u011fi) i\u00e7erir.<\/p>\r\n<\/td>\r\n<td width=\"81\">\r\n<p align=\"justify\"><span lang=\"tr\">1 y\u0131l<\/span><\/p>\r\n<\/td>\r\n<\/tr>\r\n<\/tbody>\r\n<\/table>\r\n<p align=\"justify\"><span style=\"font-family: Arial, serif;\"><span lang=\"tr\"><u>\u00dc\u00e7\u00fcnc\u00fc taraf \u00e7erezleri<\/u><\/span><\/span><\/p>\r\n<p align=\"justify\"><span lang=\"tr\"><i>Ama\u00e7<\/i><\/span><\/p>\r\n<p align=\"justify\"><span lang=\"tr\">Yay\u0131nc\u0131, Web Sitesini ve Kullan\u0131c\u0131 deneyimini geli\u015ftirmek i\u00e7in \u00fc\u00e7\u00fcnc\u00fc <\/span><span lang=\"tr\">taraf \u00e7erezlerini kullan\u0131r.<\/span><\/p>\r\n<p align=\"justify\"><span lang=\"tr\"><i>Yasal dayanak<\/i><\/span><\/p>\r\n<p align=\"justify\"><span lang=\"tr\">\u0130\u015flem i\u00e7in Kullan\u0131c\u0131n\u0131n onay\u0131 gerekir<\/span><\/p>\r\n<p align=\"justify\"><span lang=\"tr\"><i>\u00c7erezleri kullanan fonksiyonlar<\/i><\/span><\/p>\r\n<ul>\r\n<li>\r\n<p align=\"justify\"><span lang=\"tr\">Site kitlesi \u00f6l\u00e7\u00fcm\u00fc (Google Analytics, Yandex)<\/span><\/p>\r\n<\/li>\r\n<li>\r\n<p align=\"justify\"><span lang=\"tr\">Payla\u015f\u0131m butonlar\u0131 (Facebook, Instagram, Youtube) <\/span><\/p>\r\n<\/li>\r\n<li>\r\n<p align=\"justify\"><span lang=\"tr\">Pazarlama Analizi (Google Etiket Y\u00f6neticisi, Roistat, Facebook Pixel)<\/span><\/p>\r\n<\/li>\r\n<\/ul>\r\n<p><span style=\"font-family: Arial, serif;\"><span lang=\"tr\"><b>\u00a0<\/b><\/span><\/span><\/p>\r\n<p>&nbsp;<\/p>\r\n","protected":false},"excerpt":{"rendered":"<p>www.symbiosys.com\/tr Web sitesine aittir.(31-07-2020 tarihinde g\u00fcncellenmi\u015ftir) 1 &#8211; Giri\u015f Beyanlar\u0131 \u0130\u015fbu belgede tarif edilen \u00e7erez politikas\u0131 www.symbiosys.com\/tr isimli web sitesi (bundan sonra &#8220;Web Sitesi&#8221; olarak an\u0131lacakt\u0131r) i\u00e7in ge\u00e7erlidir. Amac\u0131, Web Sitesini kullanan ki\u015fiyi (bundan sonra &#8220;Kullan\u0131c\u0131&#8221; olarak an\u0131lacakt\u0131r) BIOCODEX SAS (bundan sonra &#8220;Yay\u0131nc\u0131&#8221; olarak an\u0131lacakt\u0131r) \u015firketi taraf\u0131ndan \u00e7erezlerin i\u015flenmesi, kullan\u0131lan \u00e7erez t\u00fcrleri ve Kullan\u0131c\u0131n\u0131n bunlara &hellip; <a href=\"https:\/\/www.inbiotys.com\/tr\/cerez-politikasi\/\">Continued<\/a><\/p>\n","protected":false},"author":73,"featured_media":0,"parent":0,"menu_order":0,"comment_status":"closed","ping_status":"closed","template":"views\/template-legal.blade.php","meta":{"footnotes":""},"class_list":["post-78675","page","type-page","status-publish","hentry"],"acf":[],"yoast_head":"<!-- This site is optimized with the Yoast SEO plugin v27.3 - https:\/\/yoast.com\/product\/yoast-seo-wordpress\/ -->\n<title>\u00c7erez Politikas\u0131-Giri\u015f Beyanlar\u0131-Symbiosys<\/title>\n<meta name=\"description\" content=\"\u00c7erez Politikas\u0131 hakk\u0131nda detayl\u0131 bilgi almak isterseniz bu sayfay\u0131 ziyaret edebilirsiniz.\" \/>\n<meta name=\"robots\" content=\"noindex, follow\" \/>\n<meta property=\"og:locale\" content=\"tr_TR\" \/>\n<meta property=\"og:type\" content=\"article\" \/>\n<meta property=\"og:title\" content=\"\u00c7erez Politikas\u0131-Giri\u015f Beyanlar\u0131-Symbiosys\" \/>\n<meta property=\"og:description\" content=\"\u00c7erez Politikas\u0131 hakk\u0131nda detayl\u0131 bilgi almak isterseniz bu sayfay\u0131 ziyaret edebilirsiniz.\" \/>\n<meta property=\"og:url\" content=\"https:\/\/www.symbiosys.com\/tr\/cerez-politikasi\/\" \/>\n<meta property=\"og:site_name\" content=\"Symbiosys\" \/>\n<meta property=\"article:modified_time\" content=\"2024-06-03T12:50:06+00:00\" \/>\n<meta name=\"twitter:card\" content=\"summary_large_image\" \/>\n<meta name=\"twitter:label1\" content=\"Est. reading time\" \/>\n\t<meta name=\"twitter:data1\" content=\"5 dakika\" \/>\n<script type=\"application\/ld+json\" class=\"yoast-schema-graph\">{\"@context\":\"https:\\\/\\\/schema.org\",\"@graph\":[{\"@type\":\"WebPage\",\"@id\":\"https:\\\/\\\/www.symbiosys.com\\\/tr\\\/cerez-politikasi\\\/\",\"url\":\"https:\\\/\\\/www.symbiosys.com\\\/tr\\\/cerez-politikasi\\\/\",\"name\":\"\u00c7erez Politikas\u0131-Giri\u015f Beyanlar\u0131-Symbiosys\",\"isPartOf\":{\"@id\":\"https:\\\/\\\/www.inbiotys.com\\\/tr\\\/#website\"},\"datePublished\":\"2019-01-07T16:12:01+00:00\",\"dateModified\":\"2024-06-03T12:50:06+00:00\",\"description\":\"\u00c7erez Politikas\u0131 hakk\u0131nda detayl\u0131 bilgi almak isterseniz bu sayfay\u0131 ziyaret edebilirsiniz.\",\"breadcrumb\":{\"@id\":\"https:\\\/\\\/www.symbiosys.com\\\/tr\\\/cerez-politikasi\\\/#breadcrumb\"},\"inLanguage\":\"tr\",\"potentialAction\":[{\"@type\":\"ReadAction\",\"target\":[\"https:\\\/\\\/www.symbiosys.com\\\/tr\\\/cerez-politikasi\\\/\"]}]},{\"@type\":\"BreadcrumbList\",\"@id\":\"https:\\\/\\\/www.symbiosys.com\\\/tr\\\/cerez-politikasi\\\/#breadcrumb\",\"itemListElement\":[{\"@type\":\"ListItem\",\"position\":1,\"name\":\"Home\",\"item\":\"https:\\\/\\\/www.symbiosys.com\\\/tr\\\/\"},{\"@type\":\"ListItem\",\"position\":2,\"name\":\"\u00c7EREZ POL\u0130T\u0130KASI\"}]},{\"@type\":\"WebSite\",\"@id\":\"https:\\\/\\\/www.inbiotys.com\\\/tr\\\/#website\",\"url\":\"https:\\\/\\\/www.inbiotys.com\\\/tr\\\/\",\"name\":\"Symbiosys\",\"description\":\"YA\u015eAM \u0130\u00c7\u0130N M\u0130KROB\u0130YOTA\",\"potentialAction\":[{\"@type\":\"SearchAction\",\"target\":{\"@type\":\"EntryPoint\",\"urlTemplate\":\"https:\\\/\\\/www.inbiotys.com\\\/tr\\\/?s={search_term_string}\"},\"query-input\":{\"@type\":\"PropertyValueSpecification\",\"valueRequired\":true,\"valueName\":\"search_term_string\"}}],\"inLanguage\":\"tr\"}]}<\/script>\n<!-- \/ Yoast SEO plugin. -->","yoast_head_json":{"title":"\u00c7erez Politikas\u0131-Giri\u015f Beyanlar\u0131-Symbiosys","description":"\u00c7erez Politikas\u0131 hakk\u0131nda detayl\u0131 bilgi almak isterseniz bu sayfay\u0131 ziyaret edebilirsiniz.","robots":{"index":"noindex","follow":"follow"},"og_locale":"tr_TR","og_type":"article","og_title":"\u00c7erez Politikas\u0131-Giri\u015f Beyanlar\u0131-Symbiosys","og_description":"\u00c7erez Politikas\u0131 hakk\u0131nda detayl\u0131 bilgi almak isterseniz bu sayfay\u0131 ziyaret edebilirsiniz.","og_url":"https:\/\/www.symbiosys.com\/tr\/cerez-politikasi\/","og_site_name":"Symbiosys","article_modified_time":"2024-06-03T12:50:06+00:00","twitter_card":"summary_large_image","twitter_misc":{"Est. reading time":"5 dakika"},"schema":{"@context":"https:\/\/schema.org","@graph":[{"@type":"WebPage","@id":"https:\/\/www.symbiosys.com\/tr\/cerez-politikasi\/","url":"https:\/\/www.symbiosys.com\/tr\/cerez-politikasi\/","name":"\u00c7erez Politikas\u0131-Giri\u015f Beyanlar\u0131-Symbiosys","isPartOf":{"@id":"https:\/\/www.inbiotys.com\/tr\/#website"},"datePublished":"2019-01-07T16:12:01+00:00","dateModified":"2024-06-03T12:50:06+00:00","description":"\u00c7erez Politikas\u0131 hakk\u0131nda detayl\u0131 bilgi almak isterseniz bu sayfay\u0131 ziyaret edebilirsiniz.","breadcrumb":{"@id":"https:\/\/www.symbiosys.com\/tr\/cerez-politikasi\/#breadcrumb"},"inLanguage":"tr","potentialAction":[{"@type":"ReadAction","target":["https:\/\/www.symbiosys.com\/tr\/cerez-politikasi\/"]}]},{"@type":"BreadcrumbList","@id":"https:\/\/www.symbiosys.com\/tr\/cerez-politikasi\/#breadcrumb","itemListElement":[{"@type":"ListItem","position":1,"name":"Home","item":"https:\/\/www.symbiosys.com\/tr\/"},{"@type":"ListItem","position":2,"name":"\u00c7EREZ POL\u0130T\u0130KASI"}]},{"@type":"WebSite","@id":"https:\/\/www.inbiotys.com\/tr\/#website","url":"https:\/\/www.inbiotys.com\/tr\/","name":"Symbiosys","description":"YA\u015eAM \u0130\u00c7\u0130N M\u0130KROB\u0130YOTA","potentialAction":[{"@type":"SearchAction","target":{"@type":"EntryPoint","urlTemplate":"https:\/\/www.inbiotys.com\/tr\/?s={search_term_string}"},"query-input":{"@type":"PropertyValueSpecification","valueRequired":true,"valueName":"search_term_string"}}],"inLanguage":"tr"}]}},"_links":{"self":[{"href":"https:\/\/www.inbiotys.com\/tr\/wp-json\/wp\/v2\/pages\/78675","targetHints":{"allow":["GET"]}}],"collection":[{"href":"https:\/\/www.inbiotys.com\/tr\/wp-json\/wp\/v2\/pages"}],"about":[{"href":"https:\/\/www.inbiotys.com\/tr\/wp-json\/wp\/v2\/types\/page"}],"author":[{"embeddable":true,"href":"https:\/\/www.inbiotys.com\/tr\/wp-json\/wp\/v2\/users\/73"}],"replies":[{"embeddable":true,"href":"https:\/\/www.inbiotys.com\/tr\/wp-json\/wp\/v2\/comments?post=78675"}],"version-history":[{"count":13,"href":"https:\/\/www.inbiotys.com\/tr\/wp-json\/wp\/v2\/pages\/78675\/revisions"}],"predecessor-version":[{"id":98162,"href":"https:\/\/www.inbiotys.com\/tr\/wp-json\/wp\/v2\/pages\/78675\/revisions\/98162"}],"wp:attachment":[{"href":"https:\/\/www.inbiotys.com\/tr\/wp-json\/wp\/v2\/media?parent=78675"}],"curies":[{"name":"wp","href":"https:\/\/api.w.org\/{rel}","templated":true}]}}