{"id":78679,"date":"2018-11-27T13:45:46","date_gmt":"2018-11-27T12:45:46","guid":{"rendered":"https:\/\/www.symbiosys.com\/about-symbiosys\/"},"modified":"2021-01-21T05:51:18","modified_gmt":"2021-01-21T04:51:18","slug":"symbiosys-hakkinda","status":"publish","type":"page","link":"https:\/\/www.inbiotys.com\/tr\/symbiosys-hakkinda\/","title":{"rendered":"SYMBIOSYS\u00ae Hakk\u0131nda"},"content":{"rendered":"","protected":false},"excerpt":{"rendered":"","protected":false},"author":71,"featured_media":0,"parent":0,"menu_order":0,"comment_status":"closed","ping_status":"closed","template":"","meta":{"footnotes":""},"class_list":["post-78679","page","type-page","status-publish","hentry"],"acf":[],"yoast_head":"<!-- This site is optimized with the Yoast SEO plugin v27.3 - https:\/\/yoast.com\/product\/yoast-seo-wordpress\/ -->\n<title>Mikrobiyota form\u00fclasyonlar\u0131 serisi- Symbiosys<\/title>\n<meta name=\"description\" content=\"SYMBIOSYS , ya\u015fam\u0131n her a\u015famas\u0131nda sa\u011fl\u0131\u011f\u0131 korumaya yard\u0131mc\u0131 olan yeni bir mikrobiyata form\u00fclasyonlar\u0131 serisidir.\" \/>\n<meta name=\"robots\" content=\"noindex, follow\" \/>\n<meta property=\"og:locale\" content=\"tr_TR\" \/>\n<meta property=\"og:type\" content=\"article\" \/>\n<meta property=\"og:title\" content=\"Mikrobiyota form\u00fclasyonlar\u0131 serisi- Symbiosys\" \/>\n<meta property=\"og:description\" content=\"SYMBIOSYS , ya\u015fam\u0131n her a\u015famas\u0131nda sa\u011fl\u0131\u011f\u0131 korumaya yard\u0131mc\u0131 olan yeni bir mikrobiyata form\u00fclasyonlar\u0131 serisidir.\" \/>\n<meta property=\"og:url\" content=\"https:\/\/www.symbiosys.com\/tr\/symbiosys-hakkinda\/\" \/>\n<meta property=\"og:site_name\" content=\"Symbiosys\" \/>\n<meta property=\"article:modified_time\" content=\"2021-01-21T04:51:18+00:00\" \/>\n<meta name=\"twitter:card\" content=\"summary_large_image\" \/>\n<script type=\"application\/ld+json\" class=\"yoast-schema-graph\">{\"@context\":\"https:\\\/\\\/schema.org\",\"@graph\":[{\"@type\":\"WebPage\",\"@id\":\"https:\\\/\\\/www.symbiosys.com\\\/tr\\\/symbiosys-hakkinda\\\/\",\"url\":\"https:\\\/\\\/www.symbiosys.com\\\/tr\\\/symbiosys-hakkinda\\\/\",\"name\":\"Mikrobiyota form\u00fclasyonlar\u0131 serisi- Symbiosys\",\"isPartOf\":{\"@id\":\"https:\\\/\\\/www.inbiotys.com\\\/tr\\\/#website\"},\"datePublished\":\"2018-11-27T12:45:46+00:00\",\"dateModified\":\"2021-01-21T04:51:18+00:00\",\"description\":\"SYMBIOSYS , ya\u015fam\u0131n her a\u015famas\u0131nda sa\u011fl\u0131\u011f\u0131 korumaya yard\u0131mc\u0131 olan yeni bir mikrobiyata form\u00fclasyonlar\u0131 serisidir.\",\"breadcrumb\":{\"@id\":\"https:\\\/\\\/www.symbiosys.com\\\/tr\\\/symbiosys-hakkinda\\\/#breadcrumb\"},\"inLanguage\":\"tr\",\"potentialAction\":[{\"@type\":\"ReadAction\",\"target\":[\"https:\\\/\\\/www.symbiosys.com\\\/tr\\\/symbiosys-hakkinda\\\/\"]}]},{\"@type\":\"BreadcrumbList\",\"@id\":\"https:\\\/\\\/www.symbiosys.com\\\/tr\\\/symbiosys-hakkinda\\\/#breadcrumb\",\"itemListElement\":[{\"@type\":\"ListItem\",\"position\":1,\"name\":\"Home\",\"item\":\"https:\\\/\\\/www.symbiosys.com\\\/tr\\\/\"},{\"@type\":\"ListItem\",\"position\":2,\"name\":\"SYMBIOSYS\u00ae Hakk\u0131nda\"}]},{\"@type\":\"WebSite\",\"@id\":\"https:\\\/\\\/www.inbiotys.com\\\/tr\\\/#website\",\"url\":\"https:\\\/\\\/www.inbiotys.com\\\/tr\\\/\",\"name\":\"Symbiosys\",\"description\":\"YA\u015eAM \u0130\u00c7\u0130N M\u0130KROB\u0130YOTA\",\"potentialAction\":[{\"@type\":\"SearchAction\",\"target\":{\"@type\":\"EntryPoint\",\"urlTemplate\":\"https:\\\/\\\/www.inbiotys.com\\\/tr\\\/?s={search_term_string}\"},\"query-input\":{\"@type\":\"PropertyValueSpecification\",\"valueRequired\":true,\"valueName\":\"search_term_string\"}}],\"inLanguage\":\"tr\"}]}<\/script>\n<!-- \/ Yoast SEO plugin. -->","yoast_head_json":{"title":"Mikrobiyota form\u00fclasyonlar\u0131 serisi- Symbiosys","description":"SYMBIOSYS , ya\u015fam\u0131n her a\u015famas\u0131nda sa\u011fl\u0131\u011f\u0131 korumaya yard\u0131mc\u0131 olan yeni bir mikrobiyata form\u00fclasyonlar\u0131 serisidir.","robots":{"index":"noindex","follow":"follow"},"og_locale":"tr_TR","og_type":"article","og_title":"Mikrobiyota form\u00fclasyonlar\u0131 serisi- Symbiosys","og_description":"SYMBIOSYS , ya\u015fam\u0131n her a\u015famas\u0131nda sa\u011fl\u0131\u011f\u0131 korumaya yard\u0131mc\u0131 olan yeni bir mikrobiyata form\u00fclasyonlar\u0131 serisidir.","og_url":"https:\/\/www.symbiosys.com\/tr\/symbiosys-hakkinda\/","og_site_name":"Symbiosys","article_modified_time":"2021-01-21T04:51:18+00:00","twitter_card":"summary_large_image","schema":{"@context":"https:\/\/schema.org","@graph":[{"@type":"WebPage","@id":"https:\/\/www.symbiosys.com\/tr\/symbiosys-hakkinda\/","url":"https:\/\/www.symbiosys.com\/tr\/symbiosys-hakkinda\/","name":"Mikrobiyota form\u00fclasyonlar\u0131 serisi- Symbiosys","isPartOf":{"@id":"https:\/\/www.inbiotys.com\/tr\/#website"},"datePublished":"2018-11-27T12:45:46+00:00","dateModified":"2021-01-21T04:51:18+00:00","description":"SYMBIOSYS , ya\u015fam\u0131n her a\u015famas\u0131nda sa\u011fl\u0131\u011f\u0131 korumaya yard\u0131mc\u0131 olan yeni bir mikrobiyata form\u00fclasyonlar\u0131 serisidir.","breadcrumb":{"@id":"https:\/\/www.symbiosys.com\/tr\/symbiosys-hakkinda\/#breadcrumb"},"inLanguage":"tr","potentialAction":[{"@type":"ReadAction","target":["https:\/\/www.symbiosys.com\/tr\/symbiosys-hakkinda\/"]}]},{"@type":"BreadcrumbList","@id":"https:\/\/www.symbiosys.com\/tr\/symbiosys-hakkinda\/#breadcrumb","itemListElement":[{"@type":"ListItem","position":1,"name":"Home","item":"https:\/\/www.symbiosys.com\/tr\/"},{"@type":"ListItem","position":2,"name":"SYMBIOSYS\u00ae Hakk\u0131nda"}]},{"@type":"WebSite","@id":"https:\/\/www.inbiotys.com\/tr\/#website","url":"https:\/\/www.inbiotys.com\/tr\/","name":"Symbiosys","description":"YA\u015eAM \u0130\u00c7\u0130N M\u0130KROB\u0130YOTA","potentialAction":[{"@type":"SearchAction","target":{"@type":"EntryPoint","urlTemplate":"https:\/\/www.inbiotys.com\/tr\/?s={search_term_string}"},"query-input":{"@type":"PropertyValueSpecification","valueRequired":true,"valueName":"search_term_string"}}],"inLanguage":"tr"}]}},"_links":{"self":[{"href":"https:\/\/www.inbiotys.com\/tr\/wp-json\/wp\/v2\/pages\/78679","targetHints":{"allow":["GET"]}}],"collection":[{"href":"https:\/\/www.inbiotys.com\/tr\/wp-json\/wp\/v2\/pages"}],"about":[{"href":"https:\/\/www.inbiotys.com\/tr\/wp-json\/wp\/v2\/types\/page"}],"author":[{"embeddable":true,"href":"https:\/\/www.inbiotys.com\/tr\/wp-json\/wp\/v2\/users\/71"}],"replies":[{"embeddable":true,"href":"https:\/\/www.inbiotys.com\/tr\/wp-json\/wp\/v2\/comments?post=78679"}],"version-history":[{"count":4,"href":"https:\/\/www.inbiotys.com\/tr\/wp-json\/wp\/v2\/pages\/78679\/revisions"}],"predecessor-version":[{"id":91826,"href":"https:\/\/www.inbiotys.com\/tr\/wp-json\/wp\/v2\/pages\/78679\/revisions\/91826"}],"wp:attachment":[{"href":"https:\/\/www.inbiotys.com\/tr\/wp-json\/wp\/v2\/media?parent=78679"}],"curies":[{"name":"wp","href":"https:\/\/api.w.org\/{rel}","templated":true}]}}