{"id":78729,"date":"2018-11-16T15:36:41","date_gmt":"2018-11-16T14:36:41","guid":{"rendered":"https:\/\/www.symbiosys.com\/mention-legal\/"},"modified":"2026-03-24T18:22:59","modified_gmt":"2026-03-24T17:22:59","slug":"yasal-bilgiler","status":"publish","type":"page","link":"https:\/\/www.inbiotys.com\/tr\/yasal-bilgiler\/","title":{"rendered":"Yasal bilgiler"},"content":{"rendered":"\r\n<p><\/p>\r\n<p align=\"center\"><span style=\"font-family: Arial, serif;\"><span style=\"font-size: large;\"><span lang=\"tr\"><b>GENEL KULLANIM KO\u015eULLARI<\/b><\/span><\/span><\/span><\/p>\r\n<p align=\"center\"><strong>www.symbiosys.com\/tr Web sitesine aittir.<\/strong><br \/><em>(31-07-2020 tarihinde g\u00fcncellenmi\u015ftir)<\/em><\/p>\r\n<p>\r\n\r\n<\/p>\r\n<p><strong>1 &#8211;<\/strong><span lang=\"tr\"><b><span style=\"font-family: Arial, serif;\">Giri\u015f Beyanlar\u0131<\/span><\/b><\/span><\/p>\r\n<p>\r\n\r\n<\/p>\r\n<p align=\"justify\"><span lang=\"tr\">Buradaki Genel Kullan\u0131m Ko\u015fullar\u0131 (bundan b\u00f6yle &#8220;GTU&#8221; olarak an\u0131lacakt\u0131r), symbiosys.com\/tr<\/span><span lang=\"tr\">\u00a0isimli web sitesindeki (bundan b\u00f6yle &#8220;Web Sitesi&#8221; olarak an\u0131lacakt\u0131r) i\u00e7erik ve hizmetlerin sunumu ve kullan\u0131m\u0131 ile ilgili olarak Web sitesinin Yay\u0131nc\u0131s\u0131 <\/span><span lang=\"tr\">BIOCODEX SAS [veya i\u015ftirakinin ad\u0131]<\/span><span lang=\"tr\"> (bundan sonra &#8220;Yay\u0131nc\u0131&#8221; olarak an\u0131lacakt\u0131r) ile internet kullan\u0131c\u0131s\u0131 (bundan sonra &#8220;Kullan\u0131c\u0131&#8221; olarak an\u0131lacakt\u0131r) aras\u0131nda mutab\u0131k kal\u0131nacak hususlar\u0131 tespit amac\u0131 ta\u015f\u0131maktad\u0131r.<\/span><\/p>\r\n<p align=\"justify\"><span lang=\"tr\">Web Sitesine ve i\u00e7eri\u011fine eri\u015fim ile Web Sitesi taraf\u0131ndan sunulan hizmetlerin kullan\u0131m\u0131, Kullan\u0131c\u0131n\u0131n bu GTU&#8217;yu istisnas\u0131z olarak kabul etti\u011fi anlam\u0131na gelmektedir. GTU herhangi bir zamanda ve \u00f6nceden haber verilmeksizin de\u011fi\u015ftirilebildi\u011finden, Kullan\u0131c\u0131n\u0131n bu ko\u015fullar\u0131 d\u00fczenli olarak referans almas\u0131 beklenmektedir.<\/span><\/p>\r\n<p>\r\n\r\n<\/p>\r\n<p><strong>2 &#8211;<\/strong><span lang=\"tr\"><b><span style=\"font-family: Arial, serif;\">Yasal Bilgilendirme<\/span><\/b><\/span><\/p>\r\n<p>\r\n\r\n<\/p>\r\n<p align=\"justify\"><span lang=\"tr\"><u><span style=\"font-family: Arial, serif;\">Web sitesi yay\u0131nc\u0131s\u0131<\/span><\/u><\/span><\/p>\r\n<p align=\"justify\"><span lang=\"tr\">Biocodex<\/span><\/p>\r\n<p align=\"justify\">22 Rue des Aqueducs<\/p>\r\n<p align=\"justify\"><span lang=\"tr\">94250 Gentilly<\/span><\/p>\r\n<p align=\"justify\"><span lang=\"tr\">Fransa<\/span><\/p>\r\n<p>&nbsp;<\/p>\r\n<p align=\"justify\"><span style=\"color: #0070c0;\"><span lang=\"tr\"><u>Biocodex \u0130rtibat Ki\u015fisi<\/u><\/span><\/span><\/p>\r\n<p align=\"justify\"><span lang=\"tr\">Yay\u0131n Y\u00f6netmeni: Sn. Jean-Marie Lefevre, Y\u00f6netim Kurulu Ba\u015fkan\u0131 ve \u0130cra Kurulu Ba\u015fkan\u0131.<\/span><\/p>\r\n<p align=\"justify\"><span lang=\"tr\">Frans\u0131z Kanunlar\u0131 taht\u0131nda kurulmu\u015f, 4.284.000 Euro sermayeli, R.C.S. Cr\u00e9teil Ticaret ve \u015eirketler Sicilinde 562 064 600 sicil numaras\u0131 ile kay\u0131tl\u0131, tescilli ofisi 22 Rue des Aqueducs &#8211; 94250 Gentilly &#8211; Fransa adresinde bulunan, Y\u00f6netim Kurulu Ba\u015fkan\u0131 ve \u0130cra Kurulu Ba\u015fkan\u0131 s\u0131fat\u0131yla tam yetkiye haiz Sn. Jean-Marie Lef\u00e8vre taraf\u0131ndan temsil edilen bir anonim \u015firket olan Biocodex.<\/span><\/p>\r\n<p align=\"justify\"><span lang=\"tr\">Topluluk \u0130\u00e7i KDV No.: FR35562064600.<\/span><\/p>\r\n<p><span lang=\"tr\"><u><span style=\"font-family: Arial, serif;\">Web sitesi hosting servisi:<\/span><\/u><\/span><\/p>\r\n<p align=\"justify\"><span lang=\"tr\">ALTERWAY<\/span><\/p>\r\n<p align=\"justify\">163 Quai du Dr Dervaux<\/p>\r\n<p align=\"justify\">92600 Asni\u00e8res<\/p>\r\n<p align=\"justify\"><span lang=\"tr\">Fransa<\/span><\/p>\r\n<p><strong style=\"font-size: 1rem;\">3 &#8211;<\/strong><span lang=\"tr\"><b><span style=\"font-family: Arial, serif;\">Web sitesinin amac\u0131 ve hizmetlere eri\u015fim<\/span><\/b><\/span><\/p>\r\n<p>\r\n\r\n<\/p>\r\n<p align=\"justify\"><span lang=\"tr\">Web Sitesi <\/span><span lang=\"tr\">Biocodex \u00fcr\u00fcnlerini<\/span><span lang=\"tr\"> sunmak i\u00e7in tasarlanm\u0131\u015ft\u0131r. <\/span><\/p>\r\n<p align=\"justify\"><span lang=\"tr\">Web sitesine herhangi bir kullan\u0131c\u0131 internet ba\u011flant\u0131s\u0131 olan herhangi bir yerden eri\u015febilmektedir. Web Sitesine eri\u015fim ile ilgili t\u00fcm masraflar (bilgisayar donan\u0131m\u0131, yaz\u0131l\u0131m, internet ba\u011flant\u0131s\u0131, vb.) Kullan\u0131c\u0131n\u0131n sorumlulu\u011fundad\u0131r. <\/span><\/p>\r\n<p align=\"justify\"><span lang=\"tr\">Web Sitesi Kullan\u0131c\u0131n\u0131n a\u015fa\u011f\u0131daki hizmetlere eri\u015fmesini sa\u011flamaktad\u0131r:<\/span><\/p>\r\n<ul>\r\n<li>\r\n<p align=\"justify\"><span lang=\"tr\">&#8230; hakk\u0131nda genel bilgi<\/span><\/p>\r\n<\/li>\r\n<li>\r\n<p align=\"justify\"><span lang=\"tr\">haberler ve ipu\u00e7lar\u0131 (blog)<\/span><\/p>\r\n<\/li>\r\n<li>\r\n<p align=\"justify\"><span lang=\"tr\">yorumlar<\/span><\/p>\r\n<\/li>\r\n<li>\r\n<p align=\"justify\"><span lang=\"tr\">&#8230;&#8230;&#8230; bulma arac\u0131<\/span><\/p>\r\n<\/li>\r\n<li>\r\n<p align=\"justify\"><span lang=\"tr\">haber b\u00fcltenine abone olma<\/span><\/p>\r\n<\/li>\r\n<li>\r\n<p align=\"justify\"><span lang=\"tr\">ileti\u015fim Formu<\/span><\/p>\r\n<\/li>\r\n<\/ul>\r\n<p align=\"justify\"><span lang=\"tr\">Yay\u0131nc\u0131, Web Sitesine ve hizmetlerine y\u00fcksek kalitede eri\u015fim sa\u011flamak i\u00e7in elindeki t\u00fcm ara\u00e7lar\u0131 kullan\u0131r. Ancak, bu bir sa\u011flama y\u00fck\u00fcml\u00fcl\u00fc\u011f\u00fc olup, sonu\u00e7 y\u00fck\u00fcml\u00fcl\u00fc\u011f\u00fc de\u011fildir: Bu nedenle Kullan\u0131c\u0131, Web Sitesinin Kullan\u0131c\u0131n\u0131n eri\u015fmek istedi\u011fi zamanda eri\u015filebilir olmamas\u0131 durumunda, Yay\u0131nc\u0131dan ve tedarik\u00e7ilerinden herhangi bir tazminat talep etmemeyi kabul eder. <\/span><\/p>\r\n<p align=\"justify\"><span lang=\"tr\">Web Sitesine ve hizmetlerine eri\u015fim bak\u0131m amac\u0131yla veya ba\u015fka herhangi bir nedenle herhangi bir zamanda ve \u00f6nceden bildirimde bulunmaks\u0131z\u0131n, kesintiye u\u011frayabilir, ask\u0131ya al\u0131nabilir veya de\u011fi\u015ftirilebilir.<\/span><\/p>\r\n<p align=\"justify\"><span lang=\"tr\">Yay\u0131nc\u0131, Kullan\u0131c\u0131n\u0131n eri\u015fimini veya gezinmesini ge\u00e7ici olarak engelleyebilecek kar\u0131\u015fmalar, kesintiler, bilgisayar vir\u00fcsleri, ar\u0131zalar veya ba\u011flant\u0131 kesilmelerinden kaynaklanan zararlardan sorumlu tutulamaz.<\/span><\/p>\r\n<p>Yay\u0131nc\u0131, Siteyi geli\u015ftirirken b\u00fcy\u00fck \u00f6zen g\u00f6stermi\u015f olsa da, site baz\u0131 yanl\u0131\u015fl\u0131klar\u0131 i\u00e7erebilir. Kullan\u0131c\u0131dan, Yay\u0131nc\u0131ya optimizasyon \u00f6nerileri konusunda bilgi vermesi talep edilmektedir.<\/p>\r\n<p align=\"justify\">\u00a0<\/p>\r\n<p>\r\n\r\n<\/p>\r\n<p><strong>4 &#8211; <\/strong><span lang=\"tr\"><b><span style=\"font-family: Arial, serif;\">Sorumluluklar<\/span><\/b><\/span><\/p>\r\n<p>\r\n\r\n<\/p>\r\n<p align=\"justify\"><span lang=\"tr\">Y\u00fcr\u00fcrl\u00fckteki mevzuata uygun olarak, Biocodex taraf\u0131ndan pazarlanan g\u0131da takviyeleri Frans\u0131z Rekabet, T\u00fcketici \u0130\u015fleri ve Sahtecilik Kontrol Genel M\u00fcd\u00fcrl\u00fc\u011f\u00fc&#8217;ne (DGCCRF) beyan edilmektedir.<\/span><\/p>\r\n<p align=\"justify\"><span lang=\"tr\">Bir g\u0131da takviyesinin al\u0131nmas\u0131, \u00e7e\u015fitli ve dengeli bir diyetin ve sa\u011fl\u0131kl\u0131 bir ya\u015fam tarz\u0131n\u0131n yerini almamal\u0131d\u0131r.<\/span><\/p>\r\n<p align=\"justify\"><span lang=\"tr\">Web sitesinde, iyilik hali ile ilgili olarak verilen bilgiler yaln\u0131zca bilgi ama\u00e7l\u0131 sunulmaktad\u0131r. Bu bilginin, iyilik hali ve beslenmenin t\u00fcm y\u00f6nlerini kapsad\u0131\u011f\u0131n\u0131 iddia edilemez. Kullan\u0131c\u0131, Web Sitesini tamamen kendi sorumlulu\u011fu alt\u0131nda kullan\u0131r. \u00d6zellikle, bir sa\u011fl\u0131k uzman\u0131n\u0131n tavsiyesi olmadan, sa\u011fl\u0131\u011f\u0131 veya olas\u0131 t\u0131bbi tedavisi ile ilgili kararlar vermek i\u00e7in web sitesinin i\u00e7erdi\u011fi bilgilere g\u00fcvenmemeyi kabul eder ve ikrar eder.<\/span><\/p>\r\n<p align=\"justify\"><span lang=\"tr\">Yay\u0131nc\u0131 kaliteli, do\u011frulanm\u0131\u015f bilgi sa\u011flamaya \u00e7aba g\u00f6stermektedir. Ancak, bilgi kaynaklar\u0131n\u0131n do\u011frulu\u011fu tamamen garanti edilemez. <\/span><\/p>\r\n<p align=\"justify\"><span lang=\"tr\">Web Sitesinde bulunan ve &#8220;web sitesinin d\u0131\u015f\u0131na giden&#8221; t\u00fcm ba\u011flant\u0131lar, Kullan\u0131c\u0131n\u0131n internette mevcut olan bilgilere ve di\u011fer tamamlay\u0131c\u0131 kaynaklara eri\u015fmesine veya sosyal a\u011flarda bilgi payla\u015fmas\u0131na olanak tan\u0131maktad\u0131r. <\/span><span lang=\"tr\">Yay\u0131nc\u0131n\u0131n<\/span><span lang=\"tr\"> bu tamamen ba\u011f\u0131ms\u0131z \u00fc\u00e7\u00fcnc\u00fc taraf sitelerinin i\u00e7eri\u011fini kontrol etmeye y\u00f6nelik bir arac\u0131 bulunmamakta olup, bu nedenle, bu \u00fc\u00e7\u00fcnc\u00fc taraf sitelerine ve i\u00e7eriklerine eri\u015fmenin getirdi\u011fi sonu\u00e7lardan sorumlu tutulamaz.<\/span><\/p>\r\n<p>Kullan\u0131c\u0131, yaln\u0131zca Yay\u0131nc\u0131n\u0131n resmi ve \u00f6nceden izni ile Web Sitesine bir k\u00f6pr\u00fc kurabilir.<\/p>\r\n<p>\r\n\r\n<\/p>\r\n<p><strong>5 &#8211; <\/strong><span style=\"font-family: Arial, serif;\"><span lang=\"tr\"><b>Fikri M\u00fclkiyet<\/b><\/span><\/span><\/p>\r\n<p>\r\n\r\n<\/p>\r\n<p>Web sitesi, fikri m\u00fclkiyet yasas\u0131 ile korunan bir fikir eserdir. Web sitesi ve onu olu\u015fturan t\u00fcm \u00f6\u011feler (logolar, metinler, foto\u011fraflar, resimler, PDF dosyalar\u0131 ve videolar, vb.) Yay\u0131nc\u0131n\u0131n m\u00fcnhas\u0131r m\u00fclkiyetindedir. \u0130lgili alan ad\u0131 tescil edilmi\u015f ve korunma alt\u0131ndad\u0131r.<\/p>\r\n<p>Web Sitesinin veya onu olu\u015fturan bile\u015fenlerinden herhangi birinin k\u0131smen veya tamamen kopyalanmas\u0131 veya \u00e7o\u011falt\u0131lmas\u0131na, yaln\u0131zca \u00f6zel kullan\u0131m ama\u00e7l\u0131 olmas\u0131 halinde izin verilmektedir. Web Sitesinin veya onu olu\u015fturan bile\u015fenlerinden herhangi birinin herhangi bir ortamda ve herhangi bir \u015fekilde ba\u015fka ama\u00e7larla ve \u00f6zellikle de Yay\u0131nc\u0131 ve \/ veya telif hakk\u0131 sahibinin resmi izni olmadan ticari ama\u00e7larla k\u0131smen veya tamamen kopyalanmas\u0131 veya \u00e7o\u011falt\u0131lmas\u0131, yasak olup, cezai kovu\u015fturmaya tabi bir su\u00e7 olan sahtecilik su\u00e7unu te\u015fkil etmektedir.<\/p>\r\n<p>Ayn\u0131 durum, Websitesinde yer alan ve Frans\u0131z Fikri M\u00fclkiyet Kanunu&#8217;nun yerini, veri tabanlar\u0131n\u0131n hukuki korumas\u0131yla ilgili 11 Mart 1996 tarihli Avrupa Y\u00f6netmeli\u011fi&#8217;nin almas\u0131yla ilgili 1 Temmuz 1998 tarihli Frans\u0131z Kanunu&#8217;nda \u00f6ng\u00f6r\u00fclen h\u00fck\u00fcmler kapsam\u0131nda korumaya tabi veri tabanlar\u0131 i\u00e7in de ge\u00e7erlidir.<\/p>\r\n<p>Web sitesinde yer alan markalar ve logolar (yar\u0131 fig\u00fcratif ve di\u011fer) tescilli markalard\u0131r. Ayr\u0131ca, Web Sitesinde yer alan g\u00f6rseller telif haklar\u0131yla korunmaktad\u0131r. Bu \u0130nternet sitesinin bile\u015fenlerinden bahsedilen g\u00f6r\u00fcnt\u00fclerin, markalar\u0131n veya logolar\u0131n k\u0131smen veya tamamen kopyalanmas\u0131na, Frans\u0131z Fikri M\u00fclkiyet Kanunu Madde L 713-2&#8217;de tan\u0131mland\u0131\u011f\u0131 \u00fczere, Yay\u0131nc\u0131n\u0131n \u00f6nceden yaz\u0131l\u0131 izni olmaks\u0131z\u0131n izin verilmemektedir.<\/p>\r\n<p>Foto\u011fraflar: istock.com, gettyimages.fr &amp; shutterstock.com<\/p>\r\n<p>\r\n\r\n<\/p>\r\n<p><strong>6 &#8211; <\/strong><span style=\"font-family: Arial, serif;\"><span lang=\"tr\"><b>Verilerin korunmas\u0131<\/b><\/span><\/span><\/p>\r\n<p>\r\n\r\n<\/p>\r\n<p>Yay\u0131nc\u0131, ki\u015fisel verilerin korunmas\u0131na ili\u015fkin d\u00fczenleyici h\u00fck\u00fcmlere, \u00f6zellikle de 27 Nisan 2016 tarihli (AB) 2016\/679 Y\u00f6netmeli\u011fine (Genel Veri Koruma Y\u00f6netmeli\u011fi) uymay\u0131 taahh\u00fct eder.<\/p>\r\n<p>Kullan\u0131c\u0131, a\u00e7\u0131k\u00e7a herhangi bir ki\u015fisel bilgi vermeden Web Sitesine serbest\u00e7e g\u00f6z atabilir. Bununla birlikte, \u00f6rne\u011fin Yay\u0131nc\u0131 ile ileti\u015fime ge\u00e7mek ad\u0131na kendisiyle ilgili verileri sa\u011flamas\u0131 gerekebilir. Ayr\u0131ca Web Sitesi, Kullan\u0131c\u0131 ile ilgili verileri \u00fc\u00e7\u00fcnc\u00fc taraflara g\u00f6nderebilecek &#8220;\u00e7erezler&#8221; kullanmaktad\u0131r.<\/p>\r\n<p align=\"justify\"><span lang=\"tr\">Web Sitesindeki ki\u015fisel verilerin nas\u0131l i\u015flendi\u011fini anlamak i\u00e7in Kullan\u0131c\u0131, <\/span><span style=\"color: #0070c0;\"><span lang=\"tr\"><u>veri koruma politikas\u0131n\u0131<\/u><\/span><\/span><span lang=\"tr\"> ve Sitedeki <\/span><span style=\"color: #0070c0;\"><span lang=\"tr\"><u>\u00e7erez politikas\u0131n\u0131<\/u><\/span><\/span><span lang=\"tr\"> dikkatle okumal\u0131d\u0131r.<\/span><\/p>\r\n<p>Web Sitesinin kullan\u0131m\u0131, asl\u0131nda Kullan\u0131c\u0131n\u0131n bu belgeleri okudu\u011funu ve anlad\u0131\u011f\u0131n\u0131 ve d\u00fczenli olarak bunlara ba\u015fvurmay\u0131 taahh\u00fct etti\u011fi anlam\u0131na gelmektedir.<\/p>\r\n<p>\r\n\r\n<\/p>\r\n<p><strong>7 &#8211; <\/strong><span style=\"font-family: Arial, serif;\"><span lang=\"tr\"><b>Uygulanacak kanun ve yarg\u0131 yetkisi<\/b><\/span><\/span><\/p>\r\n<p>\r\n\r\n<\/p>\r\n<p align=\"justify\"><span lang=\"tr\">GTU, <\/span><span lang=\"tr\">Frans\u0131z<\/span><span lang=\"tr\"> yasalar\u0131na tabidir. Herhangi bir \u00e7at\u0131\u015fma veya yorum farkl\u0131l\u0131\u011f\u0131 <\/span><span lang=\"tr\">Frans\u0131z <\/span><span lang=\"tr\">mahkemelerinin yarg\u0131 yetkisine tabi olacakt\u0131r.<\/span><\/p>\r\n<p><\/p>\r\n","protected":false},"excerpt":{"rendered":"<p>GENEL KULLANIM KO\u015eULLARI www.symbiosys.com\/tr Web sitesine aittir.(31-07-2020 tarihinde g\u00fcncellenmi\u015ftir) 1 &#8211;Giri\u015f Beyanlar\u0131 Buradaki Genel Kullan\u0131m Ko\u015fullar\u0131 (bundan b\u00f6yle &#8220;GTU&#8221; olarak an\u0131lacakt\u0131r), symbiosys.com\/tr\u00a0isimli web sitesindeki (bundan b\u00f6yle &#8220;Web Sitesi&#8221; olarak an\u0131lacakt\u0131r) i\u00e7erik ve hizmetlerin sunumu ve kullan\u0131m\u0131 ile ilgili olarak Web sitesinin Yay\u0131nc\u0131s\u0131 BIOCODEX SAS [veya i\u015ftirakinin ad\u0131] (bundan sonra &#8220;Yay\u0131nc\u0131&#8221; olarak an\u0131lacakt\u0131r) ile internet kullan\u0131c\u0131s\u0131 &hellip; <a href=\"https:\/\/www.inbiotys.com\/tr\/yasal-bilgiler\/\">Continued<\/a><\/p>\n","protected":false},"author":71,"featured_media":0,"parent":0,"menu_order":0,"comment_status":"closed","ping_status":"closed","template":"views\/template-legal.blade.php","meta":{"footnotes":""},"class_list":["post-78729","page","type-page","status-publish","hentry"],"acf":[],"yoast_head":"<!-- This site is optimized with the Yoast SEO plugin v27.3 - https:\/\/yoast.com\/product\/yoast-seo-wordpress\/ -->\n<title>Yasal Bilgilendirme - Symbiosys<\/title>\n<meta name=\"description\" content=\"www.biocodex-symb.lepitch.fr web sitesinin i\u00e7eri\u011finin ve hizmetlerinin sa\u011flanmas\u0131 ve kullan\u0131m\u0131na ili\u015fkin y\u00f6nergeleri belirlemek i\u00e7in tasarlanm\u0131\u015ft\u0131r.\" \/>\n<meta name=\"robots\" content=\"index, follow, max-snippet:-1, max-image-preview:large, max-video-preview:-1\" \/>\n<link rel=\"canonical\" href=\"https:\/\/www.symbiosys.com\/tr\/yasal-bilgiler\/\" \/>\n<meta property=\"og:locale\" content=\"tr_TR\" \/>\n<meta property=\"og:type\" content=\"article\" \/>\n<meta property=\"og:title\" content=\"Yasal Bilgilendirme - Symbiosys\" \/>\n<meta property=\"og:description\" content=\"www.biocodex-symb.lepitch.fr web sitesinin i\u00e7eri\u011finin ve hizmetlerinin sa\u011flanmas\u0131 ve kullan\u0131m\u0131na ili\u015fkin y\u00f6nergeleri belirlemek i\u00e7in tasarlanm\u0131\u015ft\u0131r.\" \/>\n<meta property=\"og:url\" content=\"https:\/\/www.symbiosys.com\/tr\/yasal-bilgiler\/\" \/>\n<meta property=\"og:site_name\" content=\"Symbiosys\" \/>\n<meta property=\"article:modified_time\" content=\"2026-03-24T17:22:59+00:00\" \/>\n<meta name=\"twitter:card\" content=\"summary_large_image\" \/>\n<meta name=\"twitter:label1\" content=\"Est. reading time\" \/>\n\t<meta name=\"twitter:data1\" content=\"4 dakika\" \/>\n<script type=\"application\/ld+json\" class=\"yoast-schema-graph\">{\"@context\":\"https:\\\/\\\/schema.org\",\"@graph\":[{\"@type\":\"WebPage\",\"@id\":\"https:\\\/\\\/www.symbiosys.com\\\/tr\\\/yasal-bilgiler\\\/\",\"url\":\"https:\\\/\\\/www.symbiosys.com\\\/tr\\\/yasal-bilgiler\\\/\",\"name\":\"Yasal Bilgilendirme - Symbiosys\",\"isPartOf\":{\"@id\":\"https:\\\/\\\/www.inbiotys.com\\\/tr\\\/#website\"},\"datePublished\":\"2018-11-16T14:36:41+00:00\",\"dateModified\":\"2026-03-24T17:22:59+00:00\",\"description\":\"www.biocodex-symb.lepitch.fr web sitesinin i\u00e7eri\u011finin ve hizmetlerinin sa\u011flanmas\u0131 ve kullan\u0131m\u0131na ili\u015fkin y\u00f6nergeleri belirlemek i\u00e7in tasarlanm\u0131\u015ft\u0131r.\",\"breadcrumb\":{\"@id\":\"https:\\\/\\\/www.symbiosys.com\\\/tr\\\/yasal-bilgiler\\\/#breadcrumb\"},\"inLanguage\":\"tr\",\"potentialAction\":[{\"@type\":\"ReadAction\",\"target\":[\"https:\\\/\\\/www.symbiosys.com\\\/tr\\\/yasal-bilgiler\\\/\"]}]},{\"@type\":\"BreadcrumbList\",\"@id\":\"https:\\\/\\\/www.symbiosys.com\\\/tr\\\/yasal-bilgiler\\\/#breadcrumb\",\"itemListElement\":[{\"@type\":\"ListItem\",\"position\":1,\"name\":\"Home\",\"item\":\"https:\\\/\\\/www.symbiosys.com\\\/tr\\\/\"},{\"@type\":\"ListItem\",\"position\":2,\"name\":\"Yasal bilgiler\"}]},{\"@type\":\"WebSite\",\"@id\":\"https:\\\/\\\/www.inbiotys.com\\\/tr\\\/#website\",\"url\":\"https:\\\/\\\/www.inbiotys.com\\\/tr\\\/\",\"name\":\"Symbiosys\",\"description\":\"YA\u015eAM \u0130\u00c7\u0130N M\u0130KROB\u0130YOTA\",\"potentialAction\":[{\"@type\":\"SearchAction\",\"target\":{\"@type\":\"EntryPoint\",\"urlTemplate\":\"https:\\\/\\\/www.inbiotys.com\\\/tr\\\/?s={search_term_string}\"},\"query-input\":{\"@type\":\"PropertyValueSpecification\",\"valueRequired\":true,\"valueName\":\"search_term_string\"}}],\"inLanguage\":\"tr\"}]}<\/script>\n<!-- \/ Yoast SEO plugin. -->","yoast_head_json":{"title":"Yasal Bilgilendirme - Symbiosys","description":"www.biocodex-symb.lepitch.fr web sitesinin i\u00e7eri\u011finin ve hizmetlerinin sa\u011flanmas\u0131 ve kullan\u0131m\u0131na ili\u015fkin y\u00f6nergeleri belirlemek i\u00e7in tasarlanm\u0131\u015ft\u0131r.","robots":{"index":"index","follow":"follow","max-snippet":"max-snippet:-1","max-image-preview":"max-image-preview:large","max-video-preview":"max-video-preview:-1"},"canonical":"https:\/\/www.symbiosys.com\/tr\/yasal-bilgiler\/","og_locale":"tr_TR","og_type":"article","og_title":"Yasal Bilgilendirme - Symbiosys","og_description":"www.biocodex-symb.lepitch.fr web sitesinin i\u00e7eri\u011finin ve hizmetlerinin sa\u011flanmas\u0131 ve kullan\u0131m\u0131na ili\u015fkin y\u00f6nergeleri belirlemek i\u00e7in tasarlanm\u0131\u015ft\u0131r.","og_url":"https:\/\/www.symbiosys.com\/tr\/yasal-bilgiler\/","og_site_name":"Symbiosys","article_modified_time":"2026-03-24T17:22:59+00:00","twitter_card":"summary_large_image","twitter_misc":{"Est. reading time":"4 dakika"},"schema":{"@context":"https:\/\/schema.org","@graph":[{"@type":"WebPage","@id":"https:\/\/www.symbiosys.com\/tr\/yasal-bilgiler\/","url":"https:\/\/www.symbiosys.com\/tr\/yasal-bilgiler\/","name":"Yasal Bilgilendirme - Symbiosys","isPartOf":{"@id":"https:\/\/www.inbiotys.com\/tr\/#website"},"datePublished":"2018-11-16T14:36:41+00:00","dateModified":"2026-03-24T17:22:59+00:00","description":"www.biocodex-symb.lepitch.fr web sitesinin i\u00e7eri\u011finin ve hizmetlerinin sa\u011flanmas\u0131 ve kullan\u0131m\u0131na ili\u015fkin y\u00f6nergeleri belirlemek i\u00e7in tasarlanm\u0131\u015ft\u0131r.","breadcrumb":{"@id":"https:\/\/www.symbiosys.com\/tr\/yasal-bilgiler\/#breadcrumb"},"inLanguage":"tr","potentialAction":[{"@type":"ReadAction","target":["https:\/\/www.symbiosys.com\/tr\/yasal-bilgiler\/"]}]},{"@type":"BreadcrumbList","@id":"https:\/\/www.symbiosys.com\/tr\/yasal-bilgiler\/#breadcrumb","itemListElement":[{"@type":"ListItem","position":1,"name":"Home","item":"https:\/\/www.symbiosys.com\/tr\/"},{"@type":"ListItem","position":2,"name":"Yasal bilgiler"}]},{"@type":"WebSite","@id":"https:\/\/www.inbiotys.com\/tr\/#website","url":"https:\/\/www.inbiotys.com\/tr\/","name":"Symbiosys","description":"YA\u015eAM \u0130\u00c7\u0130N M\u0130KROB\u0130YOTA","potentialAction":[{"@type":"SearchAction","target":{"@type":"EntryPoint","urlTemplate":"https:\/\/www.inbiotys.com\/tr\/?s={search_term_string}"},"query-input":{"@type":"PropertyValueSpecification","valueRequired":true,"valueName":"search_term_string"}}],"inLanguage":"tr"}]}},"_links":{"self":[{"href":"https:\/\/www.inbiotys.com\/tr\/wp-json\/wp\/v2\/pages\/78729","targetHints":{"allow":["GET"]}}],"collection":[{"href":"https:\/\/www.inbiotys.com\/tr\/wp-json\/wp\/v2\/pages"}],"about":[{"href":"https:\/\/www.inbiotys.com\/tr\/wp-json\/wp\/v2\/types\/page"}],"author":[{"embeddable":true,"href":"https:\/\/www.inbiotys.com\/tr\/wp-json\/wp\/v2\/users\/71"}],"replies":[{"embeddable":true,"href":"https:\/\/www.inbiotys.com\/tr\/wp-json\/wp\/v2\/comments?post=78729"}],"version-history":[{"count":6,"href":"https:\/\/www.inbiotys.com\/tr\/wp-json\/wp\/v2\/pages\/78729\/revisions"}],"predecessor-version":[{"id":98356,"href":"https:\/\/www.inbiotys.com\/tr\/wp-json\/wp\/v2\/pages\/78729\/revisions\/98356"}],"wp:attachment":[{"href":"https:\/\/www.inbiotys.com\/tr\/wp-json\/wp\/v2\/media?parent=78729"}],"curies":[{"name":"wp","href":"https:\/\/api.w.org\/{rel}","templated":true}]}}