{"id":79354,"date":"2020-09-11T16:20:50","date_gmt":"2020-09-11T14:20:50","guid":{"rendered":"https:\/\/www.symbiosys.com\/?page_id=79354"},"modified":"2021-01-21T05:51:01","modified_gmt":"2021-01-21T04:51:01","slug":"saglik-icin-kucuk-ipuclari","status":"publish","type":"page","link":"https:\/\/www.inbiotys.com\/tr\/saglik-icin-kucuk-ipuclari\/","title":{"rendered":"<strong>SA\u011eLIK \u0130\u00c7\u0130N K\u00dc\u00c7\u00dcK \u0130PU\u00c7LARI<\/strong>"},"content":{"rendered":"<p><script> var deftrurl =  window.location.href;\n  if (deftrurl.match(\"com\/tr\/\")) {\nvar element = document.getElementsByTagName(\"BODY\")[0];\n  element.classList.add(\"trdef\");\n}<\/script><\/p>\n","protected":false},"excerpt":{"rendered":"","protected":false},"author":71,"featured_media":0,"parent":0,"menu_order":0,"comment_status":"closed","ping_status":"closed","template":"views\/template-list.blade.php","meta":{"footnotes":""},"class_list":["post-79354","page","type-page","status-publish","hentry"],"acf":[],"yoast_head":"<!-- This site is optimized with the Yoast SEO plugin v27.3 - https:\/\/yoast.com\/product\/yoast-seo-wordpress\/ -->\n<title>Sa\u011fl\u0131k i\u00e7in k\u00fc\u00e7\u00fck ipu\u00e7lar\u0131m\u0131z- Symbiosys<\/title>\n<meta name=\"description\" content=\"K\u00fc\u00e7\u00fck \u015feylerin siz ve ya\u015fam\u0131n\u0131z \u00fczerinde ne kadar b\u00fcy\u00fck etkileri olabilece\u011fini hi\u00e7 fark ettiniz mi?K\u00fc\u00e7\u00fck ipu\u00e7lar\u0131m\u0131z\u0131 ve bilgilerimizi okuyun.\" \/>\n<meta name=\"robots\" content=\"index, follow, max-snippet:-1, max-image-preview:large, max-video-preview:-1\" \/>\n<link rel=\"canonical\" href=\"https:\/\/www.inbiotys.com\/tr\/saglik-icin-kucuk-ipuclari\/\" \/>\n<meta property=\"og:locale\" content=\"tr_TR\" \/>\n<meta property=\"og:type\" content=\"article\" \/>\n<meta property=\"og:title\" content=\"Sa\u011fl\u0131k i\u00e7in k\u00fc\u00e7\u00fck ipu\u00e7lar\u0131m\u0131z- Symbiosys\" \/>\n<meta property=\"og:description\" content=\"K\u00fc\u00e7\u00fck \u015feylerin siz ve ya\u015fam\u0131n\u0131z \u00fczerinde ne kadar b\u00fcy\u00fck etkileri olabilece\u011fini hi\u00e7 fark ettiniz mi?K\u00fc\u00e7\u00fck ipu\u00e7lar\u0131m\u0131z\u0131 ve bilgilerimizi okuyun.\" \/>\n<meta property=\"og:url\" content=\"https:\/\/www.inbiotys.com\/tr\/saglik-icin-kucuk-ipuclari\/\" \/>\n<meta property=\"og:site_name\" content=\"Symbiosys\" \/>\n<meta property=\"article:modified_time\" content=\"2021-01-21T04:51:01+00:00\" \/>\n<meta name=\"twitter:card\" content=\"summary_large_image\" \/>\n<script type=\"application\/ld+json\" class=\"yoast-schema-graph\">{\"@context\":\"https:\\\/\\\/schema.org\",\"@graph\":[{\"@type\":\"WebPage\",\"@id\":\"https:\\\/\\\/www.inbiotys.com\\\/tr\\\/saglik-icin-kucuk-ipuclari\\\/\",\"url\":\"https:\\\/\\\/www.inbiotys.com\\\/tr\\\/saglik-icin-kucuk-ipuclari\\\/\",\"name\":\"Sa\u011fl\u0131k i\u00e7in k\u00fc\u00e7\u00fck ipu\u00e7lar\u0131m\u0131z- Symbiosys\",\"isPartOf\":{\"@id\":\"https:\\\/\\\/www.inbiotys.com\\\/tr\\\/#website\"},\"datePublished\":\"2020-09-11T14:20:50+00:00\",\"dateModified\":\"2021-01-21T04:51:01+00:00\",\"description\":\"K\u00fc\u00e7\u00fck \u015feylerin siz ve ya\u015fam\u0131n\u0131z \u00fczerinde ne kadar b\u00fcy\u00fck etkileri olabilece\u011fini hi\u00e7 fark ettiniz mi?K\u00fc\u00e7\u00fck ipu\u00e7lar\u0131m\u0131z\u0131 ve bilgilerimizi okuyun.\",\"breadcrumb\":{\"@id\":\"https:\\\/\\\/www.inbiotys.com\\\/tr\\\/saglik-icin-kucuk-ipuclari\\\/#breadcrumb\"},\"inLanguage\":\"tr\",\"potentialAction\":[{\"@type\":\"ReadAction\",\"target\":[\"https:\\\/\\\/www.inbiotys.com\\\/tr\\\/saglik-icin-kucuk-ipuclari\\\/\"]}]},{\"@type\":\"BreadcrumbList\",\"@id\":\"https:\\\/\\\/www.inbiotys.com\\\/tr\\\/saglik-icin-kucuk-ipuclari\\\/#breadcrumb\",\"itemListElement\":[{\"@type\":\"ListItem\",\"position\":1,\"name\":\"Home\",\"item\":\"https:\\\/\\\/www.symbiosys.com\\\/tr\\\/\"},{\"@type\":\"ListItem\",\"position\":2,\"name\":\"SA\u011eLIK \u0130\u00c7\u0130N K\u00dc\u00c7\u00dcK \u0130PU\u00c7LARI\"}]},{\"@type\":\"WebSite\",\"@id\":\"https:\\\/\\\/www.inbiotys.com\\\/tr\\\/#website\",\"url\":\"https:\\\/\\\/www.inbiotys.com\\\/tr\\\/\",\"name\":\"Symbiosys\",\"description\":\"YA\u015eAM \u0130\u00c7\u0130N M\u0130KROB\u0130YOTA\",\"potentialAction\":[{\"@type\":\"SearchAction\",\"target\":{\"@type\":\"EntryPoint\",\"urlTemplate\":\"https:\\\/\\\/www.inbiotys.com\\\/tr\\\/?s={search_term_string}\"},\"query-input\":{\"@type\":\"PropertyValueSpecification\",\"valueRequired\":true,\"valueName\":\"search_term_string\"}}],\"inLanguage\":\"tr\"}]}<\/script>\n<!-- \/ Yoast SEO plugin. -->","yoast_head_json":{"title":"Sa\u011fl\u0131k i\u00e7in k\u00fc\u00e7\u00fck ipu\u00e7lar\u0131m\u0131z- Symbiosys","description":"K\u00fc\u00e7\u00fck \u015feylerin siz ve ya\u015fam\u0131n\u0131z \u00fczerinde ne kadar b\u00fcy\u00fck etkileri olabilece\u011fini hi\u00e7 fark ettiniz mi?K\u00fc\u00e7\u00fck ipu\u00e7lar\u0131m\u0131z\u0131 ve bilgilerimizi okuyun.","robots":{"index":"index","follow":"follow","max-snippet":"max-snippet:-1","max-image-preview":"max-image-preview:large","max-video-preview":"max-video-preview:-1"},"canonical":"https:\/\/www.inbiotys.com\/tr\/saglik-icin-kucuk-ipuclari\/","og_locale":"tr_TR","og_type":"article","og_title":"Sa\u011fl\u0131k i\u00e7in k\u00fc\u00e7\u00fck ipu\u00e7lar\u0131m\u0131z- Symbiosys","og_description":"K\u00fc\u00e7\u00fck \u015feylerin siz ve ya\u015fam\u0131n\u0131z \u00fczerinde ne kadar b\u00fcy\u00fck etkileri olabilece\u011fini hi\u00e7 fark ettiniz mi?K\u00fc\u00e7\u00fck ipu\u00e7lar\u0131m\u0131z\u0131 ve bilgilerimizi okuyun.","og_url":"https:\/\/www.inbiotys.com\/tr\/saglik-icin-kucuk-ipuclari\/","og_site_name":"Symbiosys","article_modified_time":"2021-01-21T04:51:01+00:00","twitter_card":"summary_large_image","schema":{"@context":"https:\/\/schema.org","@graph":[{"@type":"WebPage","@id":"https:\/\/www.inbiotys.com\/tr\/saglik-icin-kucuk-ipuclari\/","url":"https:\/\/www.inbiotys.com\/tr\/saglik-icin-kucuk-ipuclari\/","name":"Sa\u011fl\u0131k i\u00e7in k\u00fc\u00e7\u00fck ipu\u00e7lar\u0131m\u0131z- Symbiosys","isPartOf":{"@id":"https:\/\/www.inbiotys.com\/tr\/#website"},"datePublished":"2020-09-11T14:20:50+00:00","dateModified":"2021-01-21T04:51:01+00:00","description":"K\u00fc\u00e7\u00fck \u015feylerin siz ve ya\u015fam\u0131n\u0131z \u00fczerinde ne kadar b\u00fcy\u00fck etkileri olabilece\u011fini hi\u00e7 fark ettiniz mi?K\u00fc\u00e7\u00fck ipu\u00e7lar\u0131m\u0131z\u0131 ve bilgilerimizi okuyun.","breadcrumb":{"@id":"https:\/\/www.inbiotys.com\/tr\/saglik-icin-kucuk-ipuclari\/#breadcrumb"},"inLanguage":"tr","potentialAction":[{"@type":"ReadAction","target":["https:\/\/www.inbiotys.com\/tr\/saglik-icin-kucuk-ipuclari\/"]}]},{"@type":"BreadcrumbList","@id":"https:\/\/www.inbiotys.com\/tr\/saglik-icin-kucuk-ipuclari\/#breadcrumb","itemListElement":[{"@type":"ListItem","position":1,"name":"Home","item":"https:\/\/www.symbiosys.com\/tr\/"},{"@type":"ListItem","position":2,"name":"SA\u011eLIK \u0130\u00c7\u0130N K\u00dc\u00c7\u00dcK \u0130PU\u00c7LARI"}]},{"@type":"WebSite","@id":"https:\/\/www.inbiotys.com\/tr\/#website","url":"https:\/\/www.inbiotys.com\/tr\/","name":"Symbiosys","description":"YA\u015eAM \u0130\u00c7\u0130N M\u0130KROB\u0130YOTA","potentialAction":[{"@type":"SearchAction","target":{"@type":"EntryPoint","urlTemplate":"https:\/\/www.inbiotys.com\/tr\/?s={search_term_string}"},"query-input":{"@type":"PropertyValueSpecification","valueRequired":true,"valueName":"search_term_string"}}],"inLanguage":"tr"}]}},"_links":{"self":[{"href":"https:\/\/www.inbiotys.com\/tr\/wp-json\/wp\/v2\/pages\/79354","targetHints":{"allow":["GET"]}}],"collection":[{"href":"https:\/\/www.inbiotys.com\/tr\/wp-json\/wp\/v2\/pages"}],"about":[{"href":"https:\/\/www.inbiotys.com\/tr\/wp-json\/wp\/v2\/types\/page"}],"author":[{"embeddable":true,"href":"https:\/\/www.inbiotys.com\/tr\/wp-json\/wp\/v2\/users\/71"}],"replies":[{"embeddable":true,"href":"https:\/\/www.inbiotys.com\/tr\/wp-json\/wp\/v2\/comments?post=79354"}],"version-history":[{"count":6,"href":"https:\/\/www.inbiotys.com\/tr\/wp-json\/wp\/v2\/pages\/79354\/revisions"}],"predecessor-version":[{"id":91825,"href":"https:\/\/www.inbiotys.com\/tr\/wp-json\/wp\/v2\/pages\/79354\/revisions\/91825"}],"wp:attachment":[{"href":"https:\/\/www.inbiotys.com\/tr\/wp-json\/wp\/v2\/media?parent=79354"}],"curies":[{"name":"wp","href":"https:\/\/api.w.org\/{rel}","templated":true}]}}