{"id":93790,"date":"2021-02-28T15:36:40","date_gmt":"2021-02-28T14:36:40","guid":{"rendered":"https:\/\/www.symbiosys.com\/?page_id=93790"},"modified":"2024-06-03T14:51:14","modified_gmt":"2024-06-03T12:51:14","slug":"veri-koruma-politikasi","status":"publish","type":"page","link":"https:\/\/www.inbiotys.com\/tr\/veri-koruma-politikasi\/","title":{"rendered":"Veri Koruma Politikas\u0131"},"content":{"rendered":"\r\n<p><\/p>\r\n<p><strong>www.symbiosys.com\/tr Web sitesine aittir.<\/strong><br \/><em>(31-07-2020 tarihinde g\u00fcncellenmi\u015ftir)<\/em><\/p>\r\n<p><strong>1 &#8211; Giri\u015f Beyanlar\u0131<\/strong><\/p>\r\n<p>\u0130\u015fbu belgede tarif edilen veri koruma politikas\u0131 [web sitesinin ad\u0131] isimli web sitesi (bundan sonra &#8220;Web Sitesi&#8221; olarak an\u0131lacakt\u0131r) i\u00e7in ge\u00e7erlidir. Amac\u0131, Web Sitesini kullanan ki\u015fiyi (bundan sonra &#8220;Kullan\u0131c\u0131&#8221; olarak an\u0131lacakt\u0131r) BIOCODEX SAS (bundan sonra &#8220;Yay\u0131nc\u0131&#8221; olarak an\u0131lacakt\u0131r) \u015firketi taraf\u0131ndan kullan\u0131c\u0131 hakk\u0131ndaki verilerin i\u015flenmesi, kullan\u0131c\u0131n\u0131n verileriyle ilgili sahip oldu\u011fu haklar ve bu haklar\u0131 nas\u0131l kullanacaklar\u0131 konusunda bilgilendirmektir.<\/p>\r\n<p><strong>2 &#8211; Genel h\u00fck\u00fcmler<\/strong><\/p>\r\n<p>\u00d6zel h\u00fck\u00fcmlerde aksi belirtilmedik\u00e7e, ki\u015fisel verilerin Web Sitesinde Yay\u0131nc\u0131 taraf\u0131ndan i\u015flenmesi hususunda a\u015fa\u011f\u0131daki h\u00fck\u00fcmler ge\u00e7erlidir.<\/p>\r\n<p>&nbsp;<\/p>\r\n<p><u>Yasal \u00e7er\u00e7eve<\/u><\/p>\r\n<p>Veri sorumlusu s\u0131fat\u0131yla hareket eden Yay\u0131nc\u0131, Web sitesindeki ki\u015fisel verileri, ki\u015fisel verilerin i\u015flenmesi ve bu verilerin serbest hareketi ile ilgili olarak ger\u00e7ek ki\u015filerin korunmas\u0131 hususunda y\u00fcr\u00fcrl\u00fckte olan, \u00f6zellikle de 27 Nisan 2016 tarihli ve 2016\/679 say\u0131l\u0131 Genel Veri Koruma Y\u00f6netmeli\u011fi (GVKY) isimli AB Mevzuat\u0131na uygun olarak i\u015fledi\u011fini beyan eder.<\/p>\r\n<p>&nbsp;<\/p>\r\n<p><u>Veri sorumlusu<\/u><\/p>\r\n<p>Veri sorumlusu a\u015fa\u011f\u0131daki \u015fekilde tan\u0131mlanmaktad\u0131r:<\/p>\r\n<p>Frans\u0131z Kanunlar\u0131 taht\u0131nda kurulmu\u015f, 4.284.000 Euro sermayeli, R.C.S. Cr\u00e9teil Ticaret ve \u015eirketler Sicilinde 562 064 600 sicil numaras\u0131 ile kay\u0131tl\u0131, tescilli ofisi 22 Rue des Aqueducs &#8211; 94250 GENTILLY &#8211; Fransa adresinde bulunan, Y\u00f6netim Kurulu Ba\u015fkan\u0131 ve \u0130cra Kurulu Ba\u015fkan\u0131 s\u0131fat\u0131yla tam yetkiye haiz Sn. Jean-Marie Lef\u00e8vre taraf\u0131ndan temsil edilen bir anonim \u015firket olan BIOCODEX\u00a0\u00a0\u00a0<\/p>\r\n<p>&nbsp;<\/p>\r\n<p><u>Verileri ile ilgili olarak Kullan\u0131c\u0131n\u0131n sahip oldu\u011fu haklar<\/u><\/p>\r\n<p>GVKY uyar\u0131nca, Kullan\u0131c\u0131 kendisine ait verilerle ilgili olarak ve kimli\u011fini kan\u0131tlamak suretiyle ki\u015fisel verilerine eri\u015fim, d\u00fczelttirme, sildirme, s\u0131n\u0131rland\u0131rma, itiraz etme hakk\u0131n\u0131 Veri Koruma Sorumlusu (VKS) Biocodex&#8217;e e-posta yoluyla (dpo@biocodex.com) veya posta yoluyla (DPO BIOCODEX, 22 Rue des Aqueducs, 94250 GENTILY, Fransa) (Frans\u0131z ve \u0130ngilizce dillerinde) ula\u015farak kullanabilmekte olup, ayn\u0131 zamanda denetim makam\u0131na (Fransa i\u00e7in CNIL) \u015fikayette bulunma hakk\u0131na da sahiptir.<\/p>\r\n<p>&nbsp;<\/p>\r\n<p><u>Ki\u015fisel verilerin g\u00fcvenli\u011fi<\/u><\/p>\r\n<p>Yay\u0131nc\u0131, Kullan\u0131c\u0131n\u0131n ki\u015fisel verilerinin g\u00fcvenli\u011fini korumak i\u00e7in gerekli t\u00fcm \u00f6nlemleri al\u0131r ve \u00f6zellikle bu verilerin bozulmas\u0131n\u0131 veya zarar g\u00f6rmesini veya yetkisiz \u00fc\u00e7\u00fcnc\u00fc taraflarca eri\u015fmesini engellemeyi ama\u00e7lar.<\/p>\r\n<p>Yay\u0131nc\u0131 Web Sitesinde https protokol\u00fcn\u00fc kullan\u0131r. Bu g\u00fcvenlik mekanizmas\u0131, g\u00fcvenilirli\u011fi ile bilinen bir \u00fc\u00e7\u00fcnc\u00fc taraf yetkili makam taraf\u0131ndan verilen bir kimlik do\u011frulama sertifikas\u0131 sayesinde Kullan\u0131c\u0131n\u0131n eri\u015fti\u011fi web sitesinin kimli\u011fini do\u011frulamas\u0131na olanak tan\u0131maktad\u0131r. Ayr\u0131ca, Kullan\u0131c\u0131 taraf\u0131ndan g\u00f6nderilen ve ileti\u015fim formuna girilen bilgiler gibi verilerin gizlili\u011fini ve b\u00fct\u00fcnl\u00fc\u011f\u00fcn\u00fc de garanti eder.<\/p>\r\n<p><strong>3 &#8211; \u00d6zel h\u00fck\u00fcmler<\/strong><\/p>\r\n<p><strong>\u00a0<\/strong>A\u015fa\u011f\u0131daki h\u00fck\u00fcmler, Web Sitesinde Yay\u0131nc\u0131 taraf\u0131ndan ger\u00e7ekle\u015ftirilen her ki\u015fisel veri i\u015fleme eylemine \u00f6zg\u00fcd\u00fcr. Bu h\u00fck\u00fcmler \u00f6zellikle:<\/p>\r\n<ul>\r\n<li>i\u015fleme operasyonunun amac\u0131<\/li>\r\n<li>yasal dayana\u011f\u0131<\/li>\r\n<li>ilgili ki\u015filer<\/li>\r\n<li>i\u015flenen ki\u015fisel veriler<\/li>\r\n<li>raf \u00f6m\u00fcrleri<\/li>\r\n<li>verinin al\u0131c\u0131lar\u0131 hakk\u0131nda detaylar\u0131 belirlemektedir.<\/li>\r\n<\/ul>\r\n<p>Bu h\u00fck\u00fcmler, Sitenin geli\u015fimine ve Site ile ba\u011flant\u0131l\u0131 olarak Yay\u0131nc\u0131 taraf\u0131ndan uygulanan i\u015fleme faaliyetlerine ba\u011fl\u0131 olarak daha sonra tamamlanabilir veya de\u011fi\u015ftirilebilir.<\/p>\r\n<p>&nbsp;<\/p>\r\n<p><u>\u0130leti\u015fim Formu<\/u><\/p>\r\n<p><em>\u0130\u015fleme operasyonunun amac\u0131<\/em><\/p>\r\n<p>Web Sitesindeki ileti\u015fim formu Kullan\u0131c\u0131n\u0131n Yay\u0131nc\u0131 ile elektronik olarak ileti\u015fim kurmas\u0131n\u0131 sa\u011flamaktad\u0131r. Ki\u015fisel verilerin bu \u015fekilde i\u015flenmesi, Yay\u0131nc\u0131n\u0131n:<\/p>\r\n<ul>\r\n<li>kendisine g\u00f6nderilen mesajlar\u0131 almas\u0131na<\/li>\r\n<li>Kullan\u0131c\u0131 ile yaz\u0131\u015fmalar\u0131 takip etmesine<\/li>\r\n<li>sa\u011fl\u0131k vijilans\u0131 y\u00fck\u00fcml\u00fcl\u00fcklerine uymas\u0131na<\/li>\r\n<li>servis istatistikleri ortaya koymas\u0131na imkan vermektedir<\/li>\r\n<\/ul>\r\n<p>\u0130\u015fleme operasyonunun yasal dayana\u011f\u0131, Yay\u0131nc\u0131n\u0131n Kullan\u0131c\u0131 ile olan ili\u015fkisinde elde etme niyetinde oldu\u011fu me\u015fru menfaatlerdir.<\/p>\r\n<p>\u0130leti\u015fimin sa\u011fl\u0131k vijilans \u00e7er\u00e7evesinin bir par\u00e7as\u0131 olmas\u0131 halinde, Kullan\u0131c\u0131n\u0131n verileri bu \u00e7er\u00e7eve i\u00e7in \u00f6zel olarak sa\u011flanan di\u011fer i\u015flemlere tabi tutulmaktad\u0131r.<\/p>\r\n<p>\u0130\u015fleme, otomatik karar almay\u0131 (profil olu\u015fturma dahil) i\u00e7ermemektedir.<\/p>\r\n<p><em>\u0130lgili ki\u015filer<\/em><\/p>\r\n<p>\u0130\u015fleme, Yay\u0131nc\u0131 ile elektronik olarak ileti\u015fim kurmak isteyen t\u00fcm Kullan\u0131c\u0131lar\u0131n yan\u0131 s\u0131ra i\u015fleme taleplerinden sorumlu Yay\u0131nc\u0131 personeli ile de ilgilidir.<\/p>\r\n<p><em>\u0130\u015flenen veriler<\/em><\/p>\r\n<ul>\r\n<li>Kullan\u0131c\u0131 kimli\u011fi ve e-posta adresi<\/li>\r\n<li>mesaj\u0131n tarihi, konusu ve metni<\/li>\r\n<li>takip<\/li>\r\n<li>aktivite istatistikleri<\/li>\r\n<\/ul>\r\n<p>Talebin uygun \u015fekilde de\u011ferlendirilmesi i\u00e7in zorunlu verilere ihtiya\u00e7 vard\u0131r. Veriler, talebin i\u015flenmesinden itibaren 5 y\u0131l s\u00fcreyle saklan\u0131r. Bununla birlikte, ileti\u015fimin sa\u011fl\u0131k vijalans\u0131 \u00e7er\u00e7evesine girmesi halinde, depolama s\u00fcresi, bu ama\u00e7 i\u00e7in \u00f6zel olarak sa\u011flanan di\u011fer i\u015flemlerde tan\u0131mlan\u0131r.<\/p>\r\n<p><em>Veri al\u0131c\u0131lar\u0131<\/em><\/p>\r\n<p>\u0130\u015fleme:<\/p>\r\n<ul>\r\n<li>Web Sitesi ile ilgili yaz\u0131\u015fmalar\u0131n i\u015flenmesinden sorumlu<\/li>\r\n<li>Web sitesinin i\u00e7eri\u011finin yay\u0131nlanmas\u0131ndan ve teknik y\u00f6netiminden sorumlu<\/li>\r\n<li>Sa\u011fl\u0131k vijilans y\u00f6netimi i\u00e7in g\u00f6revlendirilmi\u015f Yay\u0131nc\u0131 personelini ilgilendirmektedir.<\/li>\r\n<\/ul>\r\n<p>Veri al\u0131c\u0131lar\u0131 ayn\u0131 zamanda ilgili servis sa\u011flay\u0131c\u0131lar\u0131n personelidir.<\/p>\r\n<p>Avrupa Birli\u011fi d\u0131\u015f\u0131nda veri aktar\u0131m\u0131 yap\u0131lmamaktad\u0131r.<\/p>\r\n<p><u>Haber b\u00fcltenine abone olma<\/u><\/p>\r\n<p><em>\u0130\u015fleme operasyonunun amac\u0131<\/em><\/p>\r\n<p>Yay\u0131nc\u0131, Kullan\u0131c\u0131n\u0131n Web Sitesi ile ilgili haberlerden haberdar olmas\u0131 i\u00e7in Web Sitesinin b\u00fcltenine abone olmas\u0131n\u0131 sa\u011flar. Ki\u015fisel verilerin bu \u015fekilde i\u015flenmesi, Yay\u0131nc\u0131n\u0131n:<\/p>\r\n<ul>\r\n<li>abonelikleri ve elektronik postalar\u0131 y\u00f6netmesine<\/li>\r\n<li>servis istatistikleri ortaya koymas\u0131na imkan vermektedir<\/li>\r\n<\/ul>\r\n<p>\u0130\u015fleme operasyonunun yasal dayana\u011f\u0131 ilgili ki\u015finin r\u0131zas\u0131d\u0131r.<\/p>\r\n<p>Kullan\u0131c\u0131, ald\u0131\u011f\u0131 b\u00fcltendeki abonelikten \u00e7\u0131kma ba\u011flant\u0131s\u0131 arac\u0131l\u0131\u011f\u0131yla aboneli\u011fi iptal edebilir (onay\u0131n\u0131 geri \u00e7ekebilir).<\/p>\r\n<p>\u0130\u015fleme, otomatik karar almay\u0131 (profil olu\u015fturma dahil) i\u00e7ermemektedir.<\/p>\r\n<p><em>\u0130lgili ki\u015filer<\/em><\/p>\r\n<p>\u0130\u015fleme, sa\u011flad\u0131\u011f\u0131 e-posta adresine b\u00fclten almak isteyen herhangi bir Kullan\u0131c\u0131 ile ilgilidir.<\/p>\r\n<p><em>\u0130\u015flenen veriler<\/em><\/p>\r\n<ul>\r\n<li>E-posta Adresi<\/li>\r\n<li>Abonelik tarihi<\/li>\r\n<li>B\u00fclten servisi ile ilgili istatistikler<\/li>\r\n<\/ul>\r\n<p>Haber b\u00fclteninin g\u00f6nderilmesi i\u00e7in e-posta adresinin al\u0131nmas\u0131 zorunludur.<\/p>\r\n<p>Yay\u0131nc\u0131, ilgili ki\u015fi abonelikten \u00e7\u0131kmad\u0131\u011f\u0131 s\u00fcrece (b\u00fcltende bulunan abonelikten \u00e7\u0131kma ba\u011flant\u0131s\u0131 arac\u0131l\u0131\u011f\u0131yla) e-posta adresini muhafaza eder.<\/p>\r\n<p><em>Veri al\u0131c\u0131lar\u0131<\/em><\/p>\r\n<p>\u0130lgili gereksinimlerine ba\u011fl\u0131 olarak, verilerin tamam\u0131 veya bir k\u0131sm\u0131n\u0131n al\u0131c\u0131lar\u0131 a\u015fa\u011f\u0131daki \u015fekildedir:<\/p>\r\n<ul>\r\n<li>Haber b\u00fcltenine abone olunan Web sitesinin Kullan\u0131c\u0131s\u0131<\/li>\r\n<li>haber b\u00fclteni hizmetini y\u00f6netmek, i\u00e7erik yay\u0131nlamak, Web Sitesinin teknik y\u00f6netimini yapmakla g\u00f6revli Yay\u0131nc\u0131 personeli<\/li>\r\n<li>servis sa\u011flay\u0131c\u0131lar\u0131n Web Sitesi ile ilgili personeli<\/li>\r\n<\/ul>\r\n<p>Haber b\u00fclteni hizmeti \u00fc\u00e7\u00fcnc\u00fc bir taraf\u00e7a sa\u011flanabilece\u011finden, veriler Avrupa Birli\u011fi d\u0131\u015f\u0131nda iletilebilir.<\/p>\r\n<p><u>K\u0131s\u0131tl\u0131 eri\u015fim<\/u><\/p>\r\n<p><em>\u0130\u015fleme operasyonunun amac\u0131<\/em><\/p>\r\n<p>Yay\u0131nc\u0131 Kullan\u0131c\u0131n\u0131n ki\u015fiselle\u015ftirilmi\u015f i\u00e7erikten yararlanmak amac\u0131yla bir kullan\u0131c\u0131 ad\u0131 ve \u015fifre kullanarak Web Sitesine ba\u011flanmas\u0131na izin verir. Duruma ba\u011fl\u0131 olarak, Yay\u0131nc\u0131n\u0131n:<\/p>\r\n<ul>\r\n<li>ileti\u015fimi ki\u015fiselle\u015ftirmesine<\/li>\r\n<li>bir e-ticaret web sitesi s\u00f6z konusu oldu\u011funda bir sipari\u015f ortam\u0131 sunmas\u0131na (al\u0131\u015fveri\u015f sepeti ve sipari\u015f ge\u00e7mi\u015fi, \u00f6deme mod\u00fcl\u00fc, fatura ge\u00e7mi\u015fi, sponsorluk vb.),<\/li>\r\n<li>bir e-\u00f6\u011frenme web sitesi s\u00f6z konusu oldu\u011funda bir e-\u00f6\u011frenme ortam\u0131 (e\u011fitim mod\u00fclleri, de\u011ferlendirme anketleri, k\u0131sa s\u0131navlar, oyunlar vb.) sunmas\u0131na,<\/li>\r\n<li>sunulan i\u00e7erik \/ hizmetlerle ilgili istatistikleri haz\u0131rlamas\u0131na,<\/li>\r\n<li>imkan vermektedir.<\/li>\r\n<\/ul>\r\n<p>\u0130\u015fleme operasyonunun yasal dayana\u011f\u0131, Yay\u0131nc\u0131n\u0131n Kullan\u0131c\u0131 ile olan ili\u015fkisinde elde etme niyetinde oldu\u011fu me\u015fru menfaatlerdir.<\/p>\r\n<p>\u0130\u015fleme, otomatik karar almay\u0131 (profil olu\u015fturma dahil) i\u00e7ermemektedir.<\/p>\r\n<p><em>\u0130lgili ki\u015filer<\/em><\/p>\r\n<p>\u0130\u015fleme, sitede ki\u015fisel hesab\u0131 olan t\u00fcm Kullan\u0131c\u0131larla ilgilidir.<\/p>\r\n<p><em>\u0130\u015flenen veriler<\/em><\/p>\r\n<ul>\r\n<li>Ad\u0131 ve soyad\u0131<\/li>\r\n<li>E-posta Adresi<\/li>\r\n<li>Oturum a\u00e7ma kimli\u011fi ve parolas\u0131<\/li>\r\n<li>Sunulan i\u00e7erik \/ hizmetler hakk\u0131nda bilgi<\/li>\r\n<li>\u0130statistiki bilgi<\/li>\r\n<li>Ba\u011flant\u0131 g\u00fcnl\u00fc\u011f\u00fc bilgileri<\/li>\r\n<\/ul>\r\n<p>Ki\u015fisel hesab\u0131n \u00e7al\u0131\u015fmas\u0131 i\u00e7in e-posta adresi, oturum a\u00e7ma kimli\u011fi ve parola zorunludur.<\/p>\r\n<p>Veriler, Kullan\u0131c\u0131n\u0131n son giri\u015finden sonra en fazla 3 y\u0131l saklan\u0131r.<\/p>\r\n<p><em>Veri al\u0131c\u0131lar\u0131<\/em><u><\/u><\/p>\r\n<p>\u0130lgili gereksinimlerine ba\u011fl\u0131 olarak, verilerin tamam\u0131 veya bir k\u0131sm\u0131n\u0131n al\u0131c\u0131lar\u0131 a\u015fa\u011f\u0131daki \u015fekildedir:<\/p>\r\n<ul>\r\n<li>Ki\u015fisel bir hesab\u0131 olan Web Sitesi Kullan\u0131c\u0131s\u0131,<\/li>\r\n<li>Web sitesinin i\u00e7eri\u011fini \/ ki\u015fiselle\u015ftirilmi\u015f hizmetlerini ve teknik y\u00f6netimini y\u00f6netmekten sorumlu Yay\u0131nc\u0131 personeli,<\/li>\r\n<li>Sitenin ilgili hizmet sa\u011flay\u0131c\u0131lar\u0131n\u0131n personeli.<\/li>\r\n<\/ul>\r\n<p>Baz\u0131 ki\u015fiselle\u015ftirilmi\u015f i\u00e7erikler \u00fc\u00e7\u00fcnc\u00fc taraf bir kurulu\u015f taraf\u0131ndan sa\u011flanabilece\u011finden, veriler Avrupa Birli\u011fi d\u0131\u015f\u0131nda iletilebilir.<\/p>\r\n<p><u>\u00c7erez y\u00f6netimi<\/u><\/p>\r\n<p>\u00c7erezlerin y\u00f6netimi, Web Sitesindeki <a href=\"https:\/\/www.symbiosys.com\/tr\/cerez-politikasi\/\"><u>\u00e7erez politikas\u0131nda<\/u><\/a> a\u00e7\u0131kland\u0131\u011f\u0131 \u00fczere \u00f6zel bir ki\u015fisel veri i\u015flenme y\u00f6netimidir.<\/p>\r\n","protected":false},"excerpt":{"rendered":"<p>www.symbiosys.com\/tr Web sitesine aittir.(31-07-2020 tarihinde g\u00fcncellenmi\u015ftir) 1 &#8211; Giri\u015f Beyanlar\u0131 \u0130\u015fbu belgede tarif edilen veri koruma politikas\u0131 [web sitesinin ad\u0131] isimli web sitesi (bundan sonra &#8220;Web Sitesi&#8221; olarak an\u0131lacakt\u0131r) i\u00e7in ge\u00e7erlidir. Amac\u0131, Web Sitesini kullanan ki\u015fiyi (bundan sonra &#8220;Kullan\u0131c\u0131&#8221; olarak an\u0131lacakt\u0131r) BIOCODEX SAS (bundan sonra &#8220;Yay\u0131nc\u0131&#8221; olarak an\u0131lacakt\u0131r) \u015firketi taraf\u0131ndan kullan\u0131c\u0131 hakk\u0131ndaki verilerin i\u015flenmesi, kullan\u0131c\u0131n\u0131n &hellip; <a href=\"https:\/\/www.inbiotys.com\/tr\/veri-koruma-politikasi\/\">Continued<\/a><\/p>\n","protected":false},"author":40,"featured_media":0,"parent":0,"menu_order":0,"comment_status":"closed","ping_status":"closed","template":"views\/template-legal.blade.php","meta":{"footnotes":""},"class_list":["post-93790","page","type-page","status-publish","hentry"],"acf":[],"yoast_head":"<!-- This site is optimized with the Yoast SEO plugin v27.3 - https:\/\/yoast.com\/product\/yoast-seo-wordpress\/ -->\n<title>\u00c7erez Politikas\u0131-Giri\u015f Beyanlar\u0131-Symbiosys<\/title>\n<meta name=\"description\" content=\"\u00c7erez Politikas\u0131 hakk\u0131nda detayl\u0131 bilgi almak isterseniz bu sayfay\u0131 ziyaret edebilirsiniz.\" \/>\n<meta name=\"robots\" content=\"noindex, follow\" \/>\n<meta property=\"og:locale\" content=\"tr_TR\" \/>\n<meta property=\"og:type\" content=\"article\" \/>\n<meta property=\"og:title\" content=\"\u00c7erez Politikas\u0131-Giri\u015f Beyanlar\u0131-Symbiosys\" \/>\n<meta property=\"og:description\" content=\"\u00c7erez Politikas\u0131 hakk\u0131nda detayl\u0131 bilgi almak isterseniz bu sayfay\u0131 ziyaret edebilirsiniz.\" \/>\n<meta property=\"og:url\" content=\"https:\/\/www.inbiotys.com\/tr\/veri-koruma-politikasi\/\" \/>\n<meta property=\"og:site_name\" content=\"Symbiosys\" \/>\n<meta property=\"article:modified_time\" content=\"2024-06-03T12:51:14+00:00\" \/>\n<meta name=\"twitter:card\" content=\"summary_large_image\" \/>\n<meta name=\"twitter:label1\" content=\"Est. reading time\" \/>\n\t<meta name=\"twitter:data1\" content=\"5 dakika\" \/>\n<script type=\"application\/ld+json\" class=\"yoast-schema-graph\">{\"@context\":\"https:\\\/\\\/schema.org\",\"@graph\":[{\"@type\":\"WebPage\",\"@id\":\"https:\\\/\\\/www.inbiotys.com\\\/tr\\\/veri-koruma-politikasi\\\/\",\"url\":\"https:\\\/\\\/www.inbiotys.com\\\/tr\\\/veri-koruma-politikasi\\\/\",\"name\":\"\u00c7erez Politikas\u0131-Giri\u015f Beyanlar\u0131-Symbiosys\",\"isPartOf\":{\"@id\":\"https:\\\/\\\/www.inbiotys.com\\\/tr\\\/#website\"},\"datePublished\":\"2021-02-28T14:36:40+00:00\",\"dateModified\":\"2024-06-03T12:51:14+00:00\",\"description\":\"\u00c7erez Politikas\u0131 hakk\u0131nda detayl\u0131 bilgi almak isterseniz bu sayfay\u0131 ziyaret edebilirsiniz.\",\"breadcrumb\":{\"@id\":\"https:\\\/\\\/www.inbiotys.com\\\/tr\\\/veri-koruma-politikasi\\\/#breadcrumb\"},\"inLanguage\":\"tr\",\"potentialAction\":[{\"@type\":\"ReadAction\",\"target\":[\"https:\\\/\\\/www.inbiotys.com\\\/tr\\\/veri-koruma-politikasi\\\/\"]}]},{\"@type\":\"BreadcrumbList\",\"@id\":\"https:\\\/\\\/www.inbiotys.com\\\/tr\\\/veri-koruma-politikasi\\\/#breadcrumb\",\"itemListElement\":[{\"@type\":\"ListItem\",\"position\":1,\"name\":\"Home\",\"item\":\"https:\\\/\\\/www.symbiosys.com\\\/tr\\\/\"},{\"@type\":\"ListItem\",\"position\":2,\"name\":\"Veri Koruma Politikas\u0131\"}]},{\"@type\":\"WebSite\",\"@id\":\"https:\\\/\\\/www.inbiotys.com\\\/tr\\\/#website\",\"url\":\"https:\\\/\\\/www.inbiotys.com\\\/tr\\\/\",\"name\":\"Symbiosys\",\"description\":\"YA\u015eAM \u0130\u00c7\u0130N M\u0130KROB\u0130YOTA\",\"potentialAction\":[{\"@type\":\"SearchAction\",\"target\":{\"@type\":\"EntryPoint\",\"urlTemplate\":\"https:\\\/\\\/www.inbiotys.com\\\/tr\\\/?s={search_term_string}\"},\"query-input\":{\"@type\":\"PropertyValueSpecification\",\"valueRequired\":true,\"valueName\":\"search_term_string\"}}],\"inLanguage\":\"tr\"}]}<\/script>\n<!-- \/ Yoast SEO plugin. -->","yoast_head_json":{"title":"\u00c7erez Politikas\u0131-Giri\u015f Beyanlar\u0131-Symbiosys","description":"\u00c7erez Politikas\u0131 hakk\u0131nda detayl\u0131 bilgi almak isterseniz bu sayfay\u0131 ziyaret edebilirsiniz.","robots":{"index":"noindex","follow":"follow"},"og_locale":"tr_TR","og_type":"article","og_title":"\u00c7erez Politikas\u0131-Giri\u015f Beyanlar\u0131-Symbiosys","og_description":"\u00c7erez Politikas\u0131 hakk\u0131nda detayl\u0131 bilgi almak isterseniz bu sayfay\u0131 ziyaret edebilirsiniz.","og_url":"https:\/\/www.inbiotys.com\/tr\/veri-koruma-politikasi\/","og_site_name":"Symbiosys","article_modified_time":"2024-06-03T12:51:14+00:00","twitter_card":"summary_large_image","twitter_misc":{"Est. reading time":"5 dakika"},"schema":{"@context":"https:\/\/schema.org","@graph":[{"@type":"WebPage","@id":"https:\/\/www.inbiotys.com\/tr\/veri-koruma-politikasi\/","url":"https:\/\/www.inbiotys.com\/tr\/veri-koruma-politikasi\/","name":"\u00c7erez Politikas\u0131-Giri\u015f Beyanlar\u0131-Symbiosys","isPartOf":{"@id":"https:\/\/www.inbiotys.com\/tr\/#website"},"datePublished":"2021-02-28T14:36:40+00:00","dateModified":"2024-06-03T12:51:14+00:00","description":"\u00c7erez Politikas\u0131 hakk\u0131nda detayl\u0131 bilgi almak isterseniz bu sayfay\u0131 ziyaret edebilirsiniz.","breadcrumb":{"@id":"https:\/\/www.inbiotys.com\/tr\/veri-koruma-politikasi\/#breadcrumb"},"inLanguage":"tr","potentialAction":[{"@type":"ReadAction","target":["https:\/\/www.inbiotys.com\/tr\/veri-koruma-politikasi\/"]}]},{"@type":"BreadcrumbList","@id":"https:\/\/www.inbiotys.com\/tr\/veri-koruma-politikasi\/#breadcrumb","itemListElement":[{"@type":"ListItem","position":1,"name":"Home","item":"https:\/\/www.symbiosys.com\/tr\/"},{"@type":"ListItem","position":2,"name":"Veri Koruma Politikas\u0131"}]},{"@type":"WebSite","@id":"https:\/\/www.inbiotys.com\/tr\/#website","url":"https:\/\/www.inbiotys.com\/tr\/","name":"Symbiosys","description":"YA\u015eAM \u0130\u00c7\u0130N M\u0130KROB\u0130YOTA","potentialAction":[{"@type":"SearchAction","target":{"@type":"EntryPoint","urlTemplate":"https:\/\/www.inbiotys.com\/tr\/?s={search_term_string}"},"query-input":{"@type":"PropertyValueSpecification","valueRequired":true,"valueName":"search_term_string"}}],"inLanguage":"tr"}]}},"_links":{"self":[{"href":"https:\/\/www.inbiotys.com\/tr\/wp-json\/wp\/v2\/pages\/93790","targetHints":{"allow":["GET"]}}],"collection":[{"href":"https:\/\/www.inbiotys.com\/tr\/wp-json\/wp\/v2\/pages"}],"about":[{"href":"https:\/\/www.inbiotys.com\/tr\/wp-json\/wp\/v2\/types\/page"}],"author":[{"embeddable":true,"href":"https:\/\/www.inbiotys.com\/tr\/wp-json\/wp\/v2\/users\/40"}],"replies":[{"embeddable":true,"href":"https:\/\/www.inbiotys.com\/tr\/wp-json\/wp\/v2\/comments?post=93790"}],"version-history":[{"count":3,"href":"https:\/\/www.inbiotys.com\/tr\/wp-json\/wp\/v2\/pages\/93790\/revisions"}],"predecessor-version":[{"id":98163,"href":"https:\/\/www.inbiotys.com\/tr\/wp-json\/wp\/v2\/pages\/93790\/revisions\/98163"}],"wp:attachment":[{"href":"https:\/\/www.inbiotys.com\/tr\/wp-json\/wp\/v2\/media?parent=93790"}],"curies":[{"name":"wp","href":"https:\/\/api.w.org\/{rel}","templated":true}]}}